{"id":993,"date":"2025-12-19T10:19:50","date_gmt":"2025-12-19T09:19:50","guid":{"rendered":"https:\/\/syntaco.artneo.pl\/produkt\/q8-rembrandt-ep-00-18kg\/"},"modified":"2026-03-28T08:32:07","modified_gmt":"2026-03-28T07:32:07","slug":"q8-rembrandt-ep-00-18kg","status":"publish","type":"product","link":"https:\/\/syntaco.pl\/sklep\/produkt\/q8-rembrandt-ep-00-18kg\/","title":{"rendered":"Q8 Rembrandt EP 00 &#8211; 18kg"},"content":{"rendered":"<p>Uniwersalny smar litowy z dodatkiem EP w celu zapewnienia doskona\u0142ej ochrony przed zu\u017cyciem \u0142o\u017cysk \u015blizgowych i tocznych pracuj\u0105cych pod du\u017cym lub udarowym obci\u0105\u017ceniem. Q8 Rembrandt EP zapewnia d\u0142ugi okres eksploatacji i ochron\u0119 antykorozyjn\u0105 w \u015brodowisku z obecno\u015bci\u0105 wody.<br \/>\nSpecyfikacje i aprobaty:<br \/>\nDIN 51502 KP00K-30 , KP0K-30; ISO 6743 ISO-L-XCCHB00, ISO-L-XCCFB0<\/p>\n","protected":false},"excerpt":{"rendered":"<p>Uniwersalny smar litowy z dodatkiem EP w celu zapewnienia doskona\u0142ej ochrony przed zu\u017cyciem \u0142o\u017cysk \u015blizgowych i tocznych pracuj\u0105cych pod du\u017cym lub udarowym obci\u0105\u017ceniem. Q8 Rembrandt EP zapewnia d\u0142ugi okres eksploatacji i ochron\u0119 antykorozyjn\u0105 w \u015brodowisku z obecno\u015bci\u0105 wody. Specyfikacje i aprobaty: DIN 51502 KP00K-30 , KP0K-30; ISO 6743 ISO-L-XCCHB00, ISO-L-XCCFB0<\/p>\n","protected":false},"featured_media":992,"template":"","meta":{"_acf_changed":false},"product_brand":[49],"product_cat":[30,31],"product_tag":[],"class_list":{"0":"post-993","1":"product","2":"type-product","3":"status-publish","4":"has-post-thumbnail","6":"product_brand-kuwait-petroleum-belgium-n-v-s-a","7":"product_cat-produkty","8":"product_cat-smary","10":"first","11":"instock","12":"shipping-taxable","13":"purchasable","14":"product-type-simple"},"acf":[],"_links":{"self":[{"href":"https:\/\/syntaco.pl\/sklep\/wp-json\/wp\/v2\/product\/993","targetHints":{"allow":["GET"]}}],"collection":[{"href":"https:\/\/syntaco.pl\/sklep\/wp-json\/wp\/v2\/product"}],"about":[{"href":"https:\/\/syntaco.pl\/sklep\/wp-json\/wp\/v2\/types\/product"}],"wp:featuredmedia":[{"embeddable":true,"href":"https:\/\/syntaco.pl\/sklep\/wp-json\/wp\/v2\/media\/992"}],"wp:attachment":[{"href":"https:\/\/syntaco.pl\/sklep\/wp-json\/wp\/v2\/media?parent=993"}],"wp:term":[{"taxonomy":"product_brand","embeddable":true,"href":"https:\/\/syntaco.pl\/sklep\/wp-json\/wp\/v2\/product_brand?post=993"},{"taxonomy":"product_cat","embeddable":true,"href":"https:\/\/syntaco.pl\/sklep\/wp-json\/wp\/v2\/product_cat?post=993"},{"taxonomy":"product_tag","embeddable":true,"href":"https:\/\/syntaco.pl\/sklep\/wp-json\/wp\/v2\/product_tag?post=993"}],"curies":[{"name":"wp","href":"https:\/\/api.w.org\/{rel}","templated":true}]}}