{"id":979,"date":"2025-12-19T10:19:38","date_gmt":"2025-12-19T09:19:38","guid":{"rendered":"https:\/\/syntaco.artneo.pl\/produkt\/q8-f-ultra-h-0w-16-1l\/"},"modified":"2026-04-15T09:42:51","modified_gmt":"2026-04-15T07:42:51","slug":"q8-f-ultra-h-0w-16-1l","status":"publish","type":"product","link":"https:\/\/syntaco.pl\/sklep\/produkt\/q8-f-ultra-h-0w-16-1l\/","title":{"rendered":"Q8 F Ultra H 0W-16 &#8211; 1L"},"content":{"rendered":"<p>Q8 Formula Ultra H 0W-16 to wyj\u0105tkowy olej silnikowy do samochod\u00f3w osobowych, opracowany z my\u015bl\u0105 o zapewnieniu najlepszej ochrony silnika oraz oszcz\u0119dno\u015bci paliwa nawet do 2%.<br \/>\nKorzy\u015bci<br \/>\n\u2022\tZmniejszenie zu\u017cycia paliwa do 2%.<br \/>\n\u2022\tZnakomita ochrona zimnego silnika<br \/>\n\u2022\tZnakomite osi\u0105gi silnika w r\u00f3\u017cnych warunkach jazdy<br \/>\n\u2022\tWyd\u0142u\u017cony okres pomi\u0119dzy wymianami<br \/>\n\u2022\tDoskona\u0142a ochrona przed rdz\u0105 i korozj\u0105<br \/>\nSpecyfikacje i aprobaty : API SN, API SP, ILSAC GF-68<\/p>\n","protected":false},"excerpt":{"rendered":"<p>Q8 Formula Ultra H 0W-16 to wyj\u0105tkowy olej silnikowy do samochod\u00f3w osobowych, opracowany z my\u015bl\u0105 o zapewnieniu najlepszej ochrony silnika oraz oszcz\u0119dno\u015bci paliwa nawet do 2%. Korzy\u015bci \u2022 Zmniejszenie zu\u017cycia paliwa do 2%. \u2022 Znakomita ochrona zimnego silnika \u2022 Znakomite osi\u0105gi silnika w r\u00f3\u017cnych warunkach jazdy \u2022 Wyd\u0142u\u017cony okres pomi\u0119dzy wymianami \u2022 Doskona\u0142a ochrona przed [&hellip;]<\/p>\n","protected":false},"featured_media":978,"template":"","meta":{"_acf_changed":false},"product_brand":[49],"product_cat":[59],"product_tag":[],"class_list":{"0":"post-979","1":"product","2":"type-product","3":"status-publish","4":"has-post-thumbnail","6":"product_brand-kuwait-petroleum-belgium-n-v-s-a","7":"product_cat-oleje-silnikowe","9":"first","10":"instock","11":"shipping-taxable","12":"purchasable","13":"product-type-simple"},"acf":[],"_links":{"self":[{"href":"https:\/\/syntaco.pl\/sklep\/wp-json\/wp\/v2\/product\/979","targetHints":{"allow":["GET"]}}],"collection":[{"href":"https:\/\/syntaco.pl\/sklep\/wp-json\/wp\/v2\/product"}],"about":[{"href":"https:\/\/syntaco.pl\/sklep\/wp-json\/wp\/v2\/types\/product"}],"wp:featuredmedia":[{"embeddable":true,"href":"https:\/\/syntaco.pl\/sklep\/wp-json\/wp\/v2\/media\/978"}],"wp:attachment":[{"href":"https:\/\/syntaco.pl\/sklep\/wp-json\/wp\/v2\/media?parent=979"}],"wp:term":[{"taxonomy":"product_brand","embeddable":true,"href":"https:\/\/syntaco.pl\/sklep\/wp-json\/wp\/v2\/product_brand?post=979"},{"taxonomy":"product_cat","embeddable":true,"href":"https:\/\/syntaco.pl\/sklep\/wp-json\/wp\/v2\/product_cat?post=979"},{"taxonomy":"product_tag","embeddable":true,"href":"https:\/\/syntaco.pl\/sklep\/wp-json\/wp\/v2\/product_tag?post=979"}],"curies":[{"name":"wp","href":"https:\/\/api.w.org\/{rel}","templated":true}]}}