{"id":977,"date":"2025-12-19T10:19:37","date_gmt":"2025-12-19T09:19:37","guid":{"rendered":"https:\/\/syntaco.artneo.pl\/produkt\/q8-f-ultra-v-0w-20-1l\/"},"modified":"2026-04-15T09:42:50","modified_gmt":"2026-04-15T07:42:50","slug":"q8-f-ultra-v-0w-20-1l","status":"publish","type":"product","link":"https:\/\/syntaco.pl\/sklep\/produkt\/q8-f-ultra-v-0w-20-1l\/","title":{"rendered":"Q8 F Ultra V 0W-20 &#8211; 1L"},"content":{"rendered":"<p>Q8 Formula Ultra V 0W-20 to niskopopio\u0142owy olej do silnik\u00f3w Volvo Euro 6 z udowodnionym ograniczeniem zu\u017cycia paliwa do 3,4%, wyd\u0142u\u017conym okresem pomi\u0119dzy wymianami oraz zapewniaj\u0105cy ochron\u0119 przed zu\u017cyciem, rdz\u0105 i powstawianiem osad\u00f3w.<br \/>\nKorzy\u015bci<br \/>\n\u2022\tOgraniczenie zu\u017cycia paliwa a\u017c do 3.4%.<br \/>\n\u2022\tDoskona\u0142a ochrona zimnego silnika.<br \/>\n\u2022\tDoskona\u0142a ochrona katalizatora i filtra cz\u0105stek sta\u0142ych.<br \/>\n\u2022\tWyd\u0142u\u017cony okres pomi\u0119dzy wymianami<br \/>\n\u2022\tDoskona\u0142a wytrzyma\u0142o\u015b\u0107 warstwy oleju we wszystkich warunkach pracy silnika.<br \/>\nSpecyfikacjei aprobaty : ACEA C5, Volvo VCC RBSO-2AE<\/p>\n","protected":false},"excerpt":{"rendered":"<p>Q8 Formula Ultra V 0W-20 to niskopopio\u0142owy olej do silnik\u00f3w Volvo Euro 6 z udowodnionym ograniczeniem zu\u017cycia paliwa do 3,4%, wyd\u0142u\u017conym okresem pomi\u0119dzy wymianami oraz zapewniaj\u0105cy ochron\u0119 przed zu\u017cyciem, rdz\u0105 i powstawianiem osad\u00f3w. Korzy\u015bci \u2022 Ograniczenie zu\u017cycia paliwa a\u017c do 3.4%. \u2022 Doskona\u0142a ochrona zimnego silnika. \u2022 Doskona\u0142a ochrona katalizatora i filtra cz\u0105stek sta\u0142ych. \u2022 [&hellip;]<\/p>\n","protected":false},"featured_media":976,"template":"","meta":{"_acf_changed":false},"product_brand":[49],"product_cat":[59],"product_tag":[],"class_list":{"0":"post-977","1":"product","2":"type-product","3":"status-publish","4":"has-post-thumbnail","6":"product_brand-kuwait-petroleum-belgium-n-v-s-a","7":"product_cat-oleje-silnikowe","9":"first","10":"instock","11":"shipping-taxable","12":"purchasable","13":"product-type-simple"},"acf":[],"_links":{"self":[{"href":"https:\/\/syntaco.pl\/sklep\/wp-json\/wp\/v2\/product\/977","targetHints":{"allow":["GET"]}}],"collection":[{"href":"https:\/\/syntaco.pl\/sklep\/wp-json\/wp\/v2\/product"}],"about":[{"href":"https:\/\/syntaco.pl\/sklep\/wp-json\/wp\/v2\/types\/product"}],"wp:featuredmedia":[{"embeddable":true,"href":"https:\/\/syntaco.pl\/sklep\/wp-json\/wp\/v2\/media\/976"}],"wp:attachment":[{"href":"https:\/\/syntaco.pl\/sklep\/wp-json\/wp\/v2\/media?parent=977"}],"wp:term":[{"taxonomy":"product_brand","embeddable":true,"href":"https:\/\/syntaco.pl\/sklep\/wp-json\/wp\/v2\/product_brand?post=977"},{"taxonomy":"product_cat","embeddable":true,"href":"https:\/\/syntaco.pl\/sklep\/wp-json\/wp\/v2\/product_cat?post=977"},{"taxonomy":"product_tag","embeddable":true,"href":"https:\/\/syntaco.pl\/sklep\/wp-json\/wp\/v2\/product_tag?post=977"}],"curies":[{"name":"wp","href":"https:\/\/api.w.org\/{rel}","templated":true}]}}