{"id":971,"date":"2025-12-19T10:19:31","date_gmt":"2025-12-19T09:19:31","guid":{"rendered":"https:\/\/syntaco.artneo.pl\/produkt\/q8-f-techno-eco-0w-30-1l\/"},"modified":"2026-04-15T09:42:49","modified_gmt":"2026-04-15T07:42:49","slug":"q8-f-techno-eco-0w-30-1l","status":"publish","type":"product","link":"https:\/\/syntaco.pl\/sklep\/produkt\/q8-f-techno-eco-0w-30-1l\/","title":{"rendered":"Q8 F Techno Eco 0W-30 &#8211; 1L"},"content":{"rendered":"<p>Q8 Formula Techno Eco 0W-30 to olej silnikowy o doskona\u0142ych parametrach i zapewniaj\u0105cy ochron\u0119 przed zu\u017cyciem silnika. Spe\u0142nia wymagania specyfikacji Ford WSS-M2C-950A i ACEA C2.<br \/>\nKorzy\u015bci<br \/>\n\u2022\tOgraniczenie zu\u017cycia paliwa o 2,5% lub wi\u0119cej<br \/>\n\u2022\tNajlepsza w swojej klasie ochrona przed zu\u017cyciem zapewniaj\u0105ca d\u0142ug\u0105 \u017cywotno\u015b\u0107 silnika<br \/>\n\u2022\tDoskona\u0142a ochrona uk\u0142adu oczyszczania spalin<br \/>\n\u2022\tBardzo dobra kompatybilno\u015b\u0107 z biodieslem dzi\u0119ki ulepszonej stabilno\u015bci oksydacyjnej.<br \/>\n\u2022\tNajlepsza w swojej klasie ochrona przed zu\u017cyciem zapewnia d\u0142ug\u0105 trwa\u0142o\u015b\u0107 silnika.<br \/>\nSpecyfikacje i aprobaty : ACEA C2, Fiat 9.55535-DS1, Fiat 9.55535GS1, Ford M2C959-A, Jaguar Land Rover STJLR.03.5007<\/p>\n","protected":false},"excerpt":{"rendered":"<p>Q8 Formula Techno Eco 0W-30 to olej silnikowy o doskona\u0142ych parametrach i zapewniaj\u0105cy ochron\u0119 przed zu\u017cyciem silnika. Spe\u0142nia wymagania specyfikacji Ford WSS-M2C-950A i ACEA C2. Korzy\u015bci \u2022 Ograniczenie zu\u017cycia paliwa o 2,5% lub wi\u0119cej \u2022 Najlepsza w swojej klasie ochrona przed zu\u017cyciem zapewniaj\u0105ca d\u0142ug\u0105 \u017cywotno\u015b\u0107 silnika \u2022 Doskona\u0142a ochrona uk\u0142adu oczyszczania spalin \u2022 Bardzo dobra [&hellip;]<\/p>\n","protected":false},"featured_media":970,"template":"","meta":{"_acf_changed":false},"product_brand":[49],"product_cat":[59],"product_tag":[],"class_list":{"0":"post-971","1":"product","2":"type-product","3":"status-publish","4":"has-post-thumbnail","6":"product_brand-kuwait-petroleum-belgium-n-v-s-a","7":"product_cat-oleje-silnikowe","9":"first","10":"instock","11":"shipping-taxable","12":"purchasable","13":"product-type-simple"},"acf":[],"_links":{"self":[{"href":"https:\/\/syntaco.pl\/sklep\/wp-json\/wp\/v2\/product\/971","targetHints":{"allow":["GET"]}}],"collection":[{"href":"https:\/\/syntaco.pl\/sklep\/wp-json\/wp\/v2\/product"}],"about":[{"href":"https:\/\/syntaco.pl\/sklep\/wp-json\/wp\/v2\/types\/product"}],"wp:featuredmedia":[{"embeddable":true,"href":"https:\/\/syntaco.pl\/sklep\/wp-json\/wp\/v2\/media\/970"}],"wp:attachment":[{"href":"https:\/\/syntaco.pl\/sklep\/wp-json\/wp\/v2\/media?parent=971"}],"wp:term":[{"taxonomy":"product_brand","embeddable":true,"href":"https:\/\/syntaco.pl\/sklep\/wp-json\/wp\/v2\/product_brand?post=971"},{"taxonomy":"product_cat","embeddable":true,"href":"https:\/\/syntaco.pl\/sklep\/wp-json\/wp\/v2\/product_cat?post=971"},{"taxonomy":"product_tag","embeddable":true,"href":"https:\/\/syntaco.pl\/sklep\/wp-json\/wp\/v2\/product_tag?post=971"}],"curies":[{"name":"wp","href":"https:\/\/api.w.org\/{rel}","templated":true}]}}