{"id":965,"date":"2025-12-19T10:19:20","date_gmt":"2025-12-19T09:19:20","guid":{"rendered":"https:\/\/syntaco.artneo.pl\/produkt\/q8-f-r-long-life-5w-30-60l\/"},"modified":"2026-04-15T09:42:48","modified_gmt":"2026-04-15T07:42:48","slug":"q8-f-r-long-life-5w-30-60l","status":"publish","type":"product","link":"https:\/\/syntaco.pl\/sklep\/produkt\/q8-f-r-long-life-5w-30-60l\/","title":{"rendered":"Q8 F R Long Life 5W-30 &#8211; 60L"},"content":{"rendered":"<p>Q8 Formula R Long Life 5W-30 to niskopopio\u0142owy olej silnikowy do samochod\u00f3w osobowych zapewniaj\u0105cy doskona\u0142\u0105 czysto\u015b\u0107 i ochron\u0119 silnika. Przewy\u017csza wymagania ACEA C4.<br \/>\nKorzy\u015bci<br \/>\n\u2022\tMniejsze zu\u017cycie paliwa.<br \/>\n\u2022\tDoskona\u0142a ochrona przed zu\u017cyciem zapewnia d\u0142ug\u0105 \u017cywotno\u015b\u0107 silnika.<br \/>\n\u2022\tZnakomita ochrona katalizatora i filtra cz\u0105stek sta\u0142ych.<br \/>\n\u2022\tDoskona\u0142a czysto\u015b\u0107 silnika zwi\u0119ksza jego trwa\u0142o\u015b\u0107.<br \/>\nSpecyfikacje i aprobaty: ACEA C4, MB 226.51, Renault RN 0720<\/p>\n","protected":false},"excerpt":{"rendered":"<p>Q8 Formula R Long Life 5W-30 to niskopopio\u0142owy olej silnikowy do samochod\u00f3w osobowych zapewniaj\u0105cy doskona\u0142\u0105 czysto\u015b\u0107 i ochron\u0119 silnika. Przewy\u017csza wymagania ACEA C4. Korzy\u015bci \u2022 Mniejsze zu\u017cycie paliwa. \u2022 Doskona\u0142a ochrona przed zu\u017cyciem zapewnia d\u0142ug\u0105 \u017cywotno\u015b\u0107 silnika. \u2022 Znakomita ochrona katalizatora i filtra cz\u0105stek sta\u0142ych. \u2022 Doskona\u0142a czysto\u015b\u0107 silnika zwi\u0119ksza jego trwa\u0142o\u015b\u0107. Specyfikacje i aprobaty: [&hellip;]<\/p>\n","protected":false},"featured_media":964,"template":"","meta":{"_acf_changed":false},"product_brand":[49],"product_cat":[59],"product_tag":[],"class_list":{"0":"post-965","1":"product","2":"type-product","3":"status-publish","4":"has-post-thumbnail","6":"product_brand-kuwait-petroleum-belgium-n-v-s-a","7":"product_cat-oleje-silnikowe","9":"first","10":"instock","11":"shipping-taxable","12":"purchasable","13":"product-type-simple"},"acf":[],"_links":{"self":[{"href":"https:\/\/syntaco.pl\/sklep\/wp-json\/wp\/v2\/product\/965","targetHints":{"allow":["GET"]}}],"collection":[{"href":"https:\/\/syntaco.pl\/sklep\/wp-json\/wp\/v2\/product"}],"about":[{"href":"https:\/\/syntaco.pl\/sklep\/wp-json\/wp\/v2\/types\/product"}],"wp:featuredmedia":[{"embeddable":true,"href":"https:\/\/syntaco.pl\/sklep\/wp-json\/wp\/v2\/media\/964"}],"wp:attachment":[{"href":"https:\/\/syntaco.pl\/sklep\/wp-json\/wp\/v2\/media?parent=965"}],"wp:term":[{"taxonomy":"product_brand","embeddable":true,"href":"https:\/\/syntaco.pl\/sklep\/wp-json\/wp\/v2\/product_brand?post=965"},{"taxonomy":"product_cat","embeddable":true,"href":"https:\/\/syntaco.pl\/sklep\/wp-json\/wp\/v2\/product_cat?post=965"},{"taxonomy":"product_tag","embeddable":true,"href":"https:\/\/syntaco.pl\/sklep\/wp-json\/wp\/v2\/product_tag?post=965"}],"curies":[{"name":"wp","href":"https:\/\/api.w.org\/{rel}","templated":true}]}}