{"id":949,"date":"2025-12-19T10:19:08","date_gmt":"2025-12-19T09:19:08","guid":{"rendered":"https:\/\/syntaco.artneo.pl\/produkt\/q8-f-exclusive-eco-5w-20-208l\/"},"modified":"2026-03-28T08:31:54","modified_gmt":"2026-03-28T07:31:54","slug":"q8-f-exclusive-eco-5w-20-208l","status":"publish","type":"product","link":"https:\/\/syntaco.pl\/sklep\/produkt\/q8-f-exclusive-eco-5w-20-208l\/","title":{"rendered":"Q8 F Exclusive Eco 5W-20 &#8211; 208L"},"content":{"rendered":"<p>Q8 Formula Exclusive Eco 5W-20 to doskona\u0142y olej silnikowy z udowodnionym ograniczeniem zu\u017cycia paliwa o wi\u0119cej ni\u017c 3,6%. Spe\u0142nia wymagania specyfikacji Ford WSS M2C 948-B.<br \/>\nKorzy\u015bci:<br \/>\n\u2022 Mniejsze zu\u017cycie paliwa.<br \/>\n\u2022 Doskona\u0142a wytrzyma\u0142o\u015b\u0107 warstwy oleju zapobiegaj\u0105ca zu\u017cyciu silnika.<br \/>\n\u2022 Doskona\u0142a wytrzyma\u0142o\u015b\u0107 warstwy oleju we wszystkich warunkach pracy silnika.<br \/>\n\u2022 Doskona\u0142a ochrona przed rdz\u0105 i korozj\u0105.<br \/>\n\u2022 Znakomita ochrona katalizatora i filtra cz\u0105stek sta\u0142ych.<br \/>\nSpecyfikacje i aprobaty:<br \/>\nACEA C5, API, Chrysler MS-6395, Ford M2C 948-B, Jaguar Land Rover STJLR.03.004<\/p>\n","protected":false},"excerpt":{"rendered":"<p>Q8 Formula Exclusive Eco 5W-20 to doskona\u0142y olej silnikowy z udowodnionym ograniczeniem zu\u017cycia paliwa o wi\u0119cej ni\u017c 3,6%. Spe\u0142nia wymagania specyfikacji Ford WSS M2C 948-B. Korzy\u015bci: \u2022 Mniejsze zu\u017cycie paliwa. \u2022 Doskona\u0142a wytrzyma\u0142o\u015b\u0107 warstwy oleju zapobiegaj\u0105ca zu\u017cyciu silnika. \u2022 Doskona\u0142a wytrzyma\u0142o\u015b\u0107 warstwy oleju we wszystkich warunkach pracy silnika. \u2022 Doskona\u0142a ochrona przed rdz\u0105 i korozj\u0105. [&hellip;]<\/p>\n","protected":false},"featured_media":948,"template":"","meta":{"_acf_changed":false},"product_brand":[49],"product_cat":[59],"product_tag":[],"class_list":{"0":"post-949","1":"product","2":"type-product","3":"status-publish","4":"has-post-thumbnail","6":"product_brand-kuwait-petroleum-belgium-n-v-s-a","7":"product_cat-oleje-silnikowe","9":"first","10":"instock","11":"shipping-taxable","12":"purchasable","13":"product-type-simple"},"acf":[],"_links":{"self":[{"href":"https:\/\/syntaco.pl\/sklep\/wp-json\/wp\/v2\/product\/949","targetHints":{"allow":["GET"]}}],"collection":[{"href":"https:\/\/syntaco.pl\/sklep\/wp-json\/wp\/v2\/product"}],"about":[{"href":"https:\/\/syntaco.pl\/sklep\/wp-json\/wp\/v2\/types\/product"}],"wp:featuredmedia":[{"embeddable":true,"href":"https:\/\/syntaco.pl\/sklep\/wp-json\/wp\/v2\/media\/948"}],"wp:attachment":[{"href":"https:\/\/syntaco.pl\/sklep\/wp-json\/wp\/v2\/media?parent=949"}],"wp:term":[{"taxonomy":"product_brand","embeddable":true,"href":"https:\/\/syntaco.pl\/sklep\/wp-json\/wp\/v2\/product_brand?post=949"},{"taxonomy":"product_cat","embeddable":true,"href":"https:\/\/syntaco.pl\/sklep\/wp-json\/wp\/v2\/product_cat?post=949"},{"taxonomy":"product_tag","embeddable":true,"href":"https:\/\/syntaco.pl\/sklep\/wp-json\/wp\/v2\/product_tag?post=949"}],"curies":[{"name":"wp","href":"https:\/\/api.w.org\/{rel}","templated":true}]}}