{"id":945,"date":"2025-12-19T10:19:05","date_gmt":"2025-12-19T09:19:05","guid":{"rendered":"https:\/\/syntaco.artneo.pl\/produkt\/nsl-wave-power-special-gmd-5w-20-1l\/"},"modified":"2026-04-15T09:42:44","modified_gmt":"2026-04-15T07:42:44","slug":"nsl-wave-power-special-gmd-5w-20-1l","status":"publish","type":"product","link":"https:\/\/syntaco.pl\/sklep\/produkt\/nsl-wave-power-special-gmd-5w-20-1l\/","title":{"rendered":"NSL WAVE POWER SPECIAL GMD 5W-20 1L"},"content":{"rendered":"<p>W pe\u0142ni syntetyczny olej do samochod\u00f3w pasa\u017cerskich<br \/>\nWAVE POWER SPECIAL GMD 5W-20 to wysokowydajny olej oparyoszcz\u0119dny oparty na technologii syntetycznej w 100% dla silnik\u00f3w benzynowych w samochodach osobowych i lekkich furgonetki zaprojektowanych specjalnie do smarowania silnik\u00f3w najnowszej generacji, takich jak modele hybrydowe i ECO, kt\u00f3re wymagaj\u0105 SAE 5W-20 i dzia\u0142aj\u0105 na benzynie i\/lub paliwa zawieraj\u0105ce etanol do E85.<br \/>\nWAVE POWER SPECIAL GMD 5W-20 opiera si\u0119 na syntetycznym oleju bazowym w po\u0142\u0105czeniu ze specjalnym dodatkiem w celu uzyskania nast\u0119puj\u0105cych w\u0142a\u015bciwo\u015bci:<br \/>\nDoskona\u0142a stabilno\u015b\u0107 termiczna i utleniaj\u0105ca.<br \/>\n&#8211; Doskona\u0142e w\u0142a\u015bciwo\u015bci w niskich temperaturach dla g\u0142adkiego zimnego pocz\u0105tku.<br \/>\nBardzo dobry dyspergator i w\u0142a\u015bciwo\u015bci detergentu.<br \/>\nW\u0142a\u015bciwo\u015bci oszcz\u0119dzania paliwa ze wzgl\u0119du na niskie w\u0142a\u015bciwo\u015bci tarcia<br \/>\nBardzo dobre w\u0142a\u015bciwo\u015bci przeciwpieniowe, przeciwnoszone i antykorozyjne.<br \/>\nMo\u017cliwy jest d\u0142ugi okres wymiany oleju.<br \/>\nWAVE POWER SPECIAL GMD 5W-20 przekracza nast\u0119puj\u0105ce kryteria wydajno\u015bci:<br \/>\nAPI SN<br \/>\nAPI SN + RC<br \/>\nAPI SP<br \/>\nDexos1TM Gen 3 &#8211; Kto odpowiedzia\u0142?<br \/>\nGM 4718 mln<br \/>\nILSAC GF-6<br \/>\nILSAC GF-6A<\/p>\n","protected":false},"excerpt":{"rendered":"<p>W pe\u0142ni syntetyczny olej do samochod\u00f3w pasa\u017cerskich WAVE POWER SPECIAL GMD 5W-20 to wysokowydajny olej oparyoszcz\u0119dny oparty na technologii syntetycznej w 100% dla silnik\u00f3w benzynowych w samochodach osobowych i lekkich furgonetki zaprojektowanych specjalnie do smarowania silnik\u00f3w najnowszej generacji, takich jak modele hybrydowe i ECO, kt\u00f3re wymagaj\u0105 SAE 5W-20 i dzia\u0142aj\u0105 na benzynie i\/lub paliwa zawieraj\u0105ce [&hellip;]<\/p>\n","protected":false},"featured_media":944,"template":"","meta":{"_acf_changed":false},"product_brand":[47],"product_cat":[59],"product_tag":[],"class_list":{"0":"post-945","1":"product","2":"type-product","3":"status-publish","4":"has-post-thumbnail","6":"product_brand-nsl","7":"product_cat-oleje-silnikowe","9":"first","10":"instock","11":"shipping-taxable","12":"purchasable","13":"product-type-simple"},"acf":[],"_links":{"self":[{"href":"https:\/\/syntaco.pl\/sklep\/wp-json\/wp\/v2\/product\/945","targetHints":{"allow":["GET"]}}],"collection":[{"href":"https:\/\/syntaco.pl\/sklep\/wp-json\/wp\/v2\/product"}],"about":[{"href":"https:\/\/syntaco.pl\/sklep\/wp-json\/wp\/v2\/types\/product"}],"wp:featuredmedia":[{"embeddable":true,"href":"https:\/\/syntaco.pl\/sklep\/wp-json\/wp\/v2\/media\/944"}],"wp:attachment":[{"href":"https:\/\/syntaco.pl\/sklep\/wp-json\/wp\/v2\/media?parent=945"}],"wp:term":[{"taxonomy":"product_brand","embeddable":true,"href":"https:\/\/syntaco.pl\/sklep\/wp-json\/wp\/v2\/product_brand?post=945"},{"taxonomy":"product_cat","embeddable":true,"href":"https:\/\/syntaco.pl\/sklep\/wp-json\/wp\/v2\/product_cat?post=945"},{"taxonomy":"product_tag","embeddable":true,"href":"https:\/\/syntaco.pl\/sklep\/wp-json\/wp\/v2\/product_tag?post=945"}],"curies":[{"name":"wp","href":"https:\/\/api.w.org\/{rel}","templated":true}]}}