{"id":943,"date":"2025-12-19T10:19:04","date_gmt":"2025-12-19T09:19:04","guid":{"rendered":"https:\/\/syntaco.artneo.pl\/produkt\/nsl-wave-power-special-fec-5w-30-5l\/"},"modified":"2026-04-15T09:42:44","modified_gmt":"2026-04-15T07:42:44","slug":"nsl-wave-power-special-fec-5w-30-5l","status":"publish","type":"product","link":"https:\/\/syntaco.pl\/sklep\/produkt\/nsl-wave-power-special-fec-5w-30-5l\/","title":{"rendered":"NSL WAVE POWER SPECIAL FEC 5W-30 5L"},"content":{"rendered":"<p>W pe\u0142ni syntetyczny olej do samochod\u00f3w osobowych.<br \/>\nWAVE POWER SPEC 5W-30 to wysokowydajny olej energooszcz\u0119dny oparty na technologii syntetycznej do stosowania w silnikach benzynowych i wysokopr\u0119\u017cnych samochod\u00f3w osobowych i lekkich samochod\u00f3w dostawczych z turbospr\u0119\u017cark\u0105 lub bez i zaprojektowanych do pojazd\u00f3w ostatniej generacji i innych pojazd\u00f3w, w kt\u00f3rych wymagana jest ACEA A5\/B5. Produkt ten nie mo\u017ce by\u0107 stosowany w silnikach wysokopr\u0119\u017cnych wyposa\u017conych w filtr cz\u0105stek spalinowych (DPF), z wyj\u0105tkiem silnik\u00f3w Forda.<br \/>\nWAVE POWER SPEC 5W-30 opiera si\u0119 na wysokowydajnym oleju syntetycznym w 100% syntetycznym w po\u0142\u0105czeniu ze specjalnie wyselekcjonowan\u0105 technologi\u0105 dodatk\u00f3w w celu zapewnienia nast\u0119puj\u0105cych w\u0142a\u015bciwo\u015bci:<br \/>\nDobra stabilno\u015b\u0107 termiczna i utleniaj\u0105ca.<br \/>\n&#8211; Technologia MID SAPS.<br \/>\nDobra ochrona przed zu\u017cyciem, piank\u0105 i korozj\u0105.<br \/>\nNiskie w\u0142a\u015bciwo\u015bci termiczne, aby zapewni\u0107 p\u0142ynny zimny pocz\u0105tek.<br \/>\nWyposa\u017cony do silnik\u00f3w wysokopr\u0119\u017cnych z uk\u0142adem wydechem po obr\u00f3bce.<br \/>\n&#8211; W\u0142a\u015bciwo\u015bci oszcz\u0119dzania paliwa<br \/>\nWAVE POWER SPEC FEC 5W-30 przekracza nast\u0119puj\u0105ce kryteria wydajno\u015bci:<br \/>\nInterfejs API: SL ACEA A5\/B5 ACEA A1\/B1 Renault RN 0700<br \/>\nFord WSS M2C913C Ford WSS M2C913D<\/p>\n","protected":false},"excerpt":{"rendered":"<p>W pe\u0142ni syntetyczny olej do samochod\u00f3w osobowych. WAVE POWER SPEC 5W-30 to wysokowydajny olej energooszcz\u0119dny oparty na technologii syntetycznej do stosowania w silnikach benzynowych i wysokopr\u0119\u017cnych samochod\u00f3w osobowych i lekkich samochod\u00f3w dostawczych z turbospr\u0119\u017cark\u0105 lub bez i zaprojektowanych do pojazd\u00f3w ostatniej generacji i innych pojazd\u00f3w, w kt\u00f3rych wymagana jest ACEA A5\/B5. Produkt ten nie mo\u017ce [&hellip;]<\/p>\n","protected":false},"featured_media":942,"template":"","meta":{"_acf_changed":false},"product_brand":[47],"product_cat":[59],"product_tag":[],"class_list":{"0":"post-943","1":"product","2":"type-product","3":"status-publish","4":"has-post-thumbnail","6":"product_brand-nsl","7":"product_cat-oleje-silnikowe","9":"first","10":"instock","11":"shipping-taxable","12":"purchasable","13":"product-type-simple"},"acf":[],"_links":{"self":[{"href":"https:\/\/syntaco.pl\/sklep\/wp-json\/wp\/v2\/product\/943","targetHints":{"allow":["GET"]}}],"collection":[{"href":"https:\/\/syntaco.pl\/sklep\/wp-json\/wp\/v2\/product"}],"about":[{"href":"https:\/\/syntaco.pl\/sklep\/wp-json\/wp\/v2\/types\/product"}],"wp:featuredmedia":[{"embeddable":true,"href":"https:\/\/syntaco.pl\/sklep\/wp-json\/wp\/v2\/media\/942"}],"wp:attachment":[{"href":"https:\/\/syntaco.pl\/sklep\/wp-json\/wp\/v2\/media?parent=943"}],"wp:term":[{"taxonomy":"product_brand","embeddable":true,"href":"https:\/\/syntaco.pl\/sklep\/wp-json\/wp\/v2\/product_brand?post=943"},{"taxonomy":"product_cat","embeddable":true,"href":"https:\/\/syntaco.pl\/sklep\/wp-json\/wp\/v2\/product_cat?post=943"},{"taxonomy":"product_tag","embeddable":true,"href":"https:\/\/syntaco.pl\/sklep\/wp-json\/wp\/v2\/product_tag?post=943"}],"curies":[{"name":"wp","href":"https:\/\/api.w.org\/{rel}","templated":true}]}}