{"id":939,"date":"2025-12-19T10:19:01","date_gmt":"2025-12-19T09:19:01","guid":{"rendered":"https:\/\/syntaco.artneo.pl\/produkt\/nsl-wave-power-special-llv-0w-30-1l\/"},"modified":"2026-04-15T09:42:42","modified_gmt":"2026-04-15T07:42:42","slug":"nsl-wave-power-special-llv-0w-30-1l","status":"publish","type":"product","link":"https:\/\/syntaco.pl\/sklep\/produkt\/nsl-wave-power-special-llv-0w-30-1l\/","title":{"rendered":"NSL WAVE POWER SPECIAL LLV 0W-30 1L"},"content":{"rendered":"<p>&#8222;WAVE POWER SPECIAL LLV 0W-30 to wysokowydajny, oszcz\u0119dzaj\u0105cy paliwo olej LOW SAPS o d\u0142ugiej \u017cywotno\u015bci, oparty na w 100% technologii syntetycznej, do stosowania w silnikach benzynowych i wysokopr\u0119\u017cnych samochod\u00f3w osobowych i lekkich dostawczych, gdzie wymagana jest norma VAG VW 504.00\/507.00. Uwaga: nie nadaje si\u0119 do silnik\u00f3w R5 i V10 TDI oraz silnik\u00f3w, w kt\u00f3rych zalecana jest norma VAG VW 506.01. WAVE POWER SPECIAL LLV 0W-30 sk\u0142ada si\u0119 z wysokiej jako\u015bci syntetycznych olej\u00f3w bazowych w po\u0142\u0105czeniu z unikaln\u0105 technologi\u0105 dodatk\u00f3w, aby osi\u0105gn\u0105\u0107 nast\u0119puj\u0105ce parametry:<br \/>\n-Bardzo dobre w\u0142a\u015bciwo\u015bci w niskich temperaturach.<br \/>\n-Ochrona podczas zimnego rozruchu.<br \/>\n-Bardzo wysoka stabilno\u015b\u0107 termiczna i oksydacyjna.<br \/>\n-Doskona\u0142a odporno\u015b\u0107 na pienienie, korozj\u0119 i zu\u017cycie.<br \/>\n-Wysoki poziom dyspersji i detergentu.<br \/>\n-Wysoki wska\u017anik lepko\u015bci.<br \/>\n-Wyd\u0142u\u017cony okres mi\u0119dzy wymianami oleju.<br \/>\n-Nadaje si\u0119 r\u00f3wnie\u017c do silnik\u00f3w wyposa\u017conych w inny katalizator, np. TWC.<br \/>\nWAVE POWER SPECIAL LLV 0W-30 spe\u0142nia nast\u0119puj\u0105ce kryteria wydajno\u015bci: VW 504.00\/507.00, Porsche C30, ACEA C3, BMW LL-04&#8221;<\/p>\n","protected":false},"excerpt":{"rendered":"<p>&#8222;WAVE POWER SPECIAL LLV 0W-30 to wysokowydajny, oszcz\u0119dzaj\u0105cy paliwo olej LOW SAPS o d\u0142ugiej \u017cywotno\u015bci, oparty na w 100% technologii syntetycznej, do stosowania w silnikach benzynowych i wysokopr\u0119\u017cnych samochod\u00f3w osobowych i lekkich dostawczych, gdzie wymagana jest norma VAG VW 504.00\/507.00. Uwaga: nie nadaje si\u0119 do silnik\u00f3w R5 i V10 TDI oraz silnik\u00f3w, w kt\u00f3rych zalecana [&hellip;]<\/p>\n","protected":false},"featured_media":938,"template":"","meta":{"_acf_changed":false},"product_brand":[47],"product_cat":[59],"product_tag":[],"class_list":{"0":"post-939","1":"product","2":"type-product","3":"status-publish","4":"has-post-thumbnail","6":"product_brand-nsl","7":"product_cat-oleje-silnikowe","9":"first","10":"instock","11":"shipping-taxable","12":"purchasable","13":"product-type-simple"},"acf":[],"_links":{"self":[{"href":"https:\/\/syntaco.pl\/sklep\/wp-json\/wp\/v2\/product\/939","targetHints":{"allow":["GET"]}}],"collection":[{"href":"https:\/\/syntaco.pl\/sklep\/wp-json\/wp\/v2\/product"}],"about":[{"href":"https:\/\/syntaco.pl\/sklep\/wp-json\/wp\/v2\/types\/product"}],"wp:featuredmedia":[{"embeddable":true,"href":"https:\/\/syntaco.pl\/sklep\/wp-json\/wp\/v2\/media\/938"}],"wp:attachment":[{"href":"https:\/\/syntaco.pl\/sklep\/wp-json\/wp\/v2\/media?parent=939"}],"wp:term":[{"taxonomy":"product_brand","embeddable":true,"href":"https:\/\/syntaco.pl\/sklep\/wp-json\/wp\/v2\/product_brand?post=939"},{"taxonomy":"product_cat","embeddable":true,"href":"https:\/\/syntaco.pl\/sklep\/wp-json\/wp\/v2\/product_cat?post=939"},{"taxonomy":"product_tag","embeddable":true,"href":"https:\/\/syntaco.pl\/sklep\/wp-json\/wp\/v2\/product_tag?post=939"}],"curies":[{"name":"wp","href":"https:\/\/api.w.org\/{rel}","templated":true}]}}