{"id":937,"date":"2025-12-19T10:19:00","date_gmt":"2025-12-19T09:19:00","guid":{"rendered":"https:\/\/syntaco.artneo.pl\/produkt\/nsl-racing-power-4t-10w-40-1l\/"},"modified":"2026-04-15T09:42:42","modified_gmt":"2026-04-15T07:42:42","slug":"nsl-racing-power-4t-10w-40-1l","status":"publish","type":"product","link":"https:\/\/syntaco.pl\/sklep\/produkt\/nsl-racing-power-4t-10w-40-1l\/","title":{"rendered":"NSL RACING POWER 4T 10W-40 1L"},"content":{"rendered":"<p>RACING POWER 4T 10W-40 to w pe\u0142ni syntetyczny olej do silnik\u00f3w benzynowych klasy wy\u015bcigowej. Zapewnia doskona\u0142\u0105 czysto\u015b\u0107 i ochron\u0119 silnika, skrzyni bieg\u00f3w i mokrego sprz\u0119g\u0142a stosowanych w motocyklach 4-suwowych oraz zapewnia najwy\u017cszy stopie\u0144 niezawodno\u015bci nawet w trudnych warunkach pracy i temperaturach.<br \/>\nRACING POWER 4T 10W-40 powsta\u0142 na bazie najwy\u017cszej jako\u015bci w pe\u0142ni syntetycznych olej\u00f3w bazowych z polialfaolefiny (PAO) i alkilowanego naftalenu w po\u0142\u0105czeniu ze specjalnie dobranym pakietem dodatk\u00f3w, aby uzyska\u0107 nast\u0119puj\u0105ce w\u0142a\u015bciwo\u015bci:<br \/>\n\u2022 Wyj\u0105tkowa stabilno\u015b\u0107 termooksydacyjna.<br \/>\n\u2022 Wyj\u0105tkowe w\u0142a\u015bciwo\u015bci przeciwzu\u017cyciowe, antykorozyjne i antykorozyjne.<br \/>\n\u2022 Kontrolowane w\u0142a\u015bciwo\u015bci cierne eliminuj\u0105 po\u015blizg sprz\u0119g\u0142a.<br \/>\n\u2022 Zwi\u0119kszona moc i poprawia w\u0142a\u015bciwo\u015bci jezdne.<br \/>\n\u2022 Doskona\u0142e w\u0142a\u015bciwo\u015bci dysperguj\u0105ce i pior\u0105ce.<br \/>\n\u2022 Doskona\u0142a odporno\u015b\u0107 na \u015bcinanie utrzymuje lepko\u015b\u0107 w \u015brodowisku o wysokiej temperaturze i wysokim \u015bcinaniu.<br \/>\n\u2022 Zapewnia lepsz\u0105 ochron\u0119 przed zu\u017cyciem.<br \/>\n\u2022 Znakomite w\u0142a\u015bciwo\u015bci niskotemperaturowe umo\u017cliwiaj\u0105 \u0142atwy rozruch w niskich temperaturach otoczenia.<br \/>\n\u2022 Zapewni\u0107 skuteczne smarowanie i ochron\u0119 przed zu\u017cyciem przy uruchomieniu.<br \/>\n\u2022 Charakterystyka o niskiej lotno\u015bci zmniejsza zu\u017cycie oleju i zanieczyszczenie w\u0119glowodorami.<br \/>\nRACING POWER 4T 10W-40 spe\u0142nia nast\u0119puj\u0105ce kryteria wydajno\u015bci:<br \/>\nAPI SN<br \/>\nJASO MA-2<\/p>\n","protected":false},"excerpt":{"rendered":"<p>RACING POWER 4T 10W-40 to w pe\u0142ni syntetyczny olej do silnik\u00f3w benzynowych klasy wy\u015bcigowej. Zapewnia doskona\u0142\u0105 czysto\u015b\u0107 i ochron\u0119 silnika, skrzyni bieg\u00f3w i mokrego sprz\u0119g\u0142a stosowanych w motocyklach 4-suwowych oraz zapewnia najwy\u017cszy stopie\u0144 niezawodno\u015bci nawet w trudnych warunkach pracy i temperaturach. RACING POWER 4T 10W-40 powsta\u0142 na bazie najwy\u017cszej jako\u015bci w pe\u0142ni syntetycznych olej\u00f3w bazowych [&hellip;]<\/p>\n","protected":false},"featured_media":936,"template":"","meta":{"_acf_changed":false},"product_brand":[47],"product_cat":[48,30],"product_tag":[],"class_list":{"0":"post-937","1":"product","2":"type-product","3":"status-publish","4":"has-post-thumbnail","6":"product_brand-nsl","7":"product_cat-oleje-do-motocykli-i-skuterow","8":"product_cat-produkty","10":"first","11":"instock","12":"shipping-taxable","13":"purchasable","14":"product-type-simple"},"acf":[],"_links":{"self":[{"href":"https:\/\/syntaco.pl\/sklep\/wp-json\/wp\/v2\/product\/937","targetHints":{"allow":["GET"]}}],"collection":[{"href":"https:\/\/syntaco.pl\/sklep\/wp-json\/wp\/v2\/product"}],"about":[{"href":"https:\/\/syntaco.pl\/sklep\/wp-json\/wp\/v2\/types\/product"}],"wp:featuredmedia":[{"embeddable":true,"href":"https:\/\/syntaco.pl\/sklep\/wp-json\/wp\/v2\/media\/936"}],"wp:attachment":[{"href":"https:\/\/syntaco.pl\/sklep\/wp-json\/wp\/v2\/media?parent=937"}],"wp:term":[{"taxonomy":"product_brand","embeddable":true,"href":"https:\/\/syntaco.pl\/sklep\/wp-json\/wp\/v2\/product_brand?post=937"},{"taxonomy":"product_cat","embeddable":true,"href":"https:\/\/syntaco.pl\/sklep\/wp-json\/wp\/v2\/product_cat?post=937"},{"taxonomy":"product_tag","embeddable":true,"href":"https:\/\/syntaco.pl\/sklep\/wp-json\/wp\/v2\/product_tag?post=937"}],"curies":[{"name":"wp","href":"https:\/\/api.w.org\/{rel}","templated":true}]}}