{"id":929,"date":"2025-12-19T10:18:53","date_gmt":"2025-12-19T09:18:53","guid":{"rendered":"https:\/\/syntaco.artneo.pl\/produkt\/q8-f-hybrid-c6-0w-20-1l\/"},"modified":"2026-03-28T08:31:47","modified_gmt":"2026-03-28T07:31:47","slug":"q8-f-hybrid-c6-0w-20-1l","status":"publish","type":"product","link":"https:\/\/syntaco.pl\/sklep\/produkt\/q8-f-hybrid-c6-0w-20-1l\/","title":{"rendered":"Q8 F Hybrid C6 0W-20 &#8211; 1L"},"content":{"rendered":"<p>Q8 Formula Hybrid C6 0W-20 to w pe\u0142ni syntetyczny olej silnikowy o doskona\u0142ych osi\u0105gach do samochod\u00f3w osobowych, kt\u00f3ry spe\u0142nia rygorystyczny test wyd\u0142u\u017cenia \u0142a\u0144cucha zu\u017cycia dla samochod\u00f3w hybrydowych, nag\u0142ego rozruchu przy du\u017cej pr\u0119dko\u015bci. Ten \u015brodek smarny zapewnia wyj\u0105tkow\u0105 oszcz\u0119dno\u015b\u0107 paliwa i wyd\u0142u\u017cone odst\u0119py mi\u0119dzy wymianami. Zapewnia najlepsz\u0105 w swojej klasie czysto\u015b\u0107 silnika, co zwi\u0119ksza jego trwa\u0142o\u015b\u0107. Jest w pe\u0142ni kompatybilny z paliwem biologicznym.<br \/>\nZastosowanie<br \/>\nQ8 Formula Hybrid C6 0W-20 jest przeznaczony do najnowszych silnik\u00f3w benzynowych i wysokopr\u0119\u017cnych Euro 6. Jest odpowiedni do silnik\u00f3w wymagaj\u0105cych ACEA C5\/C6 2021, API SP RC, SP, SN RC, SN Plus, SN ILSAC GF-6A. \u015arodek smarny spe\u0142nia wymagania BMW, Mercedes-Benz, Opel\/Vauxhall, FIat, Land Rover, Jaguar i Volvo, Chrysler<\/p>\n","protected":false},"excerpt":{"rendered":"<p>Q8 Formula Hybrid C6 0W-20 to w pe\u0142ni syntetyczny olej silnikowy o doskona\u0142ych osi\u0105gach do samochod\u00f3w osobowych, kt\u00f3ry spe\u0142nia rygorystyczny test wyd\u0142u\u017cenia \u0142a\u0144cucha zu\u017cycia dla samochod\u00f3w hybrydowych, nag\u0142ego rozruchu przy du\u017cej pr\u0119dko\u015bci. Ten \u015brodek smarny zapewnia wyj\u0105tkow\u0105 oszcz\u0119dno\u015b\u0107 paliwa i wyd\u0142u\u017cone odst\u0119py mi\u0119dzy wymianami. Zapewnia najlepsz\u0105 w swojej klasie czysto\u015b\u0107 silnika, co zwi\u0119ksza jego trwa\u0142o\u015b\u0107. [&hellip;]<\/p>\n","protected":false},"featured_media":928,"template":"","meta":{"_acf_changed":false},"product_brand":[49],"product_cat":[59],"product_tag":[],"class_list":{"0":"post-929","1":"product","2":"type-product","3":"status-publish","4":"has-post-thumbnail","6":"product_brand-kuwait-petroleum-belgium-n-v-s-a","7":"product_cat-oleje-silnikowe","9":"first","10":"instock","11":"shipping-taxable","12":"purchasable","13":"product-type-simple"},"acf":[],"_links":{"self":[{"href":"https:\/\/syntaco.pl\/sklep\/wp-json\/wp\/v2\/product\/929","targetHints":{"allow":["GET"]}}],"collection":[{"href":"https:\/\/syntaco.pl\/sklep\/wp-json\/wp\/v2\/product"}],"about":[{"href":"https:\/\/syntaco.pl\/sklep\/wp-json\/wp\/v2\/types\/product"}],"wp:featuredmedia":[{"embeddable":true,"href":"https:\/\/syntaco.pl\/sklep\/wp-json\/wp\/v2\/media\/928"}],"wp:attachment":[{"href":"https:\/\/syntaco.pl\/sklep\/wp-json\/wp\/v2\/media?parent=929"}],"wp:term":[{"taxonomy":"product_brand","embeddable":true,"href":"https:\/\/syntaco.pl\/sklep\/wp-json\/wp\/v2\/product_brand?post=929"},{"taxonomy":"product_cat","embeddable":true,"href":"https:\/\/syntaco.pl\/sklep\/wp-json\/wp\/v2\/product_cat?post=929"},{"taxonomy":"product_tag","embeddable":true,"href":"https:\/\/syntaco.pl\/sklep\/wp-json\/wp\/v2\/product_tag?post=929"}],"curies":[{"name":"wp","href":"https:\/\/api.w.org\/{rel}","templated":true}]}}