{"id":921,"date":"2025-12-19T10:18:47","date_gmt":"2025-12-19T09:18:47","guid":{"rendered":"https:\/\/syntaco.artneo.pl\/produkt\/q8-f-excel-5w-40-4l\/"},"modified":"2026-03-28T08:31:43","modified_gmt":"2026-03-28T07:31:43","slug":"q8-f-excel-5w-40-4l","status":"publish","type":"product","link":"https:\/\/syntaco.pl\/sklep\/produkt\/q8-f-excel-5w-40-4l\/","title":{"rendered":"Q8 F Excel 5W-40 &#8211; 4L"},"content":{"rendered":"<p>Q8 Formula Excel 5W-40 to wysokoskopopio\u0142owy ca\u0142oroczny olej silnikowy do samochod\u00f3w osobowych i lekkich pojazd\u00f3w u\u017cytkowych. Spe\u0142nia wymagania ACEA A3\/B4 i posiada aprobaty wi\u0119kszo\u015bci producent\u00f3w pojazd\u00f3w (OEM).<br \/>\nKorzy\u015bci<br \/>\n\u2022\tDoskona\u0142a wytrzyma\u0142o\u015b\u0107 warstwy oleju we wszystkich warunkach pracy silnika.<br \/>\n\u2022\tDoskona\u0142a ochrona zimnego silnika.<br \/>\n\u2022\tZnakomita ochrona przed rdz\u0105 i korozj\u0105.<br \/>\n\u2022\tDoskona\u0142e zmniejszenie tarcia.<br \/>\nSpecyfikacje i aprobaty: ACEA A3\/B4, API CF, API SN, BMW Longlife-01, ford M2C 917-C, GM LL-B-025, JASO MA2, MB 229.3, Porsche A40, PSA B71 2300, Renault 0700, Renault 0710, VAG VW 502.00VAG VW 505.00, VAG VW 505.01, Volvo VCC 95200356<\/p>\n","protected":false},"excerpt":{"rendered":"<p>Q8 Formula Excel 5W-40 to wysokoskopopio\u0142owy ca\u0142oroczny olej silnikowy do samochod\u00f3w osobowych i lekkich pojazd\u00f3w u\u017cytkowych. Spe\u0142nia wymagania ACEA A3\/B4 i posiada aprobaty wi\u0119kszo\u015bci producent\u00f3w pojazd\u00f3w (OEM). Korzy\u015bci \u2022 Doskona\u0142a wytrzyma\u0142o\u015b\u0107 warstwy oleju we wszystkich warunkach pracy silnika. \u2022 Doskona\u0142a ochrona zimnego silnika. \u2022 Znakomita ochrona przed rdz\u0105 i korozj\u0105. \u2022 Doskona\u0142e zmniejszenie tarcia. Specyfikacje [&hellip;]<\/p>\n","protected":false},"featured_media":920,"template":"","meta":{"_acf_changed":false},"product_brand":[49],"product_cat":[59],"product_tag":[],"class_list":{"0":"post-921","1":"product","2":"type-product","3":"status-publish","4":"has-post-thumbnail","6":"product_brand-kuwait-petroleum-belgium-n-v-s-a","7":"product_cat-oleje-silnikowe","9":"first","10":"instock","11":"shipping-taxable","12":"purchasable","13":"product-type-simple"},"acf":[],"_links":{"self":[{"href":"https:\/\/syntaco.pl\/sklep\/wp-json\/wp\/v2\/product\/921","targetHints":{"allow":["GET"]}}],"collection":[{"href":"https:\/\/syntaco.pl\/sklep\/wp-json\/wp\/v2\/product"}],"about":[{"href":"https:\/\/syntaco.pl\/sklep\/wp-json\/wp\/v2\/types\/product"}],"wp:featuredmedia":[{"embeddable":true,"href":"https:\/\/syntaco.pl\/sklep\/wp-json\/wp\/v2\/media\/920"}],"wp:attachment":[{"href":"https:\/\/syntaco.pl\/sklep\/wp-json\/wp\/v2\/media?parent=921"}],"wp:term":[{"taxonomy":"product_brand","embeddable":true,"href":"https:\/\/syntaco.pl\/sklep\/wp-json\/wp\/v2\/product_brand?post=921"},{"taxonomy":"product_cat","embeddable":true,"href":"https:\/\/syntaco.pl\/sklep\/wp-json\/wp\/v2\/product_cat?post=921"},{"taxonomy":"product_tag","embeddable":true,"href":"https:\/\/syntaco.pl\/sklep\/wp-json\/wp\/v2\/product_tag?post=921"}],"curies":[{"name":"wp","href":"https:\/\/api.w.org\/{rel}","templated":true}]}}