{"id":915,"date":"2025-12-19T10:18:42","date_gmt":"2025-12-19T09:18:42","guid":{"rendered":"https:\/\/syntaco.artneo.pl\/produkt\/q8-f-elite-c2-c3-5w-30-60l\/"},"modified":"2026-03-28T08:31:41","modified_gmt":"2026-03-28T07:31:41","slug":"q8-f-elite-c2-c3-5w-30-60l","status":"publish","type":"product","link":"https:\/\/syntaco.pl\/sklep\/produkt\/q8-f-elite-c2-c3-5w-30-60l\/","title":{"rendered":"Q8 F Elite C2\/C3 5W-30 &#8211; 60L"},"content":{"rendered":"<p>Q8 Formula Elite C2\/C3 5W-30 to najwy\u017cszej jako\u015bci syntetyczny olej silnikowy typu low SAPS do samochod\u00f3w osobowych. Olej zapewnia wyj\u0105tkow\u0105 oszcz\u0119dno\u015b\u0107 paliwa i trwa\u0142o\u015b\u0107 silnika. Zosta\u0142 opracowany w celu spe\u0142nienia wymaga\u0144 ACEA C2 i C3, posiadaj\u0105cych specyfikacj\u0119 PSA B71 2290 i Renault RN17.<br \/>\nQ8 Formula Elite C2\/C3 5W-30 nadaje si\u0119 do samochod\u00f3w osobowych i pojazd\u00f3w u\u017cytkowych wyposa\u017conych w wolnoss\u0105ce lub turbodo\u0142adowane silniki benzynowe, LPG lub diesla Euro 4, 5 i 6 wymagaj\u0105ce olej\u00f3w silnikowych o niskiej zawarto\u015bci SAPS. Zosta\u0142 opracowany do samochod\u00f3w Peugeot, Citro\u00ebn i Renault i zalecany do pojazd\u00f3w wymagaj\u0105cych Fiat 9.55535-DS1.<br \/>\nCechy:<br \/>\n1. Formu\u0142a kompatybilna z LSPI (Low Speed \u200b\u200bPre Ignition) do silnik\u00f3w benzynowych z turbodo\u0142adowaniem.<br \/>\n2. Doskona\u0142a redukcja blokad uk\u0142adu wydechowego.<br \/>\n3. Doskona\u0142a czysto\u015b\u0107 silnika zwi\u0119ksza jego trwa\u0142o\u015b\u0107.<br \/>\n4. Doskona\u0142a kompatybilno\u015b\u0107 z biodieslem dzi\u0119ki lepszej odporno\u015bci na utlenianie.<br \/>\n5. Znakomita ochrona katalizatora i filtra cz\u0105stek sta\u0142ych.<br \/>\nSpecyfikacje i aprobaty:<br \/>\nACEA: C2<br \/>\nFiat: 9.55535-DS1<br \/>\nFiat: 9.55535-S1<br \/>\nMB: 226.52<br \/>\nMB: 229.51<br \/>\nMB: 229.31<br \/>\nMB: 229.52<br \/>\nPSA: B71 2290<br \/>\nRenault: RN 0710<br \/>\nRenault: RN 0700<br \/>\nRenault: RN 17<br \/>\nACEA: C3<\/p>\n","protected":false},"excerpt":{"rendered":"<p>Q8 Formula Elite C2\/C3 5W-30 to najwy\u017cszej jako\u015bci syntetyczny olej silnikowy typu low SAPS do samochod\u00f3w osobowych. Olej zapewnia wyj\u0105tkow\u0105 oszcz\u0119dno\u015b\u0107 paliwa i trwa\u0142o\u015b\u0107 silnika. Zosta\u0142 opracowany w celu spe\u0142nienia wymaga\u0144 ACEA C2 i C3, posiadaj\u0105cych specyfikacj\u0119 PSA B71 2290 i Renault RN17. Q8 Formula Elite C2\/C3 5W-30 nadaje si\u0119 do samochod\u00f3w osobowych i pojazd\u00f3w [&hellip;]<\/p>\n","protected":false},"featured_media":914,"template":"","meta":{"_acf_changed":false},"product_brand":[49],"product_cat":[59],"product_tag":[],"class_list":{"0":"post-915","1":"product","2":"type-product","3":"status-publish","4":"has-post-thumbnail","6":"product_brand-kuwait-petroleum-belgium-n-v-s-a","7":"product_cat-oleje-silnikowe","9":"first","10":"instock","11":"shipping-taxable","12":"purchasable","13":"product-type-simple"},"acf":[],"_links":{"self":[{"href":"https:\/\/syntaco.pl\/sklep\/wp-json\/wp\/v2\/product\/915","targetHints":{"allow":["GET"]}}],"collection":[{"href":"https:\/\/syntaco.pl\/sklep\/wp-json\/wp\/v2\/product"}],"about":[{"href":"https:\/\/syntaco.pl\/sklep\/wp-json\/wp\/v2\/types\/product"}],"wp:featuredmedia":[{"embeddable":true,"href":"https:\/\/syntaco.pl\/sklep\/wp-json\/wp\/v2\/media\/914"}],"wp:attachment":[{"href":"https:\/\/syntaco.pl\/sklep\/wp-json\/wp\/v2\/media?parent=915"}],"wp:term":[{"taxonomy":"product_brand","embeddable":true,"href":"https:\/\/syntaco.pl\/sklep\/wp-json\/wp\/v2\/product_brand?post=915"},{"taxonomy":"product_cat","embeddable":true,"href":"https:\/\/syntaco.pl\/sklep\/wp-json\/wp\/v2\/product_cat?post=915"},{"taxonomy":"product_tag","embeddable":true,"href":"https:\/\/syntaco.pl\/sklep\/wp-json\/wp\/v2\/product_tag?post=915"}],"curies":[{"name":"wp","href":"https:\/\/api.w.org\/{rel}","templated":true}]}}