{"id":903,"date":"2025-12-19T10:18:31","date_gmt":"2025-12-19T09:18:31","guid":{"rendered":"https:\/\/syntaco.artneo.pl\/produkt\/q8-f-advanced-plus-10w-40-60l\/"},"modified":"2026-03-28T08:31:36","modified_gmt":"2026-03-28T07:31:36","slug":"q8-f-advanced-plus-10w-40-60l","status":"publish","type":"product","link":"https:\/\/syntaco.pl\/sklep\/produkt\/q8-f-advanced-plus-10w-40-60l\/","title":{"rendered":"Q8 F Advanced Plus 10W-40 &#8211; 60L"},"content":{"rendered":"<p>Q8 Formula Advanced Plus 10W-40 to ca\u0142oroczny olej silnikowy na bazie syntetyku do samochod\u00f3w osobowych. Spe\u0142nia wymagania ACEA A3\/B4 i posiada aprobaty wi\u0119kszo\u015bci producent\u00f3w pojazd\u00f3w.<br \/>\nKorzy\u015bci<br \/>\n\u2022\tDobra ochrona zimnego silnika.<br \/>\n\u2022\tZnakomite osi\u0105gi silnika w r\u00f3\u017cnych warunkach jazdy.<br \/>\n\u2022\tZnakomita ochrona przed rdz\u0105 i korozj\u0105.<br \/>\n\u2022\tZnakomite osi\u0105gi silnika w r\u00f3\u017cnych warunkach jazdy.<br \/>\nSpecyfikacje i aprobaty: ACEA A3\/B4, API CF, API SN, MB 229.3, PSA B71 2300, Renault RN 0700, Renault RN 07100, VAG VW 502.00, VAG VW 505.00, VAG VW 505.01, Volvo VCC 95200356<\/p>\n","protected":false},"excerpt":{"rendered":"<p>Q8 Formula Advanced Plus 10W-40 to ca\u0142oroczny olej silnikowy na bazie syntetyku do samochod\u00f3w osobowych. Spe\u0142nia wymagania ACEA A3\/B4 i posiada aprobaty wi\u0119kszo\u015bci producent\u00f3w pojazd\u00f3w. Korzy\u015bci \u2022 Dobra ochrona zimnego silnika. \u2022 Znakomite osi\u0105gi silnika w r\u00f3\u017cnych warunkach jazdy. \u2022 Znakomita ochrona przed rdz\u0105 i korozj\u0105. \u2022 Znakomite osi\u0105gi silnika w r\u00f3\u017cnych warunkach jazdy. Specyfikacje [&hellip;]<\/p>\n","protected":false},"featured_media":902,"template":"","meta":{"_acf_changed":false},"product_brand":[49],"product_cat":[59],"product_tag":[],"class_list":{"0":"post-903","1":"product","2":"type-product","3":"status-publish","4":"has-post-thumbnail","6":"product_brand-kuwait-petroleum-belgium-n-v-s-a","7":"product_cat-oleje-silnikowe","9":"first","10":"instock","11":"shipping-taxable","12":"purchasable","13":"product-type-simple"},"acf":[],"_links":{"self":[{"href":"https:\/\/syntaco.pl\/sklep\/wp-json\/wp\/v2\/product\/903","targetHints":{"allow":["GET"]}}],"collection":[{"href":"https:\/\/syntaco.pl\/sklep\/wp-json\/wp\/v2\/product"}],"about":[{"href":"https:\/\/syntaco.pl\/sklep\/wp-json\/wp\/v2\/types\/product"}],"wp:featuredmedia":[{"embeddable":true,"href":"https:\/\/syntaco.pl\/sklep\/wp-json\/wp\/v2\/media\/902"}],"wp:attachment":[{"href":"https:\/\/syntaco.pl\/sklep\/wp-json\/wp\/v2\/media?parent=903"}],"wp:term":[{"taxonomy":"product_brand","embeddable":true,"href":"https:\/\/syntaco.pl\/sklep\/wp-json\/wp\/v2\/product_brand?post=903"},{"taxonomy":"product_cat","embeddable":true,"href":"https:\/\/syntaco.pl\/sklep\/wp-json\/wp\/v2\/product_cat?post=903"},{"taxonomy":"product_tag","embeddable":true,"href":"https:\/\/syntaco.pl\/sklep\/wp-json\/wp\/v2\/product_tag?post=903"}],"curies":[{"name":"wp","href":"https:\/\/api.w.org\/{rel}","templated":true}]}}