{"id":891,"date":"2025-12-19T10:18:20","date_gmt":"2025-12-19T09:18:20","guid":{"rendered":"https:\/\/syntaco.artneo.pl\/produkt\/nsl-wave-power-special-llv-0w-20-1l\/"},"modified":"2026-04-15T09:42:27","modified_gmt":"2026-04-15T07:42:27","slug":"nsl-wave-power-special-llv-0w-20-1l","status":"publish","type":"product","link":"https:\/\/syntaco.pl\/sklep\/produkt\/nsl-wave-power-special-llv-0w-20-1l\/","title":{"rendered":"NSL WAVE POWER SPECIAL LLV 0W-20 1L"},"content":{"rendered":"<p>W pe\u0142ni syntetyczny MID SAPS Olej do samochod\u00f3w osobowych.<br \/>\nWAVEPOWER SPECIAL LLV 0W-20 to w pe\u0142ni syntetyczna oszcz\u0119dno\u015b\u0107 paliwa oleju wiertniczego z nap\u0119dem spo\u017cywczym do stosowania w silnikach benzynowych i wysokopr\u0119\u017cnych samochod\u00f3w osobowych i lekkich samochod\u00f3w dostawczych, w kt\u00f3rych okre\u015blono norm\u0119 VAG 508.00\/509.00.<br \/>\nUwaga: Ten produkt nie jest wstecznie kompatybilny ze starszymi pojazdami, kt\u00f3re wymagaj\u0105 specyfikacji VW 504 00\/507 00.<br \/>\nWAVEPOWER SPECIAL LLV 0W-20 jest formu\u0142owany z wysokiej jako\u015bci zapasami bazowymi 100% Poly Alpha Olefin (PAO) w po\u0142\u0105czeniu z unikaln\u0105 technologi\u0105 addytywn\u0105, aby osi\u0105gn\u0105\u0107 nast\u0119puj\u0105ce osi\u0105gi:<br \/>\nWyj\u0105tkowe dobre w\u0142a\u015bciwo\u015bci o niskiej temperaturze.<br \/>\nDoskona\u0142a ochrona do noszenia przez zimny pocz\u0105tek.<br \/>\nBardzo wysoka stabilno\u015b\u0107 termiczna i utleniacza.<br \/>\nDoskona\u0142a odporno\u015b\u0107 na pieczenie, korozj\u0119 i zu\u017cycie.<br \/>\nWysoki poziom dyspersji i odstraszania.<br \/>\nIndeks lepko\u015bci.<br \/>\nRozszerzony interwa\u0142 odp\u0142ywowy oleju.<br \/>\nPoprawa zu\u017cycia paliwa.<br \/>\nWAVE POWER SPECIAL LLV 0W-20 przekracza nast\u0119puj\u0105ce kryteria wydajno\u015bci:<br \/>\nSpotkania: VW 508 00\/509 00 Posche C20 ACEA C5 API SN Plus<\/p>\n","protected":false},"excerpt":{"rendered":"<p>W pe\u0142ni syntetyczny MID SAPS Olej do samochod\u00f3w osobowych. WAVEPOWER SPECIAL LLV 0W-20 to w pe\u0142ni syntetyczna oszcz\u0119dno\u015b\u0107 paliwa oleju wiertniczego z nap\u0119dem spo\u017cywczym do stosowania w silnikach benzynowych i wysokopr\u0119\u017cnych samochod\u00f3w osobowych i lekkich samochod\u00f3w dostawczych, w kt\u00f3rych okre\u015blono norm\u0119 VAG 508.00\/509.00. Uwaga: Ten produkt nie jest wstecznie kompatybilny ze starszymi pojazdami, kt\u00f3re wymagaj\u0105 [&hellip;]<\/p>\n","protected":false},"featured_media":890,"template":"","meta":{"_acf_changed":false},"product_brand":[47],"product_cat":[59],"product_tag":[],"class_list":{"0":"post-891","1":"product","2":"type-product","3":"status-publish","4":"has-post-thumbnail","6":"product_brand-nsl","7":"product_cat-oleje-silnikowe","9":"first","10":"instock","11":"shipping-taxable","12":"purchasable","13":"product-type-simple"},"acf":[],"_links":{"self":[{"href":"https:\/\/syntaco.pl\/sklep\/wp-json\/wp\/v2\/product\/891","targetHints":{"allow":["GET"]}}],"collection":[{"href":"https:\/\/syntaco.pl\/sklep\/wp-json\/wp\/v2\/product"}],"about":[{"href":"https:\/\/syntaco.pl\/sklep\/wp-json\/wp\/v2\/types\/product"}],"wp:featuredmedia":[{"embeddable":true,"href":"https:\/\/syntaco.pl\/sklep\/wp-json\/wp\/v2\/media\/890"}],"wp:attachment":[{"href":"https:\/\/syntaco.pl\/sklep\/wp-json\/wp\/v2\/media?parent=891"}],"wp:term":[{"taxonomy":"product_brand","embeddable":true,"href":"https:\/\/syntaco.pl\/sklep\/wp-json\/wp\/v2\/product_brand?post=891"},{"taxonomy":"product_cat","embeddable":true,"href":"https:\/\/syntaco.pl\/sklep\/wp-json\/wp\/v2\/product_cat?post=891"},{"taxonomy":"product_tag","embeddable":true,"href":"https:\/\/syntaco.pl\/sklep\/wp-json\/wp\/v2\/product_tag?post=891"}],"curies":[{"name":"wp","href":"https:\/\/api.w.org\/{rel}","templated":true}]}}