{"id":887,"date":"2025-12-19T10:18:17","date_gmt":"2025-12-19T09:18:17","guid":{"rendered":"https:\/\/syntaco.artneo.pl\/produkt\/nsl-wave-power-special-vlv-0w-20-5l\/"},"modified":"2026-04-15T09:42:26","modified_gmt":"2026-04-15T07:42:26","slug":"nsl-wave-power-special-vlv-0w-20-5l","status":"publish","type":"product","link":"https:\/\/syntaco.pl\/sklep\/produkt\/nsl-wave-power-special-vlv-0w-20-5l\/","title":{"rendered":"NSL WAVE POWER SPECIAL VLV 0W-20 5L"},"content":{"rendered":"<p>W pe\u0142ni syntetyczny olej do samochod\u00f3w osobowych. Oparty na 100% technologii syntetycznej specjalnie zaprojektowanej do stosowania w samochodach osobowych Volvo z turbospr\u0119\u017cark\u0105 lub bez, gdzie wymagane jest Volvo VCC RBS0-2AE.<br \/>\nWAVE POWER SPECIAL VLV 0W-20 mo\u017ce by\u0107 r\u00f3wnie\u017c stosowany w aplikacjach, w kt\u00f3rych wymagany jest ACEA A1\/B1 lub API: SN.<br \/>\nNormy i aprobaty:<br \/>\nVolvo VCC RBS0-2AE na rz\u0119sycie<br \/>\nACEA C5 (ang.)<br \/>\nAPI SP<\/p>\n","protected":false},"excerpt":{"rendered":"<p>W pe\u0142ni syntetyczny olej do samochod\u00f3w osobowych. Oparty na 100% technologii syntetycznej specjalnie zaprojektowanej do stosowania w samochodach osobowych Volvo z turbospr\u0119\u017cark\u0105 lub bez, gdzie wymagane jest Volvo VCC RBS0-2AE. WAVE POWER SPECIAL VLV 0W-20 mo\u017ce by\u0107 r\u00f3wnie\u017c stosowany w aplikacjach, w kt\u00f3rych wymagany jest ACEA A1\/B1 lub API: SN. Normy i aprobaty: Volvo VCC [&hellip;]<\/p>\n","protected":false},"featured_media":886,"template":"","meta":{"_acf_changed":false},"product_brand":[47],"product_cat":[59],"product_tag":[],"class_list":{"0":"post-887","1":"product","2":"type-product","3":"status-publish","4":"has-post-thumbnail","6":"product_brand-nsl","7":"product_cat-oleje-silnikowe","9":"first","10":"instock","11":"shipping-taxable","12":"purchasable","13":"product-type-simple"},"acf":[],"_links":{"self":[{"href":"https:\/\/syntaco.pl\/sklep\/wp-json\/wp\/v2\/product\/887","targetHints":{"allow":["GET"]}}],"collection":[{"href":"https:\/\/syntaco.pl\/sklep\/wp-json\/wp\/v2\/product"}],"about":[{"href":"https:\/\/syntaco.pl\/sklep\/wp-json\/wp\/v2\/types\/product"}],"wp:featuredmedia":[{"embeddable":true,"href":"https:\/\/syntaco.pl\/sklep\/wp-json\/wp\/v2\/media\/886"}],"wp:attachment":[{"href":"https:\/\/syntaco.pl\/sklep\/wp-json\/wp\/v2\/media?parent=887"}],"wp:term":[{"taxonomy":"product_brand","embeddable":true,"href":"https:\/\/syntaco.pl\/sklep\/wp-json\/wp\/v2\/product_brand?post=887"},{"taxonomy":"product_cat","embeddable":true,"href":"https:\/\/syntaco.pl\/sklep\/wp-json\/wp\/v2\/product_cat?post=887"},{"taxonomy":"product_tag","embeddable":true,"href":"https:\/\/syntaco.pl\/sklep\/wp-json\/wp\/v2\/product_tag?post=887"}],"curies":[{"name":"wp","href":"https:\/\/api.w.org\/{rel}","templated":true}]}}