{"id":881,"date":"2025-12-19T10:18:11","date_gmt":"2025-12-19T09:18:11","guid":{"rendered":"https:\/\/syntaco.artneo.pl\/produkt\/nsl-wave-power-special-rne-5w-30-1l\/"},"modified":"2026-04-15T09:42:22","modified_gmt":"2026-04-15T07:42:22","slug":"nsl-wave-power-special-rne-5w-30-1l","status":"publish","type":"product","link":"https:\/\/syntaco.pl\/sklep\/produkt\/nsl-wave-power-special-rne-5w-30-1l\/","title":{"rendered":"NSL WAVE POWER SPECIAL RNE 5W-30 1L"},"content":{"rendered":"<p>&#8222;WAVE POWER SPECIAL RNE 5W-30 to wysokowydajny, oszcz\u0119dzaj\u0105cy paliwo olej LOW SAPS, oparty w 100% na technologii syntetycznej, do stosowania w silnikach benzynowych i wysokopr\u0119\u017cnych samochod\u00f3w osobowych i lekkich dostawczych, specjalnie zaprojektowany do najnowszej generacji silnik\u00f3w wysokopr\u0119\u017cnych Renault i Nissan wyposa\u017conych w filtr cz\u0105stek sta\u0142ych (DPF) i wszystkie inne silniki, w kt\u00f3rych wymagany jest produkt ACEA C4. WAVE POWER SPECIAL RNE 5W-30 sk\u0142ada si\u0119 z wysokiej jako\u015bci syntetycznych olej\u00f3w bazowych w po\u0142\u0105czeniu z unikaln\u0105 technologi\u0105 dodatk\u00f3w, aby osi\u0105gn\u0105\u0107 nast\u0119puj\u0105ce parametry:<br \/>\n\u2022 Bardzo dobre w\u0142a\u015bciwo\u015bci w niskich temperaturach.<br \/>\n\u2022 Ochrona przed zu\u017cyciem podczas zimnego rozruchu.<br \/>\n\u2022 Bardzo wysoka stabilno\u015b\u0107 termiczna i oksydacyjna.<br \/>\n\u2022 Doskona\u0142a odporno\u015b\u0107 na pienienie, korozj\u0119 i zu\u017cycie.<br \/>\n\u2022 Wysoki poziom dyspersji i detergentu.<br \/>\n\u2022 Wysoki wska\u017anik lepko\u015bci.<br \/>\n\u2022 Wyd\u0142u\u017cony okres mi\u0119dzy wymianami oleju.<br \/>\nWAVE POWER SPECIAL RNE 5W-30 przekracza nast\u0119puj\u0105ce kryteria wydajno\u015bci: ACEA C4-16 Renault RN 0720 MB 226,51&#8221;<\/p>\n","protected":false},"excerpt":{"rendered":"<p>&#8222;WAVE POWER SPECIAL RNE 5W-30 to wysokowydajny, oszcz\u0119dzaj\u0105cy paliwo olej LOW SAPS, oparty w 100% na technologii syntetycznej, do stosowania w silnikach benzynowych i wysokopr\u0119\u017cnych samochod\u00f3w osobowych i lekkich dostawczych, specjalnie zaprojektowany do najnowszej generacji silnik\u00f3w wysokopr\u0119\u017cnych Renault i Nissan wyposa\u017conych w filtr cz\u0105stek sta\u0142ych (DPF) i wszystkie inne silniki, w kt\u00f3rych wymagany jest produkt [&hellip;]<\/p>\n","protected":false},"featured_media":880,"template":"","meta":{"_acf_changed":false},"product_brand":[47],"product_cat":[59],"product_tag":[],"class_list":{"0":"post-881","1":"product","2":"type-product","3":"status-publish","4":"has-post-thumbnail","6":"product_brand-nsl","7":"product_cat-oleje-silnikowe","9":"first","10":"instock","11":"shipping-taxable","12":"purchasable","13":"product-type-simple"},"acf":[],"_links":{"self":[{"href":"https:\/\/syntaco.pl\/sklep\/wp-json\/wp\/v2\/product\/881","targetHints":{"allow":["GET"]}}],"collection":[{"href":"https:\/\/syntaco.pl\/sklep\/wp-json\/wp\/v2\/product"}],"about":[{"href":"https:\/\/syntaco.pl\/sklep\/wp-json\/wp\/v2\/types\/product"}],"wp:featuredmedia":[{"embeddable":true,"href":"https:\/\/syntaco.pl\/sklep\/wp-json\/wp\/v2\/media\/880"}],"wp:attachment":[{"href":"https:\/\/syntaco.pl\/sklep\/wp-json\/wp\/v2\/media?parent=881"}],"wp:term":[{"taxonomy":"product_brand","embeddable":true,"href":"https:\/\/syntaco.pl\/sklep\/wp-json\/wp\/v2\/product_brand?post=881"},{"taxonomy":"product_cat","embeddable":true,"href":"https:\/\/syntaco.pl\/sklep\/wp-json\/wp\/v2\/product_cat?post=881"},{"taxonomy":"product_tag","embeddable":true,"href":"https:\/\/syntaco.pl\/sklep\/wp-json\/wp\/v2\/product_tag?post=881"}],"curies":[{"name":"wp","href":"https:\/\/api.w.org\/{rel}","templated":true}]}}