{"id":879,"date":"2025-12-19T10:18:09","date_gmt":"2025-12-19T09:18:09","guid":{"rendered":"https:\/\/syntaco.artneo.pl\/produkt\/q8-auto-cvt-evo-1l\/"},"modified":"2026-03-28T08:31:25","modified_gmt":"2026-03-28T07:31:25","slug":"q8-auto-cvt-evo-1l","status":"publish","type":"product","link":"https:\/\/syntaco.pl\/sklep\/produkt\/q8-auto-cvt-evo-1l\/","title":{"rendered":"Q8 Auto CVT EVO &#8211; 1L"},"content":{"rendered":"<p>Q8 Auto CVT EVO to znakomity p\u0142yn do przek\u0142adni CVT do wielu pojazd\u00f3w, przeznaczony do nowoczesnych przek\u0142adni. Produkt ten jest odporny na \u015bcinanie, zapewnia d\u0142u\u017csze okresy mi\u0119dzy wymianami, doskona\u0142\u0105 rezerw\u0119 wydajno\u015bci i zapobiega \u015blizganiu si\u0119 pask\u00f3w\/sprz\u0119ge\u0142 i awariom. Utrzymuje wysokie tarcie stal-stal i ci\u015bnienie oleju oraz zapewnia mocny film olejowy.<br \/>\nZastosowanie:<br \/>\nQ8 Auto CVT EVO mo\u017cna stosowa\u0107 w przek\u0142adniach CVT w samochodach osobowych. Spe\u0142nia specyfikacj\u0119 JASO LVFA. Produkt opiera si\u0119 na nowej technologii i przekracza wymagania wszystkich g\u0142\u00f3wnych producent\u00f3w OEM, takich jak Toyota, Nissan, Mitsubishi, Subaru, Suzuki, Hyundai, Honda, Daihatsu, Mini, BMW, Chrysler i GM.<\/p>\n","protected":false},"excerpt":{"rendered":"<p>Q8 Auto CVT EVO to znakomity p\u0142yn do przek\u0142adni CVT do wielu pojazd\u00f3w, przeznaczony do nowoczesnych przek\u0142adni. Produkt ten jest odporny na \u015bcinanie, zapewnia d\u0142u\u017csze okresy mi\u0119dzy wymianami, doskona\u0142\u0105 rezerw\u0119 wydajno\u015bci i zapobiega \u015blizganiu si\u0119 pask\u00f3w\/sprz\u0119ge\u0142 i awariom. Utrzymuje wysokie tarcie stal-stal i ci\u015bnienie oleju oraz zapewnia mocny film olejowy. Zastosowanie: Q8 Auto CVT EVO [&hellip;]<\/p>\n","protected":false},"featured_media":878,"template":"","meta":{"_acf_changed":false},"product_brand":[49],"product_cat":[36,30],"product_tag":[],"class_list":{"0":"post-879","1":"product","2":"type-product","3":"status-publish","4":"has-post-thumbnail","6":"product_brand-kuwait-petroleum-belgium-n-v-s-a","7":"product_cat-oleje-przekladniowe","8":"product_cat-produkty","10":"first","11":"instock","12":"shipping-taxable","13":"purchasable","14":"product-type-simple"},"acf":[],"_links":{"self":[{"href":"https:\/\/syntaco.pl\/sklep\/wp-json\/wp\/v2\/product\/879","targetHints":{"allow":["GET"]}}],"collection":[{"href":"https:\/\/syntaco.pl\/sklep\/wp-json\/wp\/v2\/product"}],"about":[{"href":"https:\/\/syntaco.pl\/sklep\/wp-json\/wp\/v2\/types\/product"}],"wp:featuredmedia":[{"embeddable":true,"href":"https:\/\/syntaco.pl\/sklep\/wp-json\/wp\/v2\/media\/878"}],"wp:attachment":[{"href":"https:\/\/syntaco.pl\/sklep\/wp-json\/wp\/v2\/media?parent=879"}],"wp:term":[{"taxonomy":"product_brand","embeddable":true,"href":"https:\/\/syntaco.pl\/sklep\/wp-json\/wp\/v2\/product_brand?post=879"},{"taxonomy":"product_cat","embeddable":true,"href":"https:\/\/syntaco.pl\/sklep\/wp-json\/wp\/v2\/product_cat?post=879"},{"taxonomy":"product_tag","embeddable":true,"href":"https:\/\/syntaco.pl\/sklep\/wp-json\/wp\/v2\/product_tag?post=879"}],"curies":[{"name":"wp","href":"https:\/\/api.w.org\/{rel}","templated":true}]}}