{"id":874,"date":"2025-12-19T10:18:07","date_gmt":"2025-12-19T09:18:07","guid":{"rendered":"https:\/\/syntaco.artneo.pl\/produkt\/q8-auto-dct-evo-1l\/"},"modified":"2026-03-28T08:31:23","modified_gmt":"2026-03-28T07:31:23","slug":"q8-auto-dct-evo-1l","status":"publish","type":"product","link":"https:\/\/syntaco.pl\/sklep\/produkt\/q8-auto-dct-evo-1l\/","title":{"rendered":"Q8 Auto DCT EVO &#8211; 1L"},"content":{"rendered":"<p>Q8 Auto DCT EVO to doskona\u0142y olej do nowoczesnych automatycznych skrzy\u0144 bieg\u00f3w DCT. Wiod\u0105ca na rynku technologia zapewnia doskona\u0142\u0105 rezerw\u0119 osi\u0105g\u00f3w.<br \/>\nKorzy\u015bci<br \/>\n\u2022Doskona\u0142a ochrona przed zu\u017cyciem przek\u0142ada si\u0119 na wi\u0119ksz\u0105 trwa\u0142o\u015b\u0107 skrzyni.<br \/>\n\u2022Doskona\u0142a stabilno\u015b\u0107 oksydacyjna i termiczna<br \/>\n\u2022Zwi\u0119kszona stabilno\u015b\u0107 odporno\u015bci na \u015bcinanie zapewnia stabiln\u0105 lepko\u015b\u0107 podczas u\u017cytkowania<br \/>\n\u2022Znakomita kompatybilno\u015b\u0107 z elastomerami<br \/>\n\u2022Doskona\u0142e zmniejszenie tarcia wewn\u0119trznego.<br \/>\nSpecyfikacje i aprobaty: BMW 6-speed DCT, BMW DCTF-1, BMW Drivelogic 7-speed (Getrag), BMW MITF LT-5, Borg Warner, Bugatti Veyron(Wet DCT), Chrysler Powershift 6- speed(Getrag), Ferrari 7-speed(Getrag), Ford M2C 936-A, Ford\/Nissan Powershift 6-speed(GFT), MB 236.21, MB 236.25, MB 239.21, Mitsubishi Diaqueen SSTF-1, Mitsubishi MZ320065, Mitshubishi TC-SST 6-speed(GFT), PSA 9734-S2, PSA DCS 6speed(GFT), Renault EDC 6-speed(Getrag), Renault EDC 7-speed, Shell TF DCT-F3, VAG VW G 052 182, VAG VW G 052 529, Volvo Power 6-speed(GFT)<\/p>\n","protected":false},"excerpt":{"rendered":"<p>Q8 Auto DCT EVO to doskona\u0142y olej do nowoczesnych automatycznych skrzy\u0144 bieg\u00f3w DCT. Wiod\u0105ca na rynku technologia zapewnia doskona\u0142\u0105 rezerw\u0119 osi\u0105g\u00f3w. Korzy\u015bci \u2022Doskona\u0142a ochrona przed zu\u017cyciem przek\u0142ada si\u0119 na wi\u0119ksz\u0105 trwa\u0142o\u015b\u0107 skrzyni. \u2022Doskona\u0142a stabilno\u015b\u0107 oksydacyjna i termiczna \u2022Zwi\u0119kszona stabilno\u015b\u0107 odporno\u015bci na \u015bcinanie zapewnia stabiln\u0105 lepko\u015b\u0107 podczas u\u017cytkowania \u2022Znakomita kompatybilno\u015b\u0107 z elastomerami \u2022Doskona\u0142e zmniejszenie tarcia wewn\u0119trznego. [&hellip;]<\/p>\n","protected":false},"featured_media":873,"template":"","meta":{"_acf_changed":false},"product_brand":[49],"product_cat":[36,30],"product_tag":[],"class_list":{"0":"post-874","1":"product","2":"type-product","3":"status-publish","4":"has-post-thumbnail","6":"product_brand-kuwait-petroleum-belgium-n-v-s-a","7":"product_cat-oleje-przekladniowe","8":"product_cat-produkty","10":"first","11":"instock","12":"shipping-taxable","13":"purchasable","14":"product-type-simple"},"acf":[],"_links":{"self":[{"href":"https:\/\/syntaco.pl\/sklep\/wp-json\/wp\/v2\/product\/874","targetHints":{"allow":["GET"]}}],"collection":[{"href":"https:\/\/syntaco.pl\/sklep\/wp-json\/wp\/v2\/product"}],"about":[{"href":"https:\/\/syntaco.pl\/sklep\/wp-json\/wp\/v2\/types\/product"}],"wp:featuredmedia":[{"embeddable":true,"href":"https:\/\/syntaco.pl\/sklep\/wp-json\/wp\/v2\/media\/873"}],"wp:attachment":[{"href":"https:\/\/syntaco.pl\/sklep\/wp-json\/wp\/v2\/media?parent=874"}],"wp:term":[{"taxonomy":"product_brand","embeddable":true,"href":"https:\/\/syntaco.pl\/sklep\/wp-json\/wp\/v2\/product_brand?post=874"},{"taxonomy":"product_cat","embeddable":true,"href":"https:\/\/syntaco.pl\/sklep\/wp-json\/wp\/v2\/product_cat?post=874"},{"taxonomy":"product_tag","embeddable":true,"href":"https:\/\/syntaco.pl\/sklep\/wp-json\/wp\/v2\/product_tag?post=874"}],"curies":[{"name":"wp","href":"https:\/\/api.w.org\/{rel}","templated":true}]}}