{"id":864,"date":"2025-12-19T10:17:57","date_gmt":"2025-12-19T09:17:57","guid":{"rendered":"https:\/\/syntaco.artneo.pl\/produkt\/q8-axle-oil-gl-5-75w-90-1l\/"},"modified":"2026-03-28T08:31:20","modified_gmt":"2026-03-28T07:31:20","slug":"q8-axle-oil-gl-5-75w-90-1l","status":"publish","type":"product","link":"https:\/\/syntaco.pl\/sklep\/produkt\/q8-axle-oil-gl-5-75w-90-1l\/","title":{"rendered":"Q8 Axle Oil GL-5 75W-90 &#8211; 1L"},"content":{"rendered":"<p>Q8 Axle Oil GL-5 75W-90 to najwy\u017cszej jako\u015bci olej przek\u0142adniowy, opracowany do pojazd\u00f3w ci\u0119\u017carowych i samochod\u00f3w osobowych. Mo\u017ce by\u0107 stosowany do przek\u0142adni g\u0142\u00f3wnych, dyferencja\u0142\u00f3w, tylnych most\u00f3w i skrzy\u0144 rozdzielczych spe\u0142niaj\u0105cych specyfikacj\u0119 API GL-5.<br \/>\nQ8 Axle Oil GL-5 75W-90 jest przeznaczony do pojazd\u00f3w ci\u0119\u017carowych i samochod\u00f3w osobowych. Mo\u017ce by\u0107 stosowany do zwolnic, dyferencja\u0142\u00f3w, tylnych most\u00f3w i skrzy\u0144 rozdzielczych, spe\u0142niaj\u0105c specyfikacj\u0119 API GL-5.<br \/>\nZnakomita ochrona osi przed zu\u017cyciem.<br \/>\nDoskona\u0142a ochrona przek\u0142adni w ci\u0119\u017ckich warunkach.<br \/>\nDoskona\u0142a ochrona przed rdz\u0105 i korozj\u0105.<br \/>\nPoprawiona odporno\u015b\u0107 na \u015bcinanie dla stabilnej lepko\u015bci podczas u\u017cytkowania<\/p>\n","protected":false},"excerpt":{"rendered":"<p>Q8 Axle Oil GL-5 75W-90 to najwy\u017cszej jako\u015bci olej przek\u0142adniowy, opracowany do pojazd\u00f3w ci\u0119\u017carowych i samochod\u00f3w osobowych. Mo\u017ce by\u0107 stosowany do przek\u0142adni g\u0142\u00f3wnych, dyferencja\u0142\u00f3w, tylnych most\u00f3w i skrzy\u0144 rozdzielczych spe\u0142niaj\u0105cych specyfikacj\u0119 API GL-5. Q8 Axle Oil GL-5 75W-90 jest przeznaczony do pojazd\u00f3w ci\u0119\u017carowych i samochod\u00f3w osobowych. Mo\u017ce by\u0107 stosowany do zwolnic, dyferencja\u0142\u00f3w, tylnych most\u00f3w i [&hellip;]<\/p>\n","protected":false},"featured_media":863,"template":"","meta":{"_acf_changed":false},"product_brand":[49],"product_cat":[36,30],"product_tag":[],"class_list":{"0":"post-864","1":"product","2":"type-product","3":"status-publish","4":"has-post-thumbnail","6":"product_brand-kuwait-petroleum-belgium-n-v-s-a","7":"product_cat-oleje-przekladniowe","8":"product_cat-produkty","10":"first","11":"instock","12":"shipping-taxable","13":"purchasable","14":"product-type-simple"},"acf":[],"_links":{"self":[{"href":"https:\/\/syntaco.pl\/sklep\/wp-json\/wp\/v2\/product\/864","targetHints":{"allow":["GET"]}}],"collection":[{"href":"https:\/\/syntaco.pl\/sklep\/wp-json\/wp\/v2\/product"}],"about":[{"href":"https:\/\/syntaco.pl\/sklep\/wp-json\/wp\/v2\/types\/product"}],"wp:featuredmedia":[{"embeddable":true,"href":"https:\/\/syntaco.pl\/sklep\/wp-json\/wp\/v2\/media\/863"}],"wp:attachment":[{"href":"https:\/\/syntaco.pl\/sklep\/wp-json\/wp\/v2\/media?parent=864"}],"wp:term":[{"taxonomy":"product_brand","embeddable":true,"href":"https:\/\/syntaco.pl\/sklep\/wp-json\/wp\/v2\/product_brand?post=864"},{"taxonomy":"product_cat","embeddable":true,"href":"https:\/\/syntaco.pl\/sklep\/wp-json\/wp\/v2\/product_cat?post=864"},{"taxonomy":"product_tag","embeddable":true,"href":"https:\/\/syntaco.pl\/sklep\/wp-json\/wp\/v2\/product_tag?post=864"}],"curies":[{"name":"wp","href":"https:\/\/api.w.org\/{rel}","templated":true}]}}