{"id":858,"date":"2025-12-19T10:17:53","date_gmt":"2025-12-19T09:17:53","guid":{"rendered":"https:\/\/syntaco.artneo.pl\/produkt\/q8-auto-mv-20l\/"},"modified":"2026-04-15T09:42:17","modified_gmt":"2026-04-15T07:42:17","slug":"q8-auto-mv-20l","status":"publish","type":"product","link":"https:\/\/syntaco.pl\/sklep\/produkt\/q8-auto-mv-20l\/","title":{"rendered":"Q8 Auto MV &#8211; 20L"},"content":{"rendered":"<p>Q8 Auto MV to wysokiej klasy ca\u0142kowicie syntetyczny olej do automatycznych skrzy\u0144 bieg\u00f3w zapewniaj\u0105cy oszcz\u0119dno\u015b\u0107 paliwa. Produkt jest kompatybilny z wi\u0119kszo\u015bci\u0105 pojazd\u00f3w wymagaj\u0105cych oleju o niskiej lepko\u015bci.<br \/>\nKorzy\u015bci<br \/>\n\u2022\tDoskona\u0142a ochrona przed zu\u017cyciem przek\u0142ada si\u0119 na wi\u0119ksz\u0105 trwa\u0142o\u015b\u0107 skrzyni.<br \/>\n\u2022\tOptymalne w\u0142a\u015bciwo\u015bci tarcia nawet w niskich temperaturach<br \/>\n\u2022\tZnakomita kompatybilno\u015b\u0107 z elastomerami<br \/>\nSpecyfikacje i aprobaty: Aisin Wamer JWS AW-1, BMW\/MINI 83 22 0 142 516, BMW\/MINI 83 22 0 163 514, BMW\/MINI 83 22 0 397 114, Ford Mercon LV, GM Dexron VI, Honda DW-1, Hyundai\/Kia SPH-IV, Hyundai\/Kia SP-IV, Jaguar Land Rover Fluid 8432, JASO M315 Type 1A, Mazda ATF FZ, MB 236.12, MB 236.14, MB 236.15, MB 236.41, Mitsubishi ATF-J3, Nissan Matic S, Toyota WS, VAG VW G 052 533, VAG VW G 055 005, VAG VW G 055 162, VAG VW G 055 540, VAG VW G 060 162<\/p>\n","protected":false},"excerpt":{"rendered":"<p>Q8 Auto MV to wysokiej klasy ca\u0142kowicie syntetyczny olej do automatycznych skrzy\u0144 bieg\u00f3w zapewniaj\u0105cy oszcz\u0119dno\u015b\u0107 paliwa. Produkt jest kompatybilny z wi\u0119kszo\u015bci\u0105 pojazd\u00f3w wymagaj\u0105cych oleju o niskiej lepko\u015bci. Korzy\u015bci \u2022 Doskona\u0142a ochrona przed zu\u017cyciem przek\u0142ada si\u0119 na wi\u0119ksz\u0105 trwa\u0142o\u015b\u0107 skrzyni. \u2022 Optymalne w\u0142a\u015bciwo\u015bci tarcia nawet w niskich temperaturach \u2022 Znakomita kompatybilno\u015b\u0107 z elastomerami Specyfikacje i aprobaty: [&hellip;]<\/p>\n","protected":false},"featured_media":857,"template":"","meta":{"_acf_changed":false},"product_brand":[49],"product_cat":[36,30],"product_tag":[],"class_list":{"0":"post-858","1":"product","2":"type-product","3":"status-publish","4":"has-post-thumbnail","6":"product_brand-kuwait-petroleum-belgium-n-v-s-a","7":"product_cat-oleje-przekladniowe","8":"product_cat-produkty","10":"first","11":"instock","12":"shipping-taxable","13":"purchasable","14":"product-type-simple"},"acf":[],"_links":{"self":[{"href":"https:\/\/syntaco.pl\/sklep\/wp-json\/wp\/v2\/product\/858","targetHints":{"allow":["GET"]}}],"collection":[{"href":"https:\/\/syntaco.pl\/sklep\/wp-json\/wp\/v2\/product"}],"about":[{"href":"https:\/\/syntaco.pl\/sklep\/wp-json\/wp\/v2\/types\/product"}],"wp:featuredmedia":[{"embeddable":true,"href":"https:\/\/syntaco.pl\/sklep\/wp-json\/wp\/v2\/media\/857"}],"wp:attachment":[{"href":"https:\/\/syntaco.pl\/sklep\/wp-json\/wp\/v2\/media?parent=858"}],"wp:term":[{"taxonomy":"product_brand","embeddable":true,"href":"https:\/\/syntaco.pl\/sklep\/wp-json\/wp\/v2\/product_brand?post=858"},{"taxonomy":"product_cat","embeddable":true,"href":"https:\/\/syntaco.pl\/sklep\/wp-json\/wp\/v2\/product_cat?post=858"},{"taxonomy":"product_tag","embeddable":true,"href":"https:\/\/syntaco.pl\/sklep\/wp-json\/wp\/v2\/product_tag?post=858"}],"curies":[{"name":"wp","href":"https:\/\/api.w.org\/{rel}","templated":true}]}}