{"id":848,"date":"2025-12-19T10:17:44","date_gmt":"2025-12-19T09:17:44","guid":{"rendered":"https:\/\/syntaco.artneo.pl\/produkt\/q8-chain-lube-ptfe-400ml\/"},"modified":"2026-03-28T08:31:16","modified_gmt":"2026-03-28T07:31:16","slug":"q8-chain-lube-ptfe-400ml","status":"publish","type":"product","link":"https:\/\/syntaco.pl\/sklep\/produkt\/q8-chain-lube-ptfe-400ml\/","title":{"rendered":"Q8 Chain Lube PTFE &#8211; 400ml"},"content":{"rendered":"<p>Q8 Chain lube PTFE to doskona\u0142y syntetyczny smar w sprayu o wysokiej przyczepno\u015bci do \u0142a\u0144cuch\u00f3w motocyklowych, zawieraj\u0105cy PTFE. Zapewnia d\u0142u\u017csz\u0105 \u017cywotno\u015b\u0107 i charakteryzuje si\u0119 wyj\u0105tkow\u0105 odporno\u015bci\u0105 na wod\u0119.<br \/>\nKorzy\u015bci:<br \/>\n\u2022 Doskona\u0142a przyczepno\u015b\u0107 do \u0142a\u0144cucha.<br \/>\n\u2022 Doskona\u0142e zabezpieczenie przed odskoczeniem \u0142a\u0144cucha.<br \/>\n\u2022 Doskona\u0142a kompatybilno\u015b\u0107 z elastomerami do stosowania z \u0142a\u0144cuchami typu o-ring.<br \/>\n\u2022 Doskona\u0142a ochrona przed korozj\u0105 w ka\u017cdych warunkach atmosferycznych.<br \/>\n\u2022 Doskona\u0142a odporno\u015b\u0107 na wysokie temperatury i ci\u015bnienia.<\/p>\n","protected":false},"excerpt":{"rendered":"<p>Q8 Chain lube PTFE to doskona\u0142y syntetyczny smar w sprayu o wysokiej przyczepno\u015bci do \u0142a\u0144cuch\u00f3w motocyklowych, zawieraj\u0105cy PTFE. Zapewnia d\u0142u\u017csz\u0105 \u017cywotno\u015b\u0107 i charakteryzuje si\u0119 wyj\u0105tkow\u0105 odporno\u015bci\u0105 na wod\u0119. Korzy\u015bci: \u2022 Doskona\u0142a przyczepno\u015b\u0107 do \u0142a\u0144cucha. \u2022 Doskona\u0142e zabezpieczenie przed odskoczeniem \u0142a\u0144cucha. \u2022 Doskona\u0142a kompatybilno\u015b\u0107 z elastomerami do stosowania z \u0142a\u0144cuchami typu o-ring. \u2022 Doskona\u0142a ochrona przed [&hellip;]<\/p>\n","protected":false},"featured_media":847,"template":"","meta":{"_acf_changed":false},"product_brand":[49],"product_cat":[30,31],"product_tag":[],"class_list":{"0":"post-848","1":"product","2":"type-product","3":"status-publish","4":"has-post-thumbnail","6":"product_brand-kuwait-petroleum-belgium-n-v-s-a","7":"product_cat-produkty","8":"product_cat-smary","10":"first","11":"instock","12":"shipping-taxable","13":"purchasable","14":"product-type-simple"},"acf":[],"_links":{"self":[{"href":"https:\/\/syntaco.pl\/sklep\/wp-json\/wp\/v2\/product\/848","targetHints":{"allow":["GET"]}}],"collection":[{"href":"https:\/\/syntaco.pl\/sklep\/wp-json\/wp\/v2\/product"}],"about":[{"href":"https:\/\/syntaco.pl\/sklep\/wp-json\/wp\/v2\/types\/product"}],"wp:featuredmedia":[{"embeddable":true,"href":"https:\/\/syntaco.pl\/sklep\/wp-json\/wp\/v2\/media\/847"}],"wp:attachment":[{"href":"https:\/\/syntaco.pl\/sklep\/wp-json\/wp\/v2\/media?parent=848"}],"wp:term":[{"taxonomy":"product_brand","embeddable":true,"href":"https:\/\/syntaco.pl\/sklep\/wp-json\/wp\/v2\/product_brand?post=848"},{"taxonomy":"product_cat","embeddable":true,"href":"https:\/\/syntaco.pl\/sklep\/wp-json\/wp\/v2\/product_cat?post=848"},{"taxonomy":"product_tag","embeddable":true,"href":"https:\/\/syntaco.pl\/sklep\/wp-json\/wp\/v2\/product_tag?post=848"}],"curies":[{"name":"wp","href":"https:\/\/api.w.org\/{rel}","templated":true}]}}