{"id":846,"date":"2025-12-19T10:17:43","date_gmt":"2025-12-19T09:17:43","guid":{"rendered":"https:\/\/syntaco.artneo.pl\/produkt\/nsl-wave-power-excellence-synth-le-5w-40-5l\/"},"modified":"2026-04-15T09:42:15","modified_gmt":"2026-04-15T07:42:15","slug":"nsl-wave-power-excellence-synth-le-5w-40-5l","status":"publish","type":"product","link":"https:\/\/syntaco.pl\/sklep\/produkt\/nsl-wave-power-excellence-synth-le-5w-40-5l\/","title":{"rendered":"NSL WAVE POWER EXCELLENCE SYNTH LE 5W-40 5L"},"content":{"rendered":"<p>WAVE POWER EXCELLENCE SYNTH LE 5W-40 to wysokowydajny olej silnikowy MID SAPS oparty na technologii syntetycznej do stosowania w silnikach benzynowych i wysokopr\u0119\u017cnych najnowszej generacji samochod\u00f3w osobowych i lekkich samochod\u00f3w dostawczych z turbospr\u0119\u017cark\u0105 lub bez.<br \/>\nWAVE POWER EXCELLENCE SYNTH LE 5W-40 jest opracowany do stosowania w silnikach, kt\u00f3re s\u0105 wyposa\u017cone w uk\u0142ad wydechowy lub bez uk\u0142adu oczyszczania (DPF, EGR). Opiera si\u0119 na wysokowydajnym 100% syntetycznym oleju bazowym w po\u0142\u0105czeniu ze specjalnie wyselekcjonowan\u0105 technologi\u0105 dodatk\u00f3w w celu zapewnienia nast\u0119puj\u0105cych w\u0142a\u015bciwo\u015bci: Dobra stabilno\u015b\u0107 termiczna i utleniania. Technologia MID SAPS. Dobra ochrona przed zu\u017cyciem, piank\u0105 i korozj\u0105. W\u0142a\u015bciwo\u015bci o niskiej temperaturze, aby zapewni\u0107 p\u0142ynne zimno. Wyposa\u017cony do silnik\u00f3w wysokopr\u0119\u017cnych z uk\u0142adem wydechowym po zabiegu. W\u0142a\u015bciwo\u015bci oszcz\u0119dzaj\u0105ce paliwo.<br \/>\nWAVE POWER EXCELLENCE SYNTH LE 5W-40 spe\u0142nia nast\u0119puj\u0105ce kryteria wydajno\u015bci:<br \/>\nZatwierdzony:<br \/>\nMB-Apel 229,52<br \/>\nMB-Apelacja 229,51<br \/>\nBMW LL-04<br \/>\nspecyfikacja:<br \/>\nACEA C3<br \/>\nAPI SP<br \/>\nMB 229.3<\/p>\n","protected":false},"excerpt":{"rendered":"<p>WAVE POWER EXCELLENCE SYNTH LE 5W-40 to wysokowydajny olej silnikowy MID SAPS oparty na technologii syntetycznej do stosowania w silnikach benzynowych i wysokopr\u0119\u017cnych najnowszej generacji samochod\u00f3w osobowych i lekkich samochod\u00f3w dostawczych z turbospr\u0119\u017cark\u0105 lub bez. WAVE POWER EXCELLENCE SYNTH LE 5W-40 jest opracowany do stosowania w silnikach, kt\u00f3re s\u0105 wyposa\u017cone w uk\u0142ad wydechowy lub bez [&hellip;]<\/p>\n","protected":false},"featured_media":845,"template":"","meta":{"_acf_changed":false},"product_brand":[47],"product_cat":[59],"product_tag":[],"class_list":{"0":"post-846","1":"product","2":"type-product","3":"status-publish","4":"has-post-thumbnail","6":"product_brand-nsl","7":"product_cat-oleje-silnikowe","9":"first","10":"instock","11":"shipping-taxable","12":"purchasable","13":"product-type-simple"},"acf":[],"_links":{"self":[{"href":"https:\/\/syntaco.pl\/sklep\/wp-json\/wp\/v2\/product\/846","targetHints":{"allow":["GET"]}}],"collection":[{"href":"https:\/\/syntaco.pl\/sklep\/wp-json\/wp\/v2\/product"}],"about":[{"href":"https:\/\/syntaco.pl\/sklep\/wp-json\/wp\/v2\/types\/product"}],"wp:featuredmedia":[{"embeddable":true,"href":"https:\/\/syntaco.pl\/sklep\/wp-json\/wp\/v2\/media\/845"}],"wp:attachment":[{"href":"https:\/\/syntaco.pl\/sklep\/wp-json\/wp\/v2\/media?parent=846"}],"wp:term":[{"taxonomy":"product_brand","embeddable":true,"href":"https:\/\/syntaco.pl\/sklep\/wp-json\/wp\/v2\/product_brand?post=846"},{"taxonomy":"product_cat","embeddable":true,"href":"https:\/\/syntaco.pl\/sklep\/wp-json\/wp\/v2\/product_cat?post=846"},{"taxonomy":"product_tag","embeddable":true,"href":"https:\/\/syntaco.pl\/sklep\/wp-json\/wp\/v2\/product_tag?post=846"}],"curies":[{"name":"wp","href":"https:\/\/api.w.org\/{rel}","templated":true}]}}