{"id":842,"date":"2025-12-19T10:17:39","date_gmt":"2025-12-19T09:17:39","guid":{"rendered":"https:\/\/syntaco.artneo.pl\/produkt\/nsl-super-tractor-power-10w-30-20l\/"},"modified":"2026-04-15T09:42:11","modified_gmt":"2026-04-15T07:42:11","slug":"nsl-super-tractor-power-10w-30-20l","status":"publish","type":"product","link":"https:\/\/syntaco.pl\/sklep\/produkt\/nsl-super-tractor-power-10w-30-20l\/","title":{"rendered":"NSL SUPER TRACTOR POWER 10W-30 20L"},"content":{"rendered":"<p>SUPER TRACTOR POWER 10W-30 to wysokiej jako\u015bci uniwersalny olej oparty na tzw. \u201eSuper Tractor Oil Universal\u201d (STOU) opracowany do stosowania w ci\u0105gnikach, kombajnach i urz\u0105dze\u0144 terenowych z silnikami wysokopr\u0119\u017cnymi lub bez nich. Super Tractor Oil Universal jest r\u00f3wnie\u017c przeznaczony do smarowania przek\u0142adni, odbioru mocy, nap\u0119du ko\u0144cowego, uk\u0142adu hydraulicznego oraz mokrych hamulcach. Produkt ten nie mo\u017ce by\u0107 stosowany w silnikach wysokopr\u0119\u017cnych wyposa\u017conych w filtr cz\u0105stek sta\u0142ych (DPF).<br \/>\nSpecyfikacja silnika:<br \/>\nAPI CG-4\/CF-4\/CE\/SF MB 227.1 ACEA E3<br \/>\nSpecyfikacja UTTO\/STOU:<br \/>\nZF TE-ML 06B,C,R,R,07B Ford M2C159B\/C MF M 1145<br \/>\nJD J27, J20C\/D Ford M2C86B\/C Ford M2C134D<br \/>\nSprawa MS 1204\/6\/7\/9 MF M 1135\/1139 MF 1143\/1144<br \/>\nCaterpillar TO-2 API GL-4 Allison C-4<br \/>\nCNH MAT 3525,3526 NH030C NH 024C<br \/>\nNH 82009201 NH 410B NH 420A<br \/>\nHydr. Spec:<br \/>\nEaton M-2950S Eaton I-280-S Danfoss &#8211; opinie, recenzje u\u017cytkownik\u00f3w, ekspert\u00f3w, por\u00f3wnanie cen. &#8211; alaTest.pl<\/p>\n","protected":false},"excerpt":{"rendered":"<p>SUPER TRACTOR POWER 10W-30 to wysokiej jako\u015bci uniwersalny olej oparty na tzw. \u201eSuper Tractor Oil Universal\u201d (STOU) opracowany do stosowania w ci\u0105gnikach, kombajnach i urz\u0105dze\u0144 terenowych z silnikami wysokopr\u0119\u017cnymi lub bez nich. Super Tractor Oil Universal jest r\u00f3wnie\u017c przeznaczony do smarowania przek\u0142adni, odbioru mocy, nap\u0119du ko\u0144cowego, uk\u0142adu hydraulicznego oraz mokrych hamulcach. Produkt ten nie mo\u017ce [&hellip;]<\/p>\n","protected":false},"featured_media":841,"template":"","meta":{"_acf_changed":false},"product_brand":[47],"product_cat":[39,30],"product_tag":[],"class_list":{"0":"post-842","1":"product","2":"type-product","3":"status-publish","4":"has-post-thumbnail","6":"product_brand-nsl","7":"product_cat-oleje-rolnicze","8":"product_cat-produkty","10":"first","11":"instock","12":"shipping-taxable","13":"purchasable","14":"product-type-simple"},"acf":[],"_links":{"self":[{"href":"https:\/\/syntaco.pl\/sklep\/wp-json\/wp\/v2\/product\/842","targetHints":{"allow":["GET"]}}],"collection":[{"href":"https:\/\/syntaco.pl\/sklep\/wp-json\/wp\/v2\/product"}],"about":[{"href":"https:\/\/syntaco.pl\/sklep\/wp-json\/wp\/v2\/types\/product"}],"wp:featuredmedia":[{"embeddable":true,"href":"https:\/\/syntaco.pl\/sklep\/wp-json\/wp\/v2\/media\/841"}],"wp:attachment":[{"href":"https:\/\/syntaco.pl\/sklep\/wp-json\/wp\/v2\/media?parent=842"}],"wp:term":[{"taxonomy":"product_brand","embeddable":true,"href":"https:\/\/syntaco.pl\/sklep\/wp-json\/wp\/v2\/product_brand?post=842"},{"taxonomy":"product_cat","embeddable":true,"href":"https:\/\/syntaco.pl\/sklep\/wp-json\/wp\/v2\/product_cat?post=842"},{"taxonomy":"product_tag","embeddable":true,"href":"https:\/\/syntaco.pl\/sklep\/wp-json\/wp\/v2\/product_tag?post=842"}],"curies":[{"name":"wp","href":"https:\/\/api.w.org\/{rel}","templated":true}]}}