{"id":838,"date":"2025-12-19T10:17:36","date_gmt":"2025-12-19T09:17:36","guid":{"rendered":"https:\/\/syntaco.artneo.pl\/produkt\/nsl-wave-power-excellence-0w-40-5l\/"},"modified":"2026-04-15T09:42:08","modified_gmt":"2026-04-15T07:42:08","slug":"nsl-wave-power-excellence-0w-40-5l","status":"publish","type":"product","link":"https:\/\/syntaco.pl\/sklep\/produkt\/nsl-wave-power-excellence-0w-40-5l\/","title":{"rendered":"NSL WAVE POWER EXCELLENCE 0W-40 5L"},"content":{"rendered":"<p>W pe\u0142ni syntetyczny olej do samochod\u00f3w osobowych. WAVE POWER EXCELLENCE 0W-40 to wysokowydajny olej energooszcz\u0119dny w pe\u0142ni syntetyczny olej silnikowy do stosowania w silnikach benzynowych i wysokopr\u0119\u017cnych w samochodach osobowych najnowszej generacji i lekkich dostawczych z spr\u0119\u017carkami turbo lub bez nich.<br \/>\nWAVE POWER EXCELLENCE 0W-40 opiera si\u0119 na wysokiej jako\u015bci syntetycznych zapasach bazowych w po\u0142\u0105czeniu z unikalnym pakietem dodatk\u00f3w w celu zapewnienia nast\u0119puj\u0105cych w\u0142a\u015bciwo\u015bci: Doskona\u0142a stabilno\u015b\u0107 termiczna i utleniaj\u0105ca. W\u0142a\u015bciwo\u015bci oszcz\u0119dzaj\u0105ce paliwo. Doskona\u0142a ochrona przed zu\u017cyciem, pianka en korozja. Wska\u017anik wysokiej lepko\u015bci w szerokim zakresie warunk\u00f3w otoczenia. W\u0142a\u015bciwo\u015bci o niskiej temperaturze, aby zapewni\u0107 p\u0142ynny zimny pocz\u0105tek.<br \/>\nWAVE POWER EXCELLENCE 0W-40 przekracza nast\u0119puj\u0105ce kryteria wydajno\u015bci:<br \/>\nZatwierdzony:<br \/>\nMB-Zatwierdzenie 229,5<br \/>\nspecyfikacja:<br \/>\nACEA A3\/B4<br \/>\nAPI SN<br \/>\nVW 502.00\/505.00<br \/>\nPorsche A40 (ang.)<br \/>\nRenault RN 0700\/0710<br \/>\nFord M2C937-A<\/p>\n","protected":false},"excerpt":{"rendered":"<p>W pe\u0142ni syntetyczny olej do samochod\u00f3w osobowych. WAVE POWER EXCELLENCE 0W-40 to wysokowydajny olej energooszcz\u0119dny w pe\u0142ni syntetyczny olej silnikowy do stosowania w silnikach benzynowych i wysokopr\u0119\u017cnych w samochodach osobowych najnowszej generacji i lekkich dostawczych z spr\u0119\u017carkami turbo lub bez nich. WAVE POWER EXCELLENCE 0W-40 opiera si\u0119 na wysokiej jako\u015bci syntetycznych zapasach bazowych w po\u0142\u0105czeniu [&hellip;]<\/p>\n","protected":false},"featured_media":837,"template":"","meta":{"_acf_changed":false},"product_brand":[47],"product_cat":[59],"product_tag":[],"class_list":{"0":"post-838","1":"product","2":"type-product","3":"status-publish","4":"has-post-thumbnail","6":"product_brand-nsl","7":"product_cat-oleje-silnikowe","9":"first","10":"instock","11":"shipping-taxable","12":"purchasable","13":"product-type-simple"},"acf":[],"_links":{"self":[{"href":"https:\/\/syntaco.pl\/sklep\/wp-json\/wp\/v2\/product\/838","targetHints":{"allow":["GET"]}}],"collection":[{"href":"https:\/\/syntaco.pl\/sklep\/wp-json\/wp\/v2\/product"}],"about":[{"href":"https:\/\/syntaco.pl\/sklep\/wp-json\/wp\/v2\/types\/product"}],"wp:featuredmedia":[{"embeddable":true,"href":"https:\/\/syntaco.pl\/sklep\/wp-json\/wp\/v2\/media\/837"}],"wp:attachment":[{"href":"https:\/\/syntaco.pl\/sklep\/wp-json\/wp\/v2\/media?parent=838"}],"wp:term":[{"taxonomy":"product_brand","embeddable":true,"href":"https:\/\/syntaco.pl\/sklep\/wp-json\/wp\/v2\/product_brand?post=838"},{"taxonomy":"product_cat","embeddable":true,"href":"https:\/\/syntaco.pl\/sklep\/wp-json\/wp\/v2\/product_cat?post=838"},{"taxonomy":"product_tag","embeddable":true,"href":"https:\/\/syntaco.pl\/sklep\/wp-json\/wp\/v2\/product_tag?post=838"}],"curies":[{"name":"wp","href":"https:\/\/api.w.org\/{rel}","templated":true}]}}