{"id":834,"date":"2025-12-19T10:17:33","date_gmt":"2025-12-19T09:17:33","guid":{"rendered":"https:\/\/syntaco.artneo.pl\/produkt\/nsl-wave-power-racing-5w-50-1l\/"},"modified":"2026-04-15T09:42:06","modified_gmt":"2026-04-15T07:42:06","slug":"nsl-wave-power-racing-5w-50-1l","status":"publish","type":"product","link":"https:\/\/syntaco.pl\/sklep\/produkt\/nsl-wave-power-racing-5w-50-1l\/","title":{"rendered":"NSL WAVE POWER RACING 5W-50 1L"},"content":{"rendered":"<p>W pe\u0142ni syntetyczny olej do samochod\u00f3w osobowych.<br \/>\nWAVE POWER RACING 5W-50 to wysokowydajny olej silnikowy oparty na technologii syntetycznej i zapasach bazowych PAO (Poly-Alpha-Olyfine) o wyj\u0105tkowej jako\u015bci, zapewniaj\u0105cy ekstremalne osi\u0105gi w silnikach nap\u0119dzanych benzyn\u0105, olejem nap\u0119dowym i LPG w samochodach osobowych z turbospr\u0119\u017cark\u0105 lub bez, pracuj\u0105cych w trudnych warunkach temperaturowych i obci\u0105\u017cenia.<br \/>\nWAVE POWER RACING 5W-50 jest oparty na wysokiej jako\u015bci syntetycznych zapasach bazowych w po\u0142\u0105czeniu z unikalnym pakietem dodatk\u00f3w, aby zapewni\u0107 nast\u0119puj\u0105ce w\u0142a\u015bciwo\u015bci: Doskona\u0142a stabilno\u015b\u0107 termiczna i utleniaj\u0105ca.Bardzo dobry dyspergator i w\u0142a\u015bciwo\u015bci detergentu. Doskona\u0142a w\u0142a\u015bciwo\u015bci w niskich temperaturach dla g\u0142adkiego zimnego pocz\u0105tku. Doskona\u0142a ochrona przed zu\u017cyciem, korozja i piank\u0105. Wyposa\u017cony w ekstremalne i ci\u0119\u017ckie warunki.<br \/>\nWAVE POWER RACING 5W-50 przekracza nast\u0119puj\u0105ce kryteria wydajno\u015bci:<br \/>\nInterfejs API: SP<br \/>\nACEA A3\/B4<br \/>\nVW 501.01\/505.00<\/p>\n","protected":false},"excerpt":{"rendered":"<p>W pe\u0142ni syntetyczny olej do samochod\u00f3w osobowych. WAVE POWER RACING 5W-50 to wysokowydajny olej silnikowy oparty na technologii syntetycznej i zapasach bazowych PAO (Poly-Alpha-Olyfine) o wyj\u0105tkowej jako\u015bci, zapewniaj\u0105cy ekstremalne osi\u0105gi w silnikach nap\u0119dzanych benzyn\u0105, olejem nap\u0119dowym i LPG w samochodach osobowych z turbospr\u0119\u017cark\u0105 lub bez, pracuj\u0105cych w trudnych warunkach temperaturowych i obci\u0105\u017cenia. WAVE POWER RACING [&hellip;]<\/p>\n","protected":false},"featured_media":833,"template":"","meta":{"_acf_changed":false},"product_brand":[47],"product_cat":[59],"product_tag":[],"class_list":{"0":"post-834","1":"product","2":"type-product","3":"status-publish","4":"has-post-thumbnail","6":"product_brand-nsl","7":"product_cat-oleje-silnikowe","9":"first","10":"instock","11":"shipping-taxable","12":"purchasable","13":"product-type-simple"},"acf":[],"_links":{"self":[{"href":"https:\/\/syntaco.pl\/sklep\/wp-json\/wp\/v2\/product\/834","targetHints":{"allow":["GET"]}}],"collection":[{"href":"https:\/\/syntaco.pl\/sklep\/wp-json\/wp\/v2\/product"}],"about":[{"href":"https:\/\/syntaco.pl\/sklep\/wp-json\/wp\/v2\/types\/product"}],"wp:featuredmedia":[{"embeddable":true,"href":"https:\/\/syntaco.pl\/sklep\/wp-json\/wp\/v2\/media\/833"}],"wp:attachment":[{"href":"https:\/\/syntaco.pl\/sklep\/wp-json\/wp\/v2\/media?parent=834"}],"wp:term":[{"taxonomy":"product_brand","embeddable":true,"href":"https:\/\/syntaco.pl\/sklep\/wp-json\/wp\/v2\/product_brand?post=834"},{"taxonomy":"product_cat","embeddable":true,"href":"https:\/\/syntaco.pl\/sklep\/wp-json\/wp\/v2\/product_cat?post=834"},{"taxonomy":"product_tag","embeddable":true,"href":"https:\/\/syntaco.pl\/sklep\/wp-json\/wp\/v2\/product_tag?post=834"}],"curies":[{"name":"wp","href":"https:\/\/api.w.org\/{rel}","templated":true}]}}