{"id":830,"date":"2025-12-19T10:17:30","date_gmt":"2025-12-19T09:17:30","guid":{"rendered":"https:\/\/syntaco.artneo.pl\/produkt\/nsl-tidal-power-hd-20w-50-200l\/"},"modified":"2026-04-15T09:42:02","modified_gmt":"2026-04-15T07:42:02","slug":"nsl-tidal-power-hd-20w-50-200l","status":"publish","type":"product","link":"https:\/\/syntaco.pl\/sklep\/produkt\/nsl-tidal-power-hd-20w-50-200l\/","title":{"rendered":"NSL TIDAL POWER HD 20W-50 200L"},"content":{"rendered":"<p>TIDAL POWER HD 20W-50 olej silnikowy wysokopr\u0119\u017cny o du\u017cej wytrzyma\u0142o\u015bci.<br \/>\nTIDAL POWER HD 20W-50 to wysokowydajny uniwersalny olej silnikowy do silnik\u00f3w wysokopr\u0119\u017cnych w pojazdach u\u017cytkowych o lekkich i ci\u0119\u017ckich warunkach u\u017cytkowych pracuj\u0105cych przez ca\u0142y rok do stosowania w silnikach Euro-1, Euro-2 i Euro-3 wyposa\u017conych w EGR i\/lub SCR. Ten produkt nie nadaje si\u0119 do pojazd\u00f3w wyposa\u017conych w filtry DPF.<br \/>\nTIDAL POWER HD 20W-50 przekracza nast\u0119puj\u0105ce kryteria:<br \/>\nAPI: API CG-4\/CF: SG ACEA E2 (poziom) MB 228.3<br \/>\nMAN M 3275 Volvo VDS MTU Type 2 MACK EO-L<\/p>\n","protected":false},"excerpt":{"rendered":"<p>TIDAL POWER HD 20W-50 olej silnikowy wysokopr\u0119\u017cny o du\u017cej wytrzyma\u0142o\u015bci. TIDAL POWER HD 20W-50 to wysokowydajny uniwersalny olej silnikowy do silnik\u00f3w wysokopr\u0119\u017cnych w pojazdach u\u017cytkowych o lekkich i ci\u0119\u017ckich warunkach u\u017cytkowych pracuj\u0105cych przez ca\u0142y rok do stosowania w silnikach Euro-1, Euro-2 i Euro-3 wyposa\u017conych w EGR i\/lub SCR. Ten produkt nie nadaje si\u0119 do pojazd\u00f3w [&hellip;]<\/p>\n","protected":false},"featured_media":829,"template":"","meta":{"_acf_changed":false},"product_brand":[47],"product_cat":[59],"product_tag":[],"class_list":{"0":"post-830","1":"product","2":"type-product","3":"status-publish","4":"has-post-thumbnail","6":"product_brand-nsl","7":"product_cat-oleje-silnikowe","9":"first","10":"instock","11":"shipping-taxable","12":"purchasable","13":"product-type-simple"},"acf":[],"_links":{"self":[{"href":"https:\/\/syntaco.pl\/sklep\/wp-json\/wp\/v2\/product\/830","targetHints":{"allow":["GET"]}}],"collection":[{"href":"https:\/\/syntaco.pl\/sklep\/wp-json\/wp\/v2\/product"}],"about":[{"href":"https:\/\/syntaco.pl\/sklep\/wp-json\/wp\/v2\/types\/product"}],"wp:featuredmedia":[{"embeddable":true,"href":"https:\/\/syntaco.pl\/sklep\/wp-json\/wp\/v2\/media\/829"}],"wp:attachment":[{"href":"https:\/\/syntaco.pl\/sklep\/wp-json\/wp\/v2\/media?parent=830"}],"wp:term":[{"taxonomy":"product_brand","embeddable":true,"href":"https:\/\/syntaco.pl\/sklep\/wp-json\/wp\/v2\/product_brand?post=830"},{"taxonomy":"product_cat","embeddable":true,"href":"https:\/\/syntaco.pl\/sklep\/wp-json\/wp\/v2\/product_cat?post=830"},{"taxonomy":"product_tag","embeddable":true,"href":"https:\/\/syntaco.pl\/sklep\/wp-json\/wp\/v2\/product_tag?post=830"}],"curies":[{"name":"wp","href":"https:\/\/api.w.org\/{rel}","templated":true}]}}