{"id":824,"date":"2025-12-19T10:17:25","date_gmt":"2025-12-19T09:17:25","guid":{"rendered":"https:\/\/syntaco.artneo.pl\/produkt\/nsl-tidal-power-hdx-10w-40-20l\/"},"modified":"2026-04-15T09:42:00","modified_gmt":"2026-04-15T07:42:00","slug":"nsl-tidal-power-hdx-10w-40-20l","status":"publish","type":"product","link":"https:\/\/syntaco.pl\/sklep\/produkt\/nsl-tidal-power-hdx-10w-40-20l\/","title":{"rendered":"NSL TIDAL POWER HDX 10W-40 20L"},"content":{"rendered":"<p>TIDAL POWER HDX 10W-40 to ekstra wysokowydajny uniwersalny olej silnikowy przeznaczony do wysokoobci\u0105\u017conych silnik\u00f3w Diesla w lekkich i ci\u0119\u017ckich pojazdach u\u017cytkowych pracuj\u0105cych w ci\u0119\u017ckich warunkach przez ca\u0142y rok do stosowania w Euro-3, Euro-4 i Euro-5 silniki wyposa\u017cone w EGR i\/lub SCR. Ten produkt nie nadaje si\u0119 do pojazd\u00f3w wyposa\u017conych w filtry DPF.<\/p>\n","protected":false},"excerpt":{"rendered":"<p>TIDAL POWER HDX 10W-40 to ekstra wysokowydajny uniwersalny olej silnikowy przeznaczony do wysokoobci\u0105\u017conych silnik\u00f3w Diesla w lekkich i ci\u0119\u017ckich pojazdach u\u017cytkowych pracuj\u0105cych w ci\u0119\u017ckich warunkach przez ca\u0142y rok do stosowania w Euro-3, Euro-4 i Euro-5 silniki wyposa\u017cone w EGR i\/lub SCR. Ten produkt nie nadaje si\u0119 do pojazd\u00f3w wyposa\u017conych w filtry DPF.<\/p>\n","protected":false},"featured_media":823,"template":"","meta":{"_acf_changed":false},"product_brand":[47],"product_cat":[59],"product_tag":[],"class_list":{"0":"post-824","1":"product","2":"type-product","3":"status-publish","4":"has-post-thumbnail","6":"product_brand-nsl","7":"product_cat-oleje-silnikowe","9":"first","10":"instock","11":"shipping-taxable","12":"purchasable","13":"product-type-simple"},"acf":[],"_links":{"self":[{"href":"https:\/\/syntaco.pl\/sklep\/wp-json\/wp\/v2\/product\/824","targetHints":{"allow":["GET"]}}],"collection":[{"href":"https:\/\/syntaco.pl\/sklep\/wp-json\/wp\/v2\/product"}],"about":[{"href":"https:\/\/syntaco.pl\/sklep\/wp-json\/wp\/v2\/types\/product"}],"wp:featuredmedia":[{"embeddable":true,"href":"https:\/\/syntaco.pl\/sklep\/wp-json\/wp\/v2\/media\/823"}],"wp:attachment":[{"href":"https:\/\/syntaco.pl\/sklep\/wp-json\/wp\/v2\/media?parent=824"}],"wp:term":[{"taxonomy":"product_brand","embeddable":true,"href":"https:\/\/syntaco.pl\/sklep\/wp-json\/wp\/v2\/product_brand?post=824"},{"taxonomy":"product_cat","embeddable":true,"href":"https:\/\/syntaco.pl\/sklep\/wp-json\/wp\/v2\/product_cat?post=824"},{"taxonomy":"product_tag","embeddable":true,"href":"https:\/\/syntaco.pl\/sklep\/wp-json\/wp\/v2\/product_tag?post=824"}],"curies":[{"name":"wp","href":"https:\/\/api.w.org\/{rel}","templated":true}]}}