{"id":818,"date":"2025-12-19T10:17:18","date_gmt":"2025-12-19T09:17:18","guid":{"rendered":"https:\/\/syntaco.artneo.pl\/produkt\/nsl-wave-power-excellence-5w-40-1l\/"},"modified":"2026-04-15T09:41:57","modified_gmt":"2026-04-15T07:41:57","slug":"nsl-wave-power-excellence-5w-40-1l","status":"publish","type":"product","link":"https:\/\/syntaco.pl\/sklep\/produkt\/nsl-wave-power-excellence-5w-40-1l\/","title":{"rendered":"NSL WAVE POWER EXCELLENCE 5W-40 1L"},"content":{"rendered":"<p>WAVE POWER EXCELLENCE 5W-40 to nowoczesny, w 100% syntetyczny olej silnikowy do stosowania w wysokowydajnych, turbodo\u0142adowanych, do\u0142adowanych, wielozaworowych silnikach z wtryskiem paliwa, w samochodach osobowych, SUV-ach i lekkich furgonetkach.<br \/>\nWAVE POWER EXCELLENCE 5W-40 sk\u0142ada si\u0119 z wysokiej jako\u015bci syntetycznych olej\u00f3w bazowych w po\u0142\u0105czeniu z unikaln\u0105 technologi\u0105 dodatk\u00f3w, aby osi\u0105gn\u0105\u0107 nast\u0119puj\u0105ce parametry:<br \/>\n\u2022 D\u0142ugie okresy mi\u0119dzy wymianami<br \/>\n\u2022 Wysoka ochrona przed powstawaniem osad\u00f3w i \u201eszlam\u00f3w\u201d.<br \/>\n\u2022 Bardzo dobre w\u0142a\u015bciwo\u015bci w niskich temperaturach.<br \/>\n\u2022 Ochrona przed zu\u017cyciem podczas zimnego rozruchu.<br \/>\n\u2022 Bardzo wysoka stabilno\u015b\u0107 termiczna i oksydacyjna.<br \/>\n\u2022 Doskona\u0142a odporno\u015b\u0107 na pienienie, korozj\u0119 i zu\u017cycie.<br \/>\n\u2022 Wysoki wska\u017anik lepko\u015bci<br \/>\nWAVE POWER EXCELLENCE 5W-40 przekracza nast\u0119puj\u0105ce kryteria wydajno\u015bci:<br \/>\nAprobaty:<br \/>\nAtest MB 229.5<br \/>\nVW 502.00\/505.00<br \/>\nSpe\u0142nia wymagania:<br \/>\nAPI: SP<br \/>\nACEA A3\/B4<br \/>\nMB 226,5<br \/>\nMB 229,3<br \/>\nGM-LL-025-A<br \/>\nGM-LL-025-B<br \/>\nRenault RN 0700\/0710<br \/>\nPSA B71 2296<br \/>\nBMW LL-01 (<\/p>\n","protected":false},"excerpt":{"rendered":"<p>WAVE POWER EXCELLENCE 5W-40 to nowoczesny, w 100% syntetyczny olej silnikowy do stosowania w wysokowydajnych, turbodo\u0142adowanych, do\u0142adowanych, wielozaworowych silnikach z wtryskiem paliwa, w samochodach osobowych, SUV-ach i lekkich furgonetkach. WAVE POWER EXCELLENCE 5W-40 sk\u0142ada si\u0119 z wysokiej jako\u015bci syntetycznych olej\u00f3w bazowych w po\u0142\u0105czeniu z unikaln\u0105 technologi\u0105 dodatk\u00f3w, aby osi\u0105gn\u0105\u0107 nast\u0119puj\u0105ce parametry: \u2022 D\u0142ugie okresy mi\u0119dzy [&hellip;]<\/p>\n","protected":false},"featured_media":817,"template":"","meta":{"_acf_changed":false},"product_brand":[47],"product_cat":[59],"product_tag":[],"class_list":{"0":"post-818","1":"product","2":"type-product","3":"status-publish","4":"has-post-thumbnail","6":"product_brand-nsl","7":"product_cat-oleje-silnikowe","9":"first","10":"instock","11":"shipping-taxable","12":"purchasable","13":"product-type-simple"},"acf":[],"_links":{"self":[{"href":"https:\/\/syntaco.pl\/sklep\/wp-json\/wp\/v2\/product\/818","targetHints":{"allow":["GET"]}}],"collection":[{"href":"https:\/\/syntaco.pl\/sklep\/wp-json\/wp\/v2\/product"}],"about":[{"href":"https:\/\/syntaco.pl\/sklep\/wp-json\/wp\/v2\/types\/product"}],"wp:featuredmedia":[{"embeddable":true,"href":"https:\/\/syntaco.pl\/sklep\/wp-json\/wp\/v2\/media\/817"}],"wp:attachment":[{"href":"https:\/\/syntaco.pl\/sklep\/wp-json\/wp\/v2\/media?parent=818"}],"wp:term":[{"taxonomy":"product_brand","embeddable":true,"href":"https:\/\/syntaco.pl\/sklep\/wp-json\/wp\/v2\/product_brand?post=818"},{"taxonomy":"product_cat","embeddable":true,"href":"https:\/\/syntaco.pl\/sklep\/wp-json\/wp\/v2\/product_cat?post=818"},{"taxonomy":"product_tag","embeddable":true,"href":"https:\/\/syntaco.pl\/sklep\/wp-json\/wp\/v2\/product_tag?post=818"}],"curies":[{"name":"wp","href":"https:\/\/api.w.org\/{rel}","templated":true}]}}