{"id":814,"date":"2025-12-19T10:17:15","date_gmt":"2025-12-19T09:17:15","guid":{"rendered":"https:\/\/syntaco.artneo.pl\/produkt\/nsl-wave-power-performance-15w-40-5l\/"},"modified":"2026-04-15T09:41:55","modified_gmt":"2026-04-15T07:41:55","slug":"nsl-wave-power-performance-15w-40-5l","status":"publish","type":"product","link":"https:\/\/syntaco.pl\/sklep\/produkt\/nsl-wave-power-performance-15w-40-5l\/","title":{"rendered":"NSL WAVE POWER PERFORMANCE 15W-40 5L"},"content":{"rendered":"<p>WAVE POWER PERFORMANCE 15W-40 to wielofunkcyjny mineralny olej silnikowy do starszych silnik\u00f3w benzynowych, Diesla i LPG samochod\u00f3w osobowych i lekkich dostawczych z turbospr\u0119\u017cark\u0105 lub bez.<br \/>\nWAVE POWER PERFORMANCE 15W-40 zosta\u0142 opracowany na bazie wysokowydajnych olej\u00f3w bazowych z pierwszego t\u0142oczenia w po\u0142\u0105czeniu z wybranym pakietem dodatk\u00f3w, aby osi\u0105gn\u0105\u0107 nast\u0119puj\u0105ce w\u0142a\u015bciwo\u015bci:<br \/>\n\u2022 Stabilny wska\u017anik lepko\u015bci.<br \/>\n\u2022 Dobra ochrona przed rdz\u0105, korozj\u0105 i zu\u017cyciem.<br \/>\n\u2022 Dobre w\u0142a\u015bciwo\u015bci dysperguj\u0105ce i pior\u0105ce.<br \/>\n\u2022 Dobre w\u0142a\u015bciwo\u015bci przeciwpieni\u0105ce.<br \/>\nWAVE POWER PERFORMANCE 15W-40 przekracza nast\u0119puj\u0105ce kryteria wydajno\u015bci:<br \/>\nAPI: SL\/CF<\/p>\n","protected":false},"excerpt":{"rendered":"<p>WAVE POWER PERFORMANCE 15W-40 to wielofunkcyjny mineralny olej silnikowy do starszych silnik\u00f3w benzynowych, Diesla i LPG samochod\u00f3w osobowych i lekkich dostawczych z turbospr\u0119\u017cark\u0105 lub bez. WAVE POWER PERFORMANCE 15W-40 zosta\u0142 opracowany na bazie wysokowydajnych olej\u00f3w bazowych z pierwszego t\u0142oczenia w po\u0142\u0105czeniu z wybranym pakietem dodatk\u00f3w, aby osi\u0105gn\u0105\u0107 nast\u0119puj\u0105ce w\u0142a\u015bciwo\u015bci: \u2022 Stabilny wska\u017anik lepko\u015bci. \u2022 Dobra [&hellip;]<\/p>\n","protected":false},"featured_media":813,"template":"","meta":{"_acf_changed":false},"product_brand":[47],"product_cat":[59],"product_tag":[],"class_list":{"0":"post-814","1":"product","2":"type-product","3":"status-publish","4":"has-post-thumbnail","6":"product_brand-nsl","7":"product_cat-oleje-silnikowe","9":"first","10":"instock","11":"shipping-taxable","12":"purchasable","13":"product-type-simple"},"acf":[],"_links":{"self":[{"href":"https:\/\/syntaco.pl\/sklep\/wp-json\/wp\/v2\/product\/814","targetHints":{"allow":["GET"]}}],"collection":[{"href":"https:\/\/syntaco.pl\/sklep\/wp-json\/wp\/v2\/product"}],"about":[{"href":"https:\/\/syntaco.pl\/sklep\/wp-json\/wp\/v2\/types\/product"}],"wp:featuredmedia":[{"embeddable":true,"href":"https:\/\/syntaco.pl\/sklep\/wp-json\/wp\/v2\/media\/813"}],"wp:attachment":[{"href":"https:\/\/syntaco.pl\/sklep\/wp-json\/wp\/v2\/media?parent=814"}],"wp:term":[{"taxonomy":"product_brand","embeddable":true,"href":"https:\/\/syntaco.pl\/sklep\/wp-json\/wp\/v2\/product_brand?post=814"},{"taxonomy":"product_cat","embeddable":true,"href":"https:\/\/syntaco.pl\/sklep\/wp-json\/wp\/v2\/product_cat?post=814"},{"taxonomy":"product_tag","embeddable":true,"href":"https:\/\/syntaco.pl\/sklep\/wp-json\/wp\/v2\/product_tag?post=814"}],"curies":[{"name":"wp","href":"https:\/\/api.w.org\/{rel}","templated":true}]}}