{"id":812,"date":"2025-12-19T10:17:13","date_gmt":"2025-12-19T09:17:13","guid":{"rendered":"https:\/\/syntaco.artneo.pl\/produkt\/nsl-tidal-power-sxpd-5w-30-e6-e9-20l\/"},"modified":"2026-04-15T09:41:51","modified_gmt":"2026-04-15T07:41:51","slug":"nsl-tidal-power-sxpd-5w-30-e6-e9-20l","status":"publish","type":"product","link":"https:\/\/syntaco.pl\/sklep\/produkt\/nsl-tidal-power-sxpd-5w-30-e6-e9-20l\/","title":{"rendered":"NSL TIDAL POWER SXPD 5W-30 E6\/E9 20L"},"content":{"rendered":"<p>TIDAL POWER SXPD 5W-30 to oszcz\u0119dzaj\u0105cy paliwo, wysokowydajny olej uniwersalny Super MID SAPS przeznaczony do wysokoobci\u0105\u017conych silnik\u00f3w Diesla w lekkich i ci\u0119\u017ckich pojazdach u\u017cytkowych pracuj\u0105cych w trudnych warunkach przez ca\u0142y rok i zasilanych olejem nap\u0119dowym o niskiej zawarto\u015bci siarki (maks. 50 ppm ) do stosowania w silnikach Euro-4, Euro-5 i Euro-6 wyposa\u017conych w filtr cz\u0105stek sta\u0142ych (DPF). Produkt ten nadaje si\u0119 r\u00f3wnie\u017c do pojazd\u00f3w wyposa\u017conych w uk\u0142ady oczyszczania spalin EGR i\/lub SCR.<br \/>\nTo wysokiej jako\u015bci syntetyczny olej silnikowy przeznaczony do pojazd\u00f3w ci\u0119\u017carowych wymagaj\u0105cych specyfikacji:<br \/>\nAPI CK-4, ACEA E6\/E9, Deutz DQC-IV-18-LA, Cummins CES 20086, Renault RXD \/ RGD, MTU Type 3.1, DAF, IVECO, ECF-3, DDC93K222, MAN M 3477. Posiada aprobaty: MB-Approval 228.51, Volvo VDS 4.5, Mack EOS-4.5, Renault RLD-3 (pending).<\/p>\n","protected":false},"excerpt":{"rendered":"<p>TIDAL POWER SXPD 5W-30 to oszcz\u0119dzaj\u0105cy paliwo, wysokowydajny olej uniwersalny Super MID SAPS przeznaczony do wysokoobci\u0105\u017conych silnik\u00f3w Diesla w lekkich i ci\u0119\u017ckich pojazdach u\u017cytkowych pracuj\u0105cych w trudnych warunkach przez ca\u0142y rok i zasilanych olejem nap\u0119dowym o niskiej zawarto\u015bci siarki (maks. 50 ppm ) do stosowania w silnikach Euro-4, Euro-5 i Euro-6 wyposa\u017conych w filtr cz\u0105stek [&hellip;]<\/p>\n","protected":false},"featured_media":811,"template":"","meta":{"_acf_changed":false},"product_brand":[47],"product_cat":[59],"product_tag":[],"class_list":{"0":"post-812","1":"product","2":"type-product","3":"status-publish","4":"has-post-thumbnail","6":"product_brand-nsl","7":"product_cat-oleje-silnikowe","9":"first","10":"instock","11":"shipping-taxable","12":"purchasable","13":"product-type-simple"},"acf":[],"_links":{"self":[{"href":"https:\/\/syntaco.pl\/sklep\/wp-json\/wp\/v2\/product\/812","targetHints":{"allow":["GET"]}}],"collection":[{"href":"https:\/\/syntaco.pl\/sklep\/wp-json\/wp\/v2\/product"}],"about":[{"href":"https:\/\/syntaco.pl\/sklep\/wp-json\/wp\/v2\/types\/product"}],"wp:featuredmedia":[{"embeddable":true,"href":"https:\/\/syntaco.pl\/sklep\/wp-json\/wp\/v2\/media\/811"}],"wp:attachment":[{"href":"https:\/\/syntaco.pl\/sklep\/wp-json\/wp\/v2\/media?parent=812"}],"wp:term":[{"taxonomy":"product_brand","embeddable":true,"href":"https:\/\/syntaco.pl\/sklep\/wp-json\/wp\/v2\/product_brand?post=812"},{"taxonomy":"product_cat","embeddable":true,"href":"https:\/\/syntaco.pl\/sklep\/wp-json\/wp\/v2\/product_cat?post=812"},{"taxonomy":"product_tag","embeddable":true,"href":"https:\/\/syntaco.pl\/sklep\/wp-json\/wp\/v2\/product_tag?post=812"}],"curies":[{"name":"wp","href":"https:\/\/api.w.org\/{rel}","templated":true}]}}