{"id":804,"date":"2025-12-19T10:17:04","date_gmt":"2025-12-19T09:17:04","guid":{"rendered":"https:\/\/syntaco.artneo.pl\/produkt\/nsl-wave-power-performance-10w-40-sl-cf-5l\/"},"modified":"2026-04-15T09:41:47","modified_gmt":"2026-04-15T07:41:47","slug":"nsl-wave-power-performance-10w-40-sl-cf-5l","status":"publish","type":"product","link":"https:\/\/syntaco.pl\/sklep\/produkt\/nsl-wave-power-performance-10w-40-sl-cf-5l\/","title":{"rendered":"NSL WAVE POWER PERFORMANCE 10W-40 SL\/CF 5L"},"content":{"rendered":"<p>WAVE POWER PERFORMANCE 10W-40 to uniwersalny, p\u00f3\u0142syntetyczny olej o wysokich osi\u0105gach, przeznaczony do stosowania w silnikach benzynowych i wysokopr\u0119\u017cnych samochod\u00f3w osobowych i lekkich dostawczych z turbospr\u0119\u017cark\u0105 lub bez. Ten produkt nie nadaje si\u0119 do silnik\u00f3w Diesla wyposa\u017conych w filtr cz\u0105stek sta\u0142ych (DPF). Spe\u0142niia normy: API: SL\/CF<\/p>\n","protected":false},"excerpt":{"rendered":"<p>WAVE POWER PERFORMANCE 10W-40 to uniwersalny, p\u00f3\u0142syntetyczny olej o wysokich osi\u0105gach, przeznaczony do stosowania w silnikach benzynowych i wysokopr\u0119\u017cnych samochod\u00f3w osobowych i lekkich dostawczych z turbospr\u0119\u017cark\u0105 lub bez. Ten produkt nie nadaje si\u0119 do silnik\u00f3w Diesla wyposa\u017conych w filtr cz\u0105stek sta\u0142ych (DPF). Spe\u0142niia normy: API: SL\/CF<\/p>\n","protected":false},"featured_media":803,"template":"","meta":{"_acf_changed":false},"product_brand":[47],"product_cat":[59],"product_tag":[],"class_list":{"0":"post-804","1":"product","2":"type-product","3":"status-publish","4":"has-post-thumbnail","6":"product_brand-nsl","7":"product_cat-oleje-silnikowe","9":"first","10":"instock","11":"shipping-taxable","12":"purchasable","13":"product-type-simple"},"acf":[],"_links":{"self":[{"href":"https:\/\/syntaco.pl\/sklep\/wp-json\/wp\/v2\/product\/804","targetHints":{"allow":["GET"]}}],"collection":[{"href":"https:\/\/syntaco.pl\/sklep\/wp-json\/wp\/v2\/product"}],"about":[{"href":"https:\/\/syntaco.pl\/sklep\/wp-json\/wp\/v2\/types\/product"}],"wp:featuredmedia":[{"embeddable":true,"href":"https:\/\/syntaco.pl\/sklep\/wp-json\/wp\/v2\/media\/803"}],"wp:attachment":[{"href":"https:\/\/syntaco.pl\/sklep\/wp-json\/wp\/v2\/media?parent=804"}],"wp:term":[{"taxonomy":"product_brand","embeddable":true,"href":"https:\/\/syntaco.pl\/sklep\/wp-json\/wp\/v2\/product_brand?post=804"},{"taxonomy":"product_cat","embeddable":true,"href":"https:\/\/syntaco.pl\/sklep\/wp-json\/wp\/v2\/product_cat?post=804"},{"taxonomy":"product_tag","embeddable":true,"href":"https:\/\/syntaco.pl\/sklep\/wp-json\/wp\/v2\/product_tag?post=804"}],"curies":[{"name":"wp","href":"https:\/\/api.w.org\/{rel}","templated":true}]}}