{"id":798,"date":"2025-12-19T10:16:57","date_gmt":"2025-12-19T09:16:57","guid":{"rendered":"https:\/\/syntaco.artneo.pl\/produkt\/nsl-universal-tractor-power-80w-utto-5l\/"},"modified":"2026-04-15T09:41:45","modified_gmt":"2026-04-15T07:41:45","slug":"nsl-universal-tractor-power-80w-utto-5l","status":"publish","type":"product","link":"https:\/\/syntaco.pl\/sklep\/produkt\/nsl-universal-tractor-power-80w-utto-5l\/","title":{"rendered":"NSL UNIVERSAL TRACTOR POWER 80W UTTO 5L"},"content":{"rendered":"<p>Zaawansowany olej typu UTTO przeznaczony do maszyn wymagaj\u0105cych oleju o specyfikacjach:<br \/>\nJohn Deere J20C\/J20D, Ford M2C86A\/B, Ford M2C134D<br \/>\nAPI GL-4, Allison C-4,<br \/>\nCase MS 1204\/6\/7\/9, MF M1135\/1143\/1145, NH410B, NH420A, CNH MAT 3525\/3526, Oliver: Type 55\/Type 5J, New Holland 82948718, I.H.C. B-5 &amp; B-6 Hydran, Volvo WB101 (97303), Valtra G2-08 \/ G2-B10<br \/>\nWhite: Q-1705\/1722\/1766B, White: Q-1802\/1826, ZF TE-ML 03E\/05F\/06K<br \/>\nHydr. Spec:<br \/>\nEaton M-2950S, Eaton I-280-S, JCMAS HK P-041<br \/>\nDenison (pump only) HF (-0-2), Kubota: UDT fluid, Sauer Sundstrand\/Danfoss, DIN 51524-3.<br \/>\nUNIVERSAL TRACTOR POWER 80W to wysokowydajny p\u0142yn przeznaczony do stosowania w skrzyniach bieg\u00f3w, uk\u0142adach hydraulicznych, hamulcach zanurzonych w oleju ci\u0105gnik\u00f3w i sprz\u0119tu terenowego. P\u0142yny te s\u0105 specjalnie zaprojektowane do stosowania tam, gdzie wsp\u00f3lny zbiornik smaru obs\u0142uguje przek\u0142adnie, przek\u0142adnie g\u0142\u00f3wne i uk\u0142ady hydrauliczne, a tak\u017ce do optymalizacji wydajno\u015bci ci\u0105gnik\u00f3w rolniczych i komercyjnych.<\/p>\n","protected":false},"excerpt":{"rendered":"<p>Zaawansowany olej typu UTTO przeznaczony do maszyn wymagaj\u0105cych oleju o specyfikacjach: John Deere J20C\/J20D, Ford M2C86A\/B, Ford M2C134D API GL-4, Allison C-4, Case MS 1204\/6\/7\/9, MF M1135\/1143\/1145, NH410B, NH420A, CNH MAT 3525\/3526, Oliver: Type 55\/Type 5J, New Holland 82948718, I.H.C. B-5 &amp; B-6 Hydran, Volvo WB101 (97303), Valtra G2-08 \/ G2-B10 White: Q-1705\/1722\/1766B, White: Q-1802\/1826, [&hellip;]<\/p>\n","protected":false},"featured_media":797,"template":"","meta":{"_acf_changed":false},"product_brand":[47],"product_cat":[39,30],"product_tag":[],"class_list":{"0":"post-798","1":"product","2":"type-product","3":"status-publish","4":"has-post-thumbnail","6":"product_brand-nsl","7":"product_cat-oleje-rolnicze","8":"product_cat-produkty","10":"first","11":"instock","12":"shipping-taxable","13":"purchasable","14":"product-type-simple"},"acf":[],"_links":{"self":[{"href":"https:\/\/syntaco.pl\/sklep\/wp-json\/wp\/v2\/product\/798","targetHints":{"allow":["GET"]}}],"collection":[{"href":"https:\/\/syntaco.pl\/sklep\/wp-json\/wp\/v2\/product"}],"about":[{"href":"https:\/\/syntaco.pl\/sklep\/wp-json\/wp\/v2\/types\/product"}],"wp:featuredmedia":[{"embeddable":true,"href":"https:\/\/syntaco.pl\/sklep\/wp-json\/wp\/v2\/media\/797"}],"wp:attachment":[{"href":"https:\/\/syntaco.pl\/sklep\/wp-json\/wp\/v2\/media?parent=798"}],"wp:term":[{"taxonomy":"product_brand","embeddable":true,"href":"https:\/\/syntaco.pl\/sklep\/wp-json\/wp\/v2\/product_brand?post=798"},{"taxonomy":"product_cat","embeddable":true,"href":"https:\/\/syntaco.pl\/sklep\/wp-json\/wp\/v2\/product_cat?post=798"},{"taxonomy":"product_tag","embeddable":true,"href":"https:\/\/syntaco.pl\/sklep\/wp-json\/wp\/v2\/product_tag?post=798"}],"curies":[{"name":"wp","href":"https:\/\/api.w.org\/{rel}","templated":true}]}}