{"id":794,"date":"2025-12-19T10:16:54","date_gmt":"2025-12-19T09:16:54","guid":{"rendered":"https:\/\/syntaco.artneo.pl\/produkt\/nsl-super-tractor-power-10w-40-stou-20l\/"},"modified":"2026-04-15T09:41:44","modified_gmt":"2026-04-15T07:41:44","slug":"nsl-super-tractor-power-10w-40-stou-20l","status":"publish","type":"product","link":"https:\/\/syntaco.pl\/sklep\/produkt\/nsl-super-tractor-power-10w-40-stou-20l\/","title":{"rendered":"NSL SUPER TRACTOR POWER 10W-40 STOU 20L"},"content":{"rendered":"<p>SUPER TRACTOR POWER 10W-40 to wysokiej jako\u015bci olej syntetyczny typu STOU, opracowany do stosowania w ci\u0105gnikach, kombajnach, kombajnach i sprz\u0119cie terenowym z silnikami wysokopr\u0119\u017cnymi z turbodo\u0142adowaniem lub bez. Olej Super Tractor Universal przeznaczony jest tak\u017ce do smarowania przek\u0142adni, przystawek odbioru mocy, przek\u0142adni g\u0142\u00f3wnej, uk\u0142adu hydraulicznego oraz \u201emokrych hamulc\u00f3w\u201d zanurzonych w oleju. Tego produktu nie mo\u017cna stosowa\u0107 w silnikach wysokopr\u0119\u017cnych wyposa\u017conych w filtr cz\u0105stek sta\u0142ych (DPF). Przeznaczony do maszyn wymagaj\u0105cych oleju o specyfikacjach:<br \/>\nEngine Spec: API CG-4\/CF-4\/CE\/SF, MB 228.1, ACEA E3<br \/>\nUTTO\/STOU Spec: JD J20C, J20D, J27; Ford M2C86B, 134D, Ford M2C159B, Case MS 1204, 6, 7, 9, MF M 1135\/1139\/1143\/1144\/1145, CAT TO-2, API GL-4, Allison C4, ZF TE-ML 06A, 06B, 06C; NH 82009201, 2, 3, 06D, 06E, 06H, 07B<br \/>\nHydr. Spec: Eaton M-2950S; Eaton I-280-S, Danfoss<\/p>\n","protected":false},"excerpt":{"rendered":"<p>SUPER TRACTOR POWER 10W-40 to wysokiej jako\u015bci olej syntetyczny typu STOU, opracowany do stosowania w ci\u0105gnikach, kombajnach, kombajnach i sprz\u0119cie terenowym z silnikami wysokopr\u0119\u017cnymi z turbodo\u0142adowaniem lub bez. Olej Super Tractor Universal przeznaczony jest tak\u017ce do smarowania przek\u0142adni, przystawek odbioru mocy, przek\u0142adni g\u0142\u00f3wnej, uk\u0142adu hydraulicznego oraz \u201emokrych hamulc\u00f3w\u201d zanurzonych w oleju. Tego produktu nie mo\u017cna [&hellip;]<\/p>\n","protected":false},"featured_media":793,"template":"","meta":{"_acf_changed":false},"product_brand":[47],"product_cat":[39,30],"product_tag":[],"class_list":{"0":"post-794","1":"product","2":"type-product","3":"status-publish","4":"has-post-thumbnail","6":"product_brand-nsl","7":"product_cat-oleje-rolnicze","8":"product_cat-produkty","10":"first","11":"instock","12":"shipping-taxable","13":"purchasable","14":"product-type-simple"},"acf":[],"_links":{"self":[{"href":"https:\/\/syntaco.pl\/sklep\/wp-json\/wp\/v2\/product\/794","targetHints":{"allow":["GET"]}}],"collection":[{"href":"https:\/\/syntaco.pl\/sklep\/wp-json\/wp\/v2\/product"}],"about":[{"href":"https:\/\/syntaco.pl\/sklep\/wp-json\/wp\/v2\/types\/product"}],"wp:featuredmedia":[{"embeddable":true,"href":"https:\/\/syntaco.pl\/sklep\/wp-json\/wp\/v2\/media\/793"}],"wp:attachment":[{"href":"https:\/\/syntaco.pl\/sklep\/wp-json\/wp\/v2\/media?parent=794"}],"wp:term":[{"taxonomy":"product_brand","embeddable":true,"href":"https:\/\/syntaco.pl\/sklep\/wp-json\/wp\/v2\/product_brand?post=794"},{"taxonomy":"product_cat","embeddable":true,"href":"https:\/\/syntaco.pl\/sklep\/wp-json\/wp\/v2\/product_cat?post=794"},{"taxonomy":"product_tag","embeddable":true,"href":"https:\/\/syntaco.pl\/sklep\/wp-json\/wp\/v2\/product_tag?post=794"}],"curies":[{"name":"wp","href":"https:\/\/api.w.org\/{rel}","templated":true}]}}