{"id":773,"date":"2025-12-19T10:16:26","date_gmt":"2025-12-19T09:16:26","guid":{"rendered":"https:\/\/syntaco.artneo.pl\/produkt\/nsl-wave-power-performance-ll-5w-30-vw-504-00-507-00-1l\/"},"modified":"2026-04-15T09:41:37","modified_gmt":"2026-04-15T07:41:37","slug":"nsl-wave-power-performance-ll-5w-30-vw-504-00-507-00-1l","status":"publish","type":"product","link":"https:\/\/syntaco.pl\/sklep\/produkt\/nsl-wave-power-performance-ll-5w-30-vw-504-00-507-00-1l\/","title":{"rendered":"NSL WAVE POWER PERFORMANCE LL 5W-30 VW 504 00\/507 00 1L"},"content":{"rendered":"<p>WAVE POWER PERFORMANCE LL 5W-30 to wysokiej jako\u015bci olej silnikowy MID SAPS o d\u0142ugiej \u017cywotno\u015bci, oparty w 100% na technologii syntetycznej, do stosowania w silnikach benzynowych i diesla samochod\u00f3w osobowych i lekkich dostawczych starszych ni\u017c 5 lat, spe\u0142niaj\u0105cych norm\u0119 VAG 504.00\/ 507.00. Nadaje si\u0119 r\u00f3wnie\u017c do pojazd\u00f3w, w kt\u00f3rych wymagane s\u0105 MB 229.51 i BMW LL-04. Uwaga: nie nadaje si\u0119 do silnik\u00f3w R5 i V10 TDI oraz silnik\u00f3w, w kt\u00f3rych zalecana jest norma VAG VW 506.01.<br \/>\nSpecyfikacje i aprobaty: ACEA C3, API: SN, VW 504 00\/507 00, BMW LL-04, MB 229.51.<\/p>\n","protected":false},"excerpt":{"rendered":"<p>WAVE POWER PERFORMANCE LL 5W-30 to wysokiej jako\u015bci olej silnikowy MID SAPS o d\u0142ugiej \u017cywotno\u015bci, oparty w 100% na technologii syntetycznej, do stosowania w silnikach benzynowych i diesla samochod\u00f3w osobowych i lekkich dostawczych starszych ni\u017c 5 lat, spe\u0142niaj\u0105cych norm\u0119 VAG 504.00\/ 507.00. Nadaje si\u0119 r\u00f3wnie\u017c do pojazd\u00f3w, w kt\u00f3rych wymagane s\u0105 MB 229.51 i BMW [&hellip;]<\/p>\n","protected":false},"featured_media":772,"template":"","meta":{"_acf_changed":false},"product_brand":[47],"product_cat":[59],"product_tag":[],"class_list":{"0":"post-773","1":"product","2":"type-product","3":"status-publish","4":"has-post-thumbnail","6":"product_brand-nsl","7":"product_cat-oleje-silnikowe","9":"first","10":"instock","11":"shipping-taxable","12":"purchasable","13":"product-type-simple"},"acf":[],"_links":{"self":[{"href":"https:\/\/syntaco.pl\/sklep\/wp-json\/wp\/v2\/product\/773","targetHints":{"allow":["GET"]}}],"collection":[{"href":"https:\/\/syntaco.pl\/sklep\/wp-json\/wp\/v2\/product"}],"about":[{"href":"https:\/\/syntaco.pl\/sklep\/wp-json\/wp\/v2\/types\/product"}],"wp:featuredmedia":[{"embeddable":true,"href":"https:\/\/syntaco.pl\/sklep\/wp-json\/wp\/v2\/media\/772"}],"wp:attachment":[{"href":"https:\/\/syntaco.pl\/sklep\/wp-json\/wp\/v2\/media?parent=773"}],"wp:term":[{"taxonomy":"product_brand","embeddable":true,"href":"https:\/\/syntaco.pl\/sklep\/wp-json\/wp\/v2\/product_brand?post=773"},{"taxonomy":"product_cat","embeddable":true,"href":"https:\/\/syntaco.pl\/sklep\/wp-json\/wp\/v2\/product_cat?post=773"},{"taxonomy":"product_tag","embeddable":true,"href":"https:\/\/syntaco.pl\/sklep\/wp-json\/wp\/v2\/product_tag?post=773"}],"curies":[{"name":"wp","href":"https:\/\/api.w.org\/{rel}","templated":true}]}}