{"id":771,"date":"2025-12-19T10:16:23","date_gmt":"2025-12-19T09:16:23","guid":{"rendered":"https:\/\/syntaco.artneo.pl\/produkt\/nsl-wave-power-performance-10w-40-sl-cf-200l\/"},"modified":"2026-04-15T09:41:36","modified_gmt":"2026-04-15T07:41:36","slug":"nsl-wave-power-performance-10w-40-sl-cf-200l","status":"publish","type":"product","link":"https:\/\/syntaco.pl\/sklep\/produkt\/nsl-wave-power-performance-10w-40-sl-cf-200l\/","title":{"rendered":"NSL WAVE POWER PERFORMANCE 10W-40 SL\/CF 200L"},"content":{"rendered":"<p>WAVE POWER PERFORMANCE 10W-40 to uniwersalny wysokowydajny olej p\u00f3\u0142syntetyczny do stosowania w silnikach benzynowych i diesla samochod\u00f3w osobowych i lekkich furgonetek z turbospr\u0119\u017cark\u0105 lub bez. Ten produkt jest nieodpowiedni do silnik\u00f3w wysokopr\u0119\u017cnych wyposa\u017conych w filtr cz\u0105stek sta\u0142ych (DPF).<br \/>\nSpe\u0142nia normy: API: SL\/CF<\/p>\n","protected":false},"excerpt":{"rendered":"<p>WAVE POWER PERFORMANCE 10W-40 to uniwersalny wysokowydajny olej p\u00f3\u0142syntetyczny do stosowania w silnikach benzynowych i diesla samochod\u00f3w osobowych i lekkich furgonetek z turbospr\u0119\u017cark\u0105 lub bez. Ten produkt jest nieodpowiedni do silnik\u00f3w wysokopr\u0119\u017cnych wyposa\u017conych w filtr cz\u0105stek sta\u0142ych (DPF). Spe\u0142nia normy: API: SL\/CF<\/p>\n","protected":false},"featured_media":770,"template":"","meta":{"_acf_changed":false},"product_brand":[47],"product_cat":[59],"product_tag":[],"class_list":{"0":"post-771","1":"product","2":"type-product","3":"status-publish","4":"has-post-thumbnail","6":"product_brand-nsl","7":"product_cat-oleje-silnikowe","9":"first","10":"instock","11":"shipping-taxable","12":"purchasable","13":"product-type-simple"},"acf":[],"_links":{"self":[{"href":"https:\/\/syntaco.pl\/sklep\/wp-json\/wp\/v2\/product\/771","targetHints":{"allow":["GET"]}}],"collection":[{"href":"https:\/\/syntaco.pl\/sklep\/wp-json\/wp\/v2\/product"}],"about":[{"href":"https:\/\/syntaco.pl\/sklep\/wp-json\/wp\/v2\/types\/product"}],"wp:featuredmedia":[{"embeddable":true,"href":"https:\/\/syntaco.pl\/sklep\/wp-json\/wp\/v2\/media\/770"}],"wp:attachment":[{"href":"https:\/\/syntaco.pl\/sklep\/wp-json\/wp\/v2\/media?parent=771"}],"wp:term":[{"taxonomy":"product_brand","embeddable":true,"href":"https:\/\/syntaco.pl\/sklep\/wp-json\/wp\/v2\/product_brand?post=771"},{"taxonomy":"product_cat","embeddable":true,"href":"https:\/\/syntaco.pl\/sklep\/wp-json\/wp\/v2\/product_cat?post=771"},{"taxonomy":"product_tag","embeddable":true,"href":"https:\/\/syntaco.pl\/sklep\/wp-json\/wp\/v2\/product_tag?post=771"}],"curies":[{"name":"wp","href":"https:\/\/api.w.org\/{rel}","templated":true}]}}