{"id":763,"date":"2025-12-19T10:16:16","date_gmt":"2025-12-19T09:16:16","guid":{"rendered":"https:\/\/syntaco.artneo.pl\/produkt\/nsl-sport-power-2t-1l\/"},"modified":"2026-04-15T09:41:34","modified_gmt":"2026-04-15T07:41:34","slug":"nsl-sport-power-2t-1l","status":"publish","type":"product","link":"https:\/\/syntaco.pl\/sklep\/produkt\/nsl-sport-power-2t-1l\/","title":{"rendered":"NSL SPORT POWER 2T 1L"},"content":{"rendered":"<p>SPORT POWER 2T to wysokiej jako\u015bci p\u00f3\u0142syntetyczny olej silnikowy opracowany specjalnie do dwusuwowych silnik\u00f3w benzynowych ch\u0142odzonych powietrzem o du\u017cej mocy, wyposa\u017conych w uk\u0142ad wtrysku oleju lub mieszania wst\u0119pnego.<br \/>\nSPORT POWER 2T bazuje na wysokiej jako\u015bci dziewiczym mineralnym i syntetycznym oleju bazowym w po\u0142\u0105czeniu ze specjalnie dobranym pakietem dodatk\u00f3w, aby uzyska\u0107 nast\u0119puj\u0105ce w\u0142a\u015bciwo\u015bci:<br \/>\n\u2022 Znakomita ochrona przed zacieraniem t\u0142ok\u00f3w i przedwczesnym zu\u017cyciem element\u00f3w silnika.<br \/>\n\u2022 Doskona\u0142a kontrola przed osadami w silniku i blokowaniem uk\u0142adu wydechowego.<br \/>\n\u2022 Wyd\u0142u\u017cona \u017cywotno\u015b\u0107 silnika bez utraty mocy.<br \/>\n\u2022 Technologia dodatk\u00f3w o niskiej zawarto\u015bci popio\u0142u zapobiega przedwczesnemu zap\u0142onowi i zabrudzeniu \u015bwiecy zap\u0142onowej.<br \/>\n\u2022 Specjalnie dobrany syntetyczny olej bazowy redukuje widoczny dym wydechowy.<br \/>\n\u2022 \u0141atwa mieszalno\u015b\u0107 z benzyn\u0105 zapewnia stabiln\u0105 jednorodn\u0105 mieszanin\u0119 nawet w niskich temperaturach otoczenia.<br \/>\nSPORT POWER 2T spe\u0142nia nast\u0119puj\u0105ce kryteria wydajno\u015bci:<br \/>\nAPI TC<br \/>\nJASO FD<br \/>\nISO-L-EGD<br \/>\ni<\/p>\n","protected":false},"excerpt":{"rendered":"<p>SPORT POWER 2T to wysokiej jako\u015bci p\u00f3\u0142syntetyczny olej silnikowy opracowany specjalnie do dwusuwowych silnik\u00f3w benzynowych ch\u0142odzonych powietrzem o du\u017cej mocy, wyposa\u017conych w uk\u0142ad wtrysku oleju lub mieszania wst\u0119pnego. SPORT POWER 2T bazuje na wysokiej jako\u015bci dziewiczym mineralnym i syntetycznym oleju bazowym w po\u0142\u0105czeniu ze specjalnie dobranym pakietem dodatk\u00f3w, aby uzyska\u0107 nast\u0119puj\u0105ce w\u0142a\u015bciwo\u015bci: \u2022 Znakomita ochrona [&hellip;]<\/p>\n","protected":false},"featured_media":762,"template":"","meta":{"_acf_changed":false},"product_brand":[47],"product_cat":[48,30],"product_tag":[],"class_list":{"0":"post-763","1":"product","2":"type-product","3":"status-publish","4":"has-post-thumbnail","6":"product_brand-nsl","7":"product_cat-oleje-do-motocykli-i-skuterow","8":"product_cat-produkty","10":"first","11":"instock","12":"shipping-taxable","13":"purchasable","14":"product-type-simple"},"acf":[],"_links":{"self":[{"href":"https:\/\/syntaco.pl\/sklep\/wp-json\/wp\/v2\/product\/763","targetHints":{"allow":["GET"]}}],"collection":[{"href":"https:\/\/syntaco.pl\/sklep\/wp-json\/wp\/v2\/product"}],"about":[{"href":"https:\/\/syntaco.pl\/sklep\/wp-json\/wp\/v2\/types\/product"}],"wp:featuredmedia":[{"embeddable":true,"href":"https:\/\/syntaco.pl\/sklep\/wp-json\/wp\/v2\/media\/762"}],"wp:attachment":[{"href":"https:\/\/syntaco.pl\/sklep\/wp-json\/wp\/v2\/media?parent=763"}],"wp:term":[{"taxonomy":"product_brand","embeddable":true,"href":"https:\/\/syntaco.pl\/sklep\/wp-json\/wp\/v2\/product_brand?post=763"},{"taxonomy":"product_cat","embeddable":true,"href":"https:\/\/syntaco.pl\/sklep\/wp-json\/wp\/v2\/product_cat?post=763"},{"taxonomy":"product_tag","embeddable":true,"href":"https:\/\/syntaco.pl\/sklep\/wp-json\/wp\/v2\/product_tag?post=763"}],"curies":[{"name":"wp","href":"https:\/\/api.w.org\/{rel}","templated":true}]}}