{"id":755,"date":"2025-12-19T10:16:09","date_gmt":"2025-12-19T09:16:09","guid":{"rendered":"https:\/\/syntaco.artneo.pl\/produkt\/nsl-atf-power-dx-vi-1l\/"},"modified":"2026-02-24T08:28:56","modified_gmt":"2026-02-24T07:28:56","slug":"nsl-atf-power-dx-vi-1l","status":"publish","type":"product","link":"https:\/\/syntaco.pl\/sklep\/produkt\/nsl-atf-power-dx-vi-1l\/","title":{"rendered":"NSL ATF POWER DX VI 1L"},"content":{"rendered":"<p>&#8222;ATF POWER DX VI to wysokiej jako\u015bci uniwersalny olej na bazie w 100% syntetycznych olej\u00f3w bazowych do stosowania w automatycznych skrzyniach bieg\u00f3w, przemiennikach momentu obrotowego i uk\u0142adach wspomagania kierownicy samochod\u00f3w osobowych, lekkich dostawczych i pojazd\u00f3w u\u017cytkowych, gdzie wymagana jest specyfikacja GM Dexron VI. ATF POWER DX VI jest kompatybilny wstecz, gdy wymagany jest Dexron II i Dexron III. ATF POWER DX VI zosta\u0142 opracowany na bazie wysoko rafinowanej syntetycznej bazy w po\u0142\u0105czeniu z unikalnym pakietem dodatk\u00f3w, aby osi\u0105gn\u0105\u0107 nast\u0119puj\u0105ce w\u0142a\u015bciwo\u015bci:<br \/>\n-Doskona\u0142a stabilno\u015b\u0107 termiczna i oksydacyjna.<br \/>\n-Specjalne modyfikatory tarcia.<br \/>\n-Bardzo wysoki wska\u017anik lepko\u015bci.<br \/>\n-Niska temperatura p\u0142yni\u0119cia.<br \/>\n-Doskona\u0142a zmiana bieg\u00f3w w bardzo niskich i wysokich temperaturach.<br \/>\n-Doskona\u0142a ochrona przed powstaj\u0105c\u0105 korozj\u0105, pian\u0105 i zu\u017cyciem.<br \/>\nATF POWER DX VI przekracza nast\u0119puj\u0105ce kryteria wydajno\u015bci:GM Dexron VI Voith 55.6335.3X (G607)&#8221;<\/p>\n","protected":false},"excerpt":{"rendered":"<p>&#8222;ATF POWER DX VI to wysokiej jako\u015bci uniwersalny olej na bazie w 100% syntetycznych olej\u00f3w bazowych do stosowania w automatycznych skrzyniach bieg\u00f3w, przemiennikach momentu obrotowego i uk\u0142adach wspomagania kierownicy samochod\u00f3w osobowych, lekkich dostawczych i pojazd\u00f3w u\u017cytkowych, gdzie wymagana jest specyfikacja GM Dexron VI. ATF POWER DX VI jest kompatybilny wstecz, gdy wymagany jest Dexron II [&hellip;]<\/p>\n","protected":false},"featured_media":754,"template":"","meta":{"_acf_changed":false},"product_brand":[47],"product_cat":[36,30],"product_tag":[],"class_list":{"0":"post-755","1":"product","2":"type-product","3":"status-publish","4":"has-post-thumbnail","6":"product_brand-nsl","7":"product_cat-oleje-przekladniowe","8":"product_cat-produkty","10":"first","11":"instock","12":"shipping-taxable","13":"purchasable","14":"product-type-simple"},"acf":[],"_links":{"self":[{"href":"https:\/\/syntaco.pl\/sklep\/wp-json\/wp\/v2\/product\/755","targetHints":{"allow":["GET"]}}],"collection":[{"href":"https:\/\/syntaco.pl\/sklep\/wp-json\/wp\/v2\/product"}],"about":[{"href":"https:\/\/syntaco.pl\/sklep\/wp-json\/wp\/v2\/types\/product"}],"wp:featuredmedia":[{"embeddable":true,"href":"https:\/\/syntaco.pl\/sklep\/wp-json\/wp\/v2\/media\/754"}],"wp:attachment":[{"href":"https:\/\/syntaco.pl\/sklep\/wp-json\/wp\/v2\/media?parent=755"}],"wp:term":[{"taxonomy":"product_brand","embeddable":true,"href":"https:\/\/syntaco.pl\/sklep\/wp-json\/wp\/v2\/product_brand?post=755"},{"taxonomy":"product_cat","embeddable":true,"href":"https:\/\/syntaco.pl\/sklep\/wp-json\/wp\/v2\/product_cat?post=755"},{"taxonomy":"product_tag","embeddable":true,"href":"https:\/\/syntaco.pl\/sklep\/wp-json\/wp\/v2\/product_tag?post=755"}],"curies":[{"name":"wp","href":"https:\/\/api.w.org\/{rel}","templated":true}]}}