{"id":753,"date":"2025-12-19T10:16:06","date_gmt":"2025-12-19T09:16:06","guid":{"rendered":"https:\/\/syntaco.artneo.pl\/produkt\/nsl-atf-power-cvt-5l\/"},"modified":"2026-04-15T09:41:33","modified_gmt":"2026-04-15T07:41:33","slug":"nsl-atf-power-cvt-5l","status":"publish","type":"product","link":"https:\/\/syntaco.pl\/sklep\/produkt\/nsl-atf-power-cvt-5l\/","title":{"rendered":"NSL ATF POWER CVT 5L"},"content":{"rendered":"<p>ATF POWER CVT to ultrawysokowydajny olej do przek\u0142adni CVT skomponowany na bazie wybranych olej\u00f3w bazowych w technologii syntetycznej i opracowany specjalnie do stosowania w najnowszej generacji przek\u0142adni bezstopniowych (CVT) \u2013 skrzy\u0144 bieg\u00f3w, kt\u00f3re przenosz\u0105 przyczepno\u015b\u0107 za po\u015brednictwem stalowego \u0142a\u0144cucha trakcyjnego lub pas\u00f3w nap\u0119dowych. ATF POWER CVT jest skomponowany na bazie wysoce rafinowanych olej\u00f3w bazowych w technologii syntetycznej w po\u0142\u0105czeniu z unikalnym pakietem dodatk\u00f3w, aby osi\u0105gn\u0105\u0107 nast\u0119puj\u0105ce w\u0142a\u015bciwo\u015bci:<br \/>\n\u2022 Mo\u017cliwo\u015b\u0107 wyd\u0142u\u017cenia odst\u0119pu pomi\u0119dzy wymianami.<br \/>\n\u2022 Doskona\u0142a technologia przeciwzu\u017cyciowa, antykorozyjna i antykorozyjna.<br \/>\n\u2022 Wysoki wska\u017anik lepko\u015bci zapewnia odpowiednie smarowanie zar\u00f3wno w wysokich temperaturach roboczych, jak i niskich temperaturach rozruchu.<br \/>\n\u2022 Lepsza kontrola piany zapewnia p\u0142ynn\u0105 i trwa\u0142\u0105 zmian\u0119 bieg\u00f3w oraz zmniejsza utrat\u0119 p\u0142ynu.<br \/>\n\u2022 Ulepszona p\u0142ynno\u015b\u0107 w niskich temperaturach zapewnia dobr\u0105 wydajno\u015b\u0107 zimnego rozruchu.<br \/>\n\u2022 Kompatybilno\u015b\u0107 ze wszystkimi popularnymi materia\u0142ami uszczelnie\u0144<br \/>\nATF POWER CVT przekracza nast\u0119puj\u0105ce kryteria wydajno\u015bci:<br \/>\nToyota CVTF TC Toyota CVTF FE Nissan NS-1<br \/>\nNissan NS-2 Nissan NS-3 Honda HMMF<br \/>\nHonda HCF2 Honda Z-1 (tylko CVT) Mitsubishi SP-III<br \/>\nMitsubishi CVTF-J1C VTS-EX1 CVTS-J1\/J4\/J4+<br \/>\nHyundai\/Kia SP-III Hyundai\/Kia CVT-J1 Mazda JWS 3320<br \/>\nEZL 799\/799A Mini ZF CVT V1 MB 236.20<br \/>\nSubaru ECVT Subaru iCVT Suzuki CVTF FE<br \/>\nSuzuki CVTF Green1\/2 Suzuki CVTF TC \/ 3320 Chrysler\/ Jeep CVT+4<br \/>\nChrysler\/Jeep NS-2 Daihatsu AMMIX CVTF DFE Daihatsu P\u0142yn TC<br \/>\nDaihatsu Ammix CVT DC\/DFC GM DEX-CVT Ford WSS-M2C928<br \/>\nVW G 052 180 VW G 052 516&#8243;<\/p>\n","protected":false},"excerpt":{"rendered":"<p>ATF POWER CVT to ultrawysokowydajny olej do przek\u0142adni CVT skomponowany na bazie wybranych olej\u00f3w bazowych w technologii syntetycznej i opracowany specjalnie do stosowania w najnowszej generacji przek\u0142adni bezstopniowych (CVT) \u2013 skrzy\u0144 bieg\u00f3w, kt\u00f3re przenosz\u0105 przyczepno\u015b\u0107 za po\u015brednictwem stalowego \u0142a\u0144cucha trakcyjnego lub pas\u00f3w nap\u0119dowych. ATF POWER CVT jest skomponowany na bazie wysoce rafinowanych olej\u00f3w bazowych w [&hellip;]<\/p>\n","protected":false},"featured_media":752,"template":"","meta":{"_acf_changed":false},"product_brand":[47],"product_cat":[36,30],"product_tag":[],"class_list":{"0":"post-753","1":"product","2":"type-product","3":"status-publish","4":"has-post-thumbnail","6":"product_brand-nsl","7":"product_cat-oleje-przekladniowe","8":"product_cat-produkty","10":"first","11":"instock","12":"shipping-taxable","13":"purchasable","14":"product-type-simple"},"acf":[],"_links":{"self":[{"href":"https:\/\/syntaco.pl\/sklep\/wp-json\/wp\/v2\/product\/753","targetHints":{"allow":["GET"]}}],"collection":[{"href":"https:\/\/syntaco.pl\/sklep\/wp-json\/wp\/v2\/product"}],"about":[{"href":"https:\/\/syntaco.pl\/sklep\/wp-json\/wp\/v2\/types\/product"}],"wp:featuredmedia":[{"embeddable":true,"href":"https:\/\/syntaco.pl\/sklep\/wp-json\/wp\/v2\/media\/752"}],"wp:attachment":[{"href":"https:\/\/syntaco.pl\/sklep\/wp-json\/wp\/v2\/media?parent=753"}],"wp:term":[{"taxonomy":"product_brand","embeddable":true,"href":"https:\/\/syntaco.pl\/sklep\/wp-json\/wp\/v2\/product_brand?post=753"},{"taxonomy":"product_cat","embeddable":true,"href":"https:\/\/syntaco.pl\/sklep\/wp-json\/wp\/v2\/product_cat?post=753"},{"taxonomy":"product_tag","embeddable":true,"href":"https:\/\/syntaco.pl\/sklep\/wp-json\/wp\/v2\/product_tag?post=753"}],"curies":[{"name":"wp","href":"https:\/\/api.w.org\/{rel}","templated":true}]}}