{"id":743,"date":"2025-12-19T10:15:56","date_gmt":"2025-12-19T09:15:56","guid":{"rendered":"https:\/\/syntaco.artneo.pl\/produkt\/nsl-autogear-power-mp-75w-90-1l\/"},"modified":"2026-04-15T09:41:29","modified_gmt":"2026-04-15T07:41:29","slug":"nsl-autogear-power-mp-75w-90-1l","status":"publish","type":"product","link":"https:\/\/syntaco.pl\/sklep\/produkt\/nsl-autogear-power-mp-75w-90-1l\/","title":{"rendered":"NSL AUTOGEAR POWER MP 75W-90 1L"},"content":{"rendered":"<p>&#8222;AUTOGEAR POWER MP 75W-90 to wysokiej jako\u015bci uniwersalny olej przek\u0142adniowy opracowany w celu zapewnienia doskona\u0142ego smarowania w szerokiej gamie samochodowych skrzy\u0144 bieg\u00f3w, osi i przek\u0142adni g\u0142\u00f3wnych. AUTOGEAR POWER MP 75W-90 bazuje na wysokiej jako\u015bci rafinowanym oleju bazowym z pierwszego t\u0142oczenia w po\u0142\u0105czeniu ze specjalnym pakietem dodatk\u00f3w zapewniaj\u0105cych nast\u0119puj\u0105ce w\u0142a\u015bciwo\u015bci:<br \/>\n\u2022 Dobre w\u0142a\u015bciwo\u015bci EP i przeciwzu\u017cyciowe.<br \/>\n\u2022 Wysoka stabilno\u015b\u0107 termiczna i oksydacyjna.<br \/>\n\u2022 Skuteczna ochrona przed rdz\u0105, zu\u017cyciem i korozj\u0105.<br \/>\n\u2022 Lepsza niska temperatura zapewnia \u0142atwy rozruch w niskich temperaturach otoczenia.<br \/>\n\u2022 Dobre w\u0142a\u015bciwo\u015bci przeciwpieni\u0105ce zapewniaj\u0105 wytrzyma\u0142o\u015b\u0107 filmu i skuteczne smarowanie.<br \/>\n\u2022 Doskona\u0142a kompatybilno\u015b\u0107 z uszczelnieniami.<br \/>\nAUTOGEAR POWER MP 75W-90 spe\u0142nia nast\u0119puj\u0105ce kryteria wydajno\u015bci: API GL-5 MIL-L-2105D MAN 342 M1 MB 235,0, Volvo 97310 ZF TE-ML 07B, 16B, 17B, 21A&#8221;<\/p>\n","protected":false},"excerpt":{"rendered":"<p>&#8222;AUTOGEAR POWER MP 75W-90 to wysokiej jako\u015bci uniwersalny olej przek\u0142adniowy opracowany w celu zapewnienia doskona\u0142ego smarowania w szerokiej gamie samochodowych skrzy\u0144 bieg\u00f3w, osi i przek\u0142adni g\u0142\u00f3wnych. AUTOGEAR POWER MP 75W-90 bazuje na wysokiej jako\u015bci rafinowanym oleju bazowym z pierwszego t\u0142oczenia w po\u0142\u0105czeniu ze specjalnym pakietem dodatk\u00f3w zapewniaj\u0105cych nast\u0119puj\u0105ce w\u0142a\u015bciwo\u015bci: \u2022 Dobre w\u0142a\u015bciwo\u015bci EP i przeciwzu\u017cyciowe. [&hellip;]<\/p>\n","protected":false},"featured_media":742,"template":"","meta":{"_acf_changed":false},"product_brand":[47],"product_cat":[36,30],"product_tag":[],"class_list":{"0":"post-743","1":"product","2":"type-product","3":"status-publish","4":"has-post-thumbnail","6":"product_brand-nsl","7":"product_cat-oleje-przekladniowe","8":"product_cat-produkty","10":"first","11":"instock","12":"shipping-taxable","13":"purchasable","14":"product-type-simple"},"acf":[],"_links":{"self":[{"href":"https:\/\/syntaco.pl\/sklep\/wp-json\/wp\/v2\/product\/743","targetHints":{"allow":["GET"]}}],"collection":[{"href":"https:\/\/syntaco.pl\/sklep\/wp-json\/wp\/v2\/product"}],"about":[{"href":"https:\/\/syntaco.pl\/sklep\/wp-json\/wp\/v2\/types\/product"}],"wp:featuredmedia":[{"embeddable":true,"href":"https:\/\/syntaco.pl\/sklep\/wp-json\/wp\/v2\/media\/742"}],"wp:attachment":[{"href":"https:\/\/syntaco.pl\/sklep\/wp-json\/wp\/v2\/media?parent=743"}],"wp:term":[{"taxonomy":"product_brand","embeddable":true,"href":"https:\/\/syntaco.pl\/sklep\/wp-json\/wp\/v2\/product_brand?post=743"},{"taxonomy":"product_cat","embeddable":true,"href":"https:\/\/syntaco.pl\/sklep\/wp-json\/wp\/v2\/product_cat?post=743"},{"taxonomy":"product_tag","embeddable":true,"href":"https:\/\/syntaco.pl\/sklep\/wp-json\/wp\/v2\/product_tag?post=743"}],"curies":[{"name":"wp","href":"https:\/\/api.w.org\/{rel}","templated":true}]}}