{"id":741,"date":"2025-12-19T10:15:53","date_gmt":"2025-12-19T09:15:53","guid":{"rendered":"https:\/\/syntaco.artneo.pl\/produkt\/nsl-performance-power-2t-1l\/"},"modified":"2026-04-15T09:41:28","modified_gmt":"2026-04-15T07:41:28","slug":"nsl-performance-power-2t-1l","status":"publish","type":"product","link":"https:\/\/syntaco.pl\/sklep\/produkt\/nsl-performance-power-2t-1l\/","title":{"rendered":"NSL PERFORMANCE POWER 2T 1L"},"content":{"rendered":"<p>PERFORMANCE POWER 2T to wysokiej jako\u015bci \u015brodek smarny odpowiedni do stosowania w ch\u0142odzonych powietrzem dwusuwowych silnikach benzynowych stosowanych w r\u00f3\u017cnych zastosowaniach.<br \/>\nPERFORMANCE POWER 2T bazuje na wysokiej jako\u015bci olejach bazowych virgin w po\u0142\u0105czeniu ze specjalnie dobranym pakietem dodatk\u00f3w, aby uzyska\u0107 nast\u0119puj\u0105ce w\u0142a\u015bciwo\u015bci:<br \/>\n\u2022 Doskona\u0142a smarowno\u015b\u0107 chroni przed zacieraniem si\u0119 t\u0142ok\u00f3w i przedwczesnym zu\u017cyciem podzespo\u0142\u00f3w silnika<br \/>\n\u2022 Sprawdzona technologia dodatk\u00f3w kontroluje osady w silniku i uk\u0142adzie wydechowym<br \/>\n\u2022 Niska zawarto\u015b\u0107 popio\u0142u zapobiega przedwczesnemu zap\u0142onowi i zanieczyszczeniu \u015bwiec zap\u0142onowych<br \/>\n\u2022 \u0141atwa mieszalno\u015b\u0107 z benzyn\u0105 zapewnia stabiln\u0105, jednorodn\u0105 mieszank\u0119 nawet w niskich temperaturach otoczenia.<br \/>\nPERFORMANCE POWER 2T spe\u0142nia nast\u0119puj\u0105ce kryteria wydajno\u015bci:<br \/>\nAPI TC<br \/>\nJASO FB<\/p>\n","protected":false},"excerpt":{"rendered":"<p>PERFORMANCE POWER 2T to wysokiej jako\u015bci \u015brodek smarny odpowiedni do stosowania w ch\u0142odzonych powietrzem dwusuwowych silnikach benzynowych stosowanych w r\u00f3\u017cnych zastosowaniach. PERFORMANCE POWER 2T bazuje na wysokiej jako\u015bci olejach bazowych virgin w po\u0142\u0105czeniu ze specjalnie dobranym pakietem dodatk\u00f3w, aby uzyska\u0107 nast\u0119puj\u0105ce w\u0142a\u015bciwo\u015bci: \u2022 Doskona\u0142a smarowno\u015b\u0107 chroni przed zacieraniem si\u0119 t\u0142ok\u00f3w i przedwczesnym zu\u017cyciem podzespo\u0142\u00f3w silnika [&hellip;]<\/p>\n","protected":false},"featured_media":740,"template":"","meta":{"_acf_changed":false},"product_brand":[47],"product_cat":[48,30],"product_tag":[],"class_list":{"0":"post-741","1":"product","2":"type-product","3":"status-publish","4":"has-post-thumbnail","6":"product_brand-nsl","7":"product_cat-oleje-do-motocykli-i-skuterow","8":"product_cat-produkty","10":"first","11":"instock","12":"shipping-taxable","13":"purchasable","14":"product-type-simple"},"acf":[],"_links":{"self":[{"href":"https:\/\/syntaco.pl\/sklep\/wp-json\/wp\/v2\/product\/741","targetHints":{"allow":["GET"]}}],"collection":[{"href":"https:\/\/syntaco.pl\/sklep\/wp-json\/wp\/v2\/product"}],"about":[{"href":"https:\/\/syntaco.pl\/sklep\/wp-json\/wp\/v2\/types\/product"}],"wp:featuredmedia":[{"embeddable":true,"href":"https:\/\/syntaco.pl\/sklep\/wp-json\/wp\/v2\/media\/740"}],"wp:attachment":[{"href":"https:\/\/syntaco.pl\/sklep\/wp-json\/wp\/v2\/media?parent=741"}],"wp:term":[{"taxonomy":"product_brand","embeddable":true,"href":"https:\/\/syntaco.pl\/sklep\/wp-json\/wp\/v2\/product_brand?post=741"},{"taxonomy":"product_cat","embeddable":true,"href":"https:\/\/syntaco.pl\/sklep\/wp-json\/wp\/v2\/product_cat?post=741"},{"taxonomy":"product_tag","embeddable":true,"href":"https:\/\/syntaco.pl\/sklep\/wp-json\/wp\/v2\/product_tag?post=741"}],"curies":[{"name":"wp","href":"https:\/\/api.w.org\/{rel}","templated":true}]}}