{"id":739,"date":"2025-12-19T10:15:52","date_gmt":"2025-12-19T09:15:52","guid":{"rendered":"https:\/\/syntaco.artneo.pl\/produkt\/nsl-perform-power-4t-10w-40-1l\/"},"modified":"2026-04-15T09:41:27","modified_gmt":"2026-04-15T07:41:27","slug":"nsl-perform-power-4t-10w-40-1l","status":"publish","type":"product","link":"https:\/\/syntaco.pl\/sklep\/produkt\/nsl-perform-power-4t-10w-40-1l\/","title":{"rendered":"NSL PERFORM POWER 4T 10W-40 1L"},"content":{"rendered":"<p>PERFORMANCE POWER 4T 10W-40 to olej do czterosuwowych silnik\u00f3w benzynowych opracowany specjalnie w celu spe\u0142nienia specjalnych wymaga\u0144 najnowszych motocykli czterosuwowych o wysokich osi\u0105gach ch\u0142odzonych ciecz\u0105 i powietrzem. Zapewnia doskona\u0142\u0105 ochron\u0119 silnika, skrzyni bieg\u00f3w i mokrego sprz\u0119g\u0142a stosowanych w motocyklach 4-suwowych i zapewnia najwy\u017cszy stopie\u0144 niezawodno\u015bci nawet w trudnych warunkach pracy i temperaturach.<br \/>\nPERFORMANCE POWER 4T 10W-40 bazuje na doskona\u0142ej jako\u015bci mineralnych i syntetycznych olejach bazowych hydrorafinowanych w po\u0142\u0105czeniu ze specjalnie dobranym pakietem dodatk\u00f3w, aby uzyska\u0107 nast\u0119puj\u0105ce w\u0142a\u015bciwo\u015bci:<br \/>\n\u2022 Doskona\u0142a stabilno\u015b\u0107 termooksydacyjna.<br \/>\n\u2022 Bardzo dobre w\u0142a\u015bciwo\u015bci przeciwzu\u017cyciowe, antykorozyjne i antykorozyjne.<br \/>\n\u2022 Kontrolowane w\u0142a\u015bciwo\u015bci cierne eliminuj\u0105 po\u015blizg sprz\u0119g\u0142a.<br \/>\n\u2022 Doskona\u0142e w\u0142a\u015bciwo\u015bci dysperguj\u0105ce i pior\u0105ce.<br \/>\n\u2022 Bardzo dobra odporno\u015b\u0107 na \u015bcinanie, utrzymuje lepko\u015b\u0107 w \u015brodowisku o wysokiej temperaturze i wysokim \u015bcinaniu oraz zapewnia lepsz\u0105 ochron\u0119 przed zu\u017cyciem.<br \/>\n\u2022 Znakomite w\u0142a\u015bciwo\u015bci niskotemperaturowe umo\u017cliwiaj\u0105 \u0142atwy rozruch w niskich temperaturach otoczenia i zapewniaj\u0105 skuteczne smarowanie i ochron\u0119 przed zu\u017cyciem podczas rozruchu.<br \/>\n\u2022 Charakterystyka o niskiej lotno\u015bci zmniejsza zu\u017cycie oleju i zanieczyszczenie w\u0119glowodorami.<br \/>\nPERFORMANCE POWER 4T 10W-40 spe\u0142nia nast\u0119puj\u0105ce kryteria wydajno\u015bci:<br \/>\nAPI SN<br \/>\nJASO MA2<\/p>\n","protected":false},"excerpt":{"rendered":"<p>PERFORMANCE POWER 4T 10W-40 to olej do czterosuwowych silnik\u00f3w benzynowych opracowany specjalnie w celu spe\u0142nienia specjalnych wymaga\u0144 najnowszych motocykli czterosuwowych o wysokich osi\u0105gach ch\u0142odzonych ciecz\u0105 i powietrzem. Zapewnia doskona\u0142\u0105 ochron\u0119 silnika, skrzyni bieg\u00f3w i mokrego sprz\u0119g\u0142a stosowanych w motocyklach 4-suwowych i zapewnia najwy\u017cszy stopie\u0144 niezawodno\u015bci nawet w trudnych warunkach pracy i temperaturach. PERFORMANCE POWER 4T [&hellip;]<\/p>\n","protected":false},"featured_media":738,"template":"","meta":{"_acf_changed":false},"product_brand":[47],"product_cat":[48,30],"product_tag":[],"class_list":{"0":"post-739","1":"product","2":"type-product","3":"status-publish","4":"has-post-thumbnail","6":"product_brand-nsl","7":"product_cat-oleje-do-motocykli-i-skuterow","8":"product_cat-produkty","10":"first","11":"instock","12":"shipping-taxable","13":"purchasable","14":"product-type-simple"},"acf":[],"_links":{"self":[{"href":"https:\/\/syntaco.pl\/sklep\/wp-json\/wp\/v2\/product\/739","targetHints":{"allow":["GET"]}}],"collection":[{"href":"https:\/\/syntaco.pl\/sklep\/wp-json\/wp\/v2\/product"}],"about":[{"href":"https:\/\/syntaco.pl\/sklep\/wp-json\/wp\/v2\/types\/product"}],"wp:featuredmedia":[{"embeddable":true,"href":"https:\/\/syntaco.pl\/sklep\/wp-json\/wp\/v2\/media\/738"}],"wp:attachment":[{"href":"https:\/\/syntaco.pl\/sklep\/wp-json\/wp\/v2\/media?parent=739"}],"wp:term":[{"taxonomy":"product_brand","embeddable":true,"href":"https:\/\/syntaco.pl\/sklep\/wp-json\/wp\/v2\/product_brand?post=739"},{"taxonomy":"product_cat","embeddable":true,"href":"https:\/\/syntaco.pl\/sklep\/wp-json\/wp\/v2\/product_cat?post=739"},{"taxonomy":"product_tag","embeddable":true,"href":"https:\/\/syntaco.pl\/sklep\/wp-json\/wp\/v2\/product_tag?post=739"}],"curies":[{"name":"wp","href":"https:\/\/api.w.org\/{rel}","templated":true}]}}