{"id":737,"date":"2025-12-19T10:15:50","date_gmt":"2025-12-19T09:15:50","guid":{"rendered":"https:\/\/syntaco.artneo.pl\/produkt\/nsl-autogear-power-ep-80w-90-20l\/"},"modified":"2026-04-15T09:41:27","modified_gmt":"2026-04-15T07:41:27","slug":"nsl-autogear-power-ep-80w-90-20l","status":"publish","type":"product","link":"https:\/\/syntaco.pl\/sklep\/produkt\/nsl-autogear-power-ep-80w-90-20l\/","title":{"rendered":"NSL AUTOGEAR POWER EP 80W-90 20L"},"content":{"rendered":"<p>&#8222;Specjalny olej przeznaczony do osi typu LS (Limited Slip Differential) spe\u0142niaj\u0105cy specyfikacje: API: GL-5, MAN 342 M1\/M2, Volvo 1273.10, MIL-L-2105D, Arvin Meritor, ZF TE-ML 05C, 07A, 08, 12E, 16E, 17B, 19B, 21C.<br \/>\nAUTOGEAR POWER LS 80W-90 to olej do przek\u0142adni samochodowych o bardzo wysokiej wydajno\u015bci, przeznaczony do pracy przy ekstremalnych ci\u015bnieniach, opracowany specjalnie do stosowania w nowoczesnych samochodach osobowych o wysokich osi\u0105gach, pojazdach typu SUV, furgonetkach i lekkich ci\u0119\u017car\u00f3wkach z mechanizmami r\u00f3\u017cnicowymi o ograniczonym po\u015blizgu.&#8221;<\/p>\n","protected":false},"excerpt":{"rendered":"<p>&#8222;Specjalny olej przeznaczony do osi typu LS (Limited Slip Differential) spe\u0142niaj\u0105cy specyfikacje: API: GL-5, MAN 342 M1\/M2, Volvo 1273.10, MIL-L-2105D, Arvin Meritor, ZF TE-ML 05C, 07A, 08, 12E, 16E, 17B, 19B, 21C. AUTOGEAR POWER LS 80W-90 to olej do przek\u0142adni samochodowych o bardzo wysokiej wydajno\u015bci, przeznaczony do pracy przy ekstremalnych ci\u015bnieniach, opracowany specjalnie do stosowania [&hellip;]<\/p>\n","protected":false},"featured_media":736,"template":"","meta":{"_acf_changed":false},"product_brand":[47],"product_cat":[36,30],"product_tag":[],"class_list":{"0":"post-737","1":"product","2":"type-product","3":"status-publish","4":"has-post-thumbnail","6":"product_brand-nsl","7":"product_cat-oleje-przekladniowe","8":"product_cat-produkty","10":"first","11":"instock","12":"shipping-taxable","13":"purchasable","14":"product-type-simple"},"acf":[],"_links":{"self":[{"href":"https:\/\/syntaco.pl\/sklep\/wp-json\/wp\/v2\/product\/737","targetHints":{"allow":["GET"]}}],"collection":[{"href":"https:\/\/syntaco.pl\/sklep\/wp-json\/wp\/v2\/product"}],"about":[{"href":"https:\/\/syntaco.pl\/sklep\/wp-json\/wp\/v2\/types\/product"}],"wp:featuredmedia":[{"embeddable":true,"href":"https:\/\/syntaco.pl\/sklep\/wp-json\/wp\/v2\/media\/736"}],"wp:attachment":[{"href":"https:\/\/syntaco.pl\/sklep\/wp-json\/wp\/v2\/media?parent=737"}],"wp:term":[{"taxonomy":"product_brand","embeddable":true,"href":"https:\/\/syntaco.pl\/sklep\/wp-json\/wp\/v2\/product_brand?post=737"},{"taxonomy":"product_cat","embeddable":true,"href":"https:\/\/syntaco.pl\/sklep\/wp-json\/wp\/v2\/product_cat?post=737"},{"taxonomy":"product_tag","embeddable":true,"href":"https:\/\/syntaco.pl\/sklep\/wp-json\/wp\/v2\/product_tag?post=737"}],"curies":[{"name":"wp","href":"https:\/\/api.w.org\/{rel}","templated":true}]}}