{"id":727,"date":"2025-12-19T10:15:42","date_gmt":"2025-12-19T09:15:42","guid":{"rendered":"https:\/\/syntaco.artneo.pl\/produkt\/nsl-hydra-power-46-20l\/"},"modified":"2026-04-15T09:41:24","modified_gmt":"2026-04-15T07:41:24","slug":"nsl-hydra-power-46-20l","status":"publish","type":"product","link":"https:\/\/syntaco.pl\/sklep\/produkt\/nsl-hydra-power-46-20l\/","title":{"rendered":"NSL HYDRA POWER 46 20L"},"content":{"rendered":"<p>&#8222;HYDRA POWER 46 to wysokowydajny, przeciwzu\u017cyciowy olej hydrauliczny opracowany do wysokoci\u015bnieniowych uk\u0142ad\u00f3w hydraulicznych pracuj\u0105cych w warunkach umiarkowanych do ci\u0119\u017ckich w zastosowaniach mobilnych i przemys\u0142owych. HYDRA POWER 46 sk\u0142ada si\u0119 z wysokiej jako\u015bci dziewiczych mineralnych baz bazowych w po\u0142\u0105czeniu ze specjaln\u0105 technologi\u0105 dodatk\u00f3w, aby osi\u0105gn\u0105\u0107 nast\u0119puj\u0105ce w\u0142a\u015bciwo\u015bci: Wyj\u0105tkowe w\u0142a\u015bciwo\u015bci przeciwzu\u017cyciowe skutkuj\u0105 d\u0142u\u017csz\u0105 \u017cywotno\u015bci\u0105 komponent\u00f3w, redukuj\u0105c koszty, Doskona\u0142a odporno\u015b\u0107 na \u015bcinanie minimalizuje utrat\u0119 lepko\u015bci w czasie i wykazuje zachowanie niezmienionej jako\u015bci w warunkach silnego \u015bcinania, Doskona\u0142y termooksydant, Doskona\u0142a demulgowalno\u015b\u0107 pomaga w szybszym oddzielaniu wody od oleju i zapobiega tworzeniu si\u0119 emulsji, Specjalne inhibitory rdzy i korozji chroni\u0105 komponenty wielometalurgiczne nawet w obecno\u015bci wilgoci, W\u0142a\u015bciwo\u015b\u0107 szybkiego uwalniania powietrza dzi\u0119ki niesilikonowej technologii przeciwpieni\u0105cej, kt\u00f3ra minimalizuje ryzyko kawitacji pompy, co prowadzi do bezproblemowej pracy, Kompatybilny z wieloma metalami i wi\u0119kszo\u015bci\u0105 materia\u0142\u00f3w uszczelniaj\u0105cych powszechnie stosowanych w uk\u0142adach hydraulicznych.<br \/>\nHYDRA POWER 46 przekracza nast\u0119puj\u0105ce kryteria wydajno\u015bci: DIN 51524-2 HLP,ISO 11158 HM,ASTM D6158 HM,AFNOR NF E 48-603 HM, Cincinnati P-70, Eaton Vickers M-2950-S\/I-286, Sauer Danfoss 520L046.&#8221;<\/p>\n","protected":false},"excerpt":{"rendered":"<p>&#8222;HYDRA POWER 46 to wysokowydajny, przeciwzu\u017cyciowy olej hydrauliczny opracowany do wysokoci\u015bnieniowych uk\u0142ad\u00f3w hydraulicznych pracuj\u0105cych w warunkach umiarkowanych do ci\u0119\u017ckich w zastosowaniach mobilnych i przemys\u0142owych. HYDRA POWER 46 sk\u0142ada si\u0119 z wysokiej jako\u015bci dziewiczych mineralnych baz bazowych w po\u0142\u0105czeniu ze specjaln\u0105 technologi\u0105 dodatk\u00f3w, aby osi\u0105gn\u0105\u0107 nast\u0119puj\u0105ce w\u0142a\u015bciwo\u015bci: Wyj\u0105tkowe w\u0142a\u015bciwo\u015bci przeciwzu\u017cyciowe skutkuj\u0105 d\u0142u\u017csz\u0105 \u017cywotno\u015bci\u0105 komponent\u00f3w, redukuj\u0105c koszty, [&hellip;]<\/p>\n","protected":false},"featured_media":726,"template":"","meta":{"_acf_changed":false},"product_brand":[47],"product_cat":[45,30],"product_tag":[],"class_list":{"0":"post-727","1":"product","2":"type-product","3":"status-publish","4":"has-post-thumbnail","6":"product_brand-nsl","7":"product_cat-oleje-hydrauliczne","8":"product_cat-produkty","10":"first","11":"instock","12":"shipping-taxable","13":"purchasable","14":"product-type-simple"},"acf":[],"_links":{"self":[{"href":"https:\/\/syntaco.pl\/sklep\/wp-json\/wp\/v2\/product\/727","targetHints":{"allow":["GET"]}}],"collection":[{"href":"https:\/\/syntaco.pl\/sklep\/wp-json\/wp\/v2\/product"}],"about":[{"href":"https:\/\/syntaco.pl\/sklep\/wp-json\/wp\/v2\/types\/product"}],"wp:featuredmedia":[{"embeddable":true,"href":"https:\/\/syntaco.pl\/sklep\/wp-json\/wp\/v2\/media\/726"}],"wp:attachment":[{"href":"https:\/\/syntaco.pl\/sklep\/wp-json\/wp\/v2\/media?parent=727"}],"wp:term":[{"taxonomy":"product_brand","embeddable":true,"href":"https:\/\/syntaco.pl\/sklep\/wp-json\/wp\/v2\/product_brand?post=727"},{"taxonomy":"product_cat","embeddable":true,"href":"https:\/\/syntaco.pl\/sklep\/wp-json\/wp\/v2\/product_cat?post=727"},{"taxonomy":"product_tag","embeddable":true,"href":"https:\/\/syntaco.pl\/sklep\/wp-json\/wp\/v2\/product_tag?post=727"}],"curies":[{"name":"wp","href":"https:\/\/api.w.org\/{rel}","templated":true}]}}