{"id":723,"date":"2025-12-19T10:15:39","date_gmt":"2025-12-19T09:15:39","guid":{"rendered":"https:\/\/syntaco.artneo.pl\/produkt\/neste-turbo-vpx-15w-40-20l\/"},"modified":"2026-03-28T08:30:28","modified_gmt":"2026-03-28T07:30:28","slug":"neste-turbo-vpx-15w-40-20l","status":"publish","type":"product","link":"https:\/\/syntaco.pl\/sklep\/produkt\/neste-turbo-vpx-15w-40-20l\/","title":{"rendered":"Neste Turbo+ VPX 15W-40 20L"},"content":{"rendered":"<p>Neste Turbo+ VPX 15W-40 zosta\u0142 opracowany specjalnie do nowoczesnych, wysokoobci\u0105\u017conych silnik\u00f3w wysokopr\u0119\u017cnych, kt\u00f3re spe\u0142niaj\u0105 wymagania ameryka\u0144skiej normy API CK-4 i europejskiej ACEA E9. Zosta\u0142 zaprojektowany, aby spe\u0142nia\u0107 wymagania dotycz\u0105ce olej\u00f3w silnikowych najnowszej i nowej generacji. Starannie dobrane surowce pozwalaj\u0105 na zastosowanie go w wi\u0119kszo\u015bci silnik\u00f3w Diesla.<br \/>\nNeste Turbo+ VPX 15W-40 przekracza kryteria wydajno\u015bci API CK-4, CJ-4, CI-4 PLUS, CI-4, CH-4, CG-4, CF-4 i ACEA E9. Przekracza tak\u017ce wymagania producent\u00f3w oryginalnego sprz\u0119tu (OEM), zapewniaj\u0105c wysok\u0105 wydajno\u015b\u0107 w ci\u0119\u017ckich zastosowaniach.<br \/>\nJako olej silnikowy typu Mid SAPS (zawieraj\u0105cy popi\u00f3\u0142 siarczanowy, fosfor i siark\u0119) jest szczeg\u00f3lnie skuteczny w utrzymywaniu trwa\u0142o\u015bci uk\u0142ad\u00f3w kontroli emisji spalin w urz\u0105dzeniach, w kt\u00f3rych stosowane s\u0105 filtry cz\u0105stek sta\u0142ych i inne zaawansowane uk\u0142ady oczyszczania spalin. Zapobiega blokowaniu filtr\u00f3w i skutecznie pomaga w utrzymaniu sprawno\u015bci silnika.<br \/>\nWysokiej jako\u015bci olej bazowy i bardzo niska zawarto\u015b\u0107 SAPS (popio\u0142u siarczanowego, fosforu i siarki) w Neste Turbo+ VPX 15W-40 zapewnia doskona\u0142\u0105 czysto\u015b\u0107 silnika, a tak\u017ce skutecznie ogranicza emisj\u0119 spalin pojazd\u00f3w, co jest wymagane przez nowe przepisy dotycz\u0105ce emisji.<br \/>\nNajwy\u017cszej jako\u015bci dodatki dodatkowo pomagaj\u0105 w utrzymaniu silnika w czysto\u015bci kontroluj\u0105c powstawanie osad\u00f3w i utrzymuj\u0105c czysto\u015b\u0107 t\u0142ok\u00f3w. Daje to mniejsze zu\u017cycie oleju i zwi\u0119kszon\u0105 wydajno\u015b\u0107 silnika.<br \/>\nZdolno\u015b\u0107 neutralizacji kwas\u00f3w w po\u0142\u0105czeniu z wysokiej jako\u015bci olejem bazowym zapobiega powstawaniu korozji i pomaga wyd\u0142u\u017cy\u0107 okresy mi\u0119dzy wymianami. Dodatkowo pomaga chroni\u0107 przed powstawaniem kwas\u00f3w, szlam\u00f3w i lakier\u00f3w, zapobiega tworzeniu si\u0119 sadzy i g\u0119stnieniu oleju.<br \/>\nLepko\u015b\u0107 Neste Turbo+ VPX 15W-40 zapewnia ochronny film smarny na powierzchniach silnika, w po\u0142\u0105czeniu z wysokiej jako\u015bci \u015brodkami przeciwzu\u017cyciowymi, skutecznie chroni silnik przed zu\u017cyciem nawet przy bardzo wysokich temperaturach i obci\u0105\u017ceniach.<br \/>\nJego doskona\u0142a stabilno\u015b\u0107 w wysokich temperaturach zapobiega parowaniu oleju, eliminuj\u0105c w ten spos\u00f3b potrzeb\u0119 ci\u0105g\u0142ego uzupe\u0142niania oleju silnikowego. Dodatkowa wysoka odporno\u015b\u0107 na \u015bcinanie zapobiega utracie lepko\u015bci.<br \/>\nCECHY I ZALETY<br \/>\n&#8211; Korzy\u015bci w zakresie oszcz\u0119dno\u015bci paliwa<br \/>\n&#8211; D\u0142ugie okresy mi\u0119dzy wymianami<br \/>\n&#8211; Doskona\u0142a czysto\u015b\u0107 silnika<br \/>\nNeste Turbo+ VPX 15W-40 nadaje si\u0119 szczeg\u00f3lnie do najnowszych silnik\u00f3w wysokopr\u0119\u017cnych o du\u017cej obci\u0105\u017calno\u015bci, wyposa\u017conych w uk\u0142ady oczyszczania spalin i EGR. Zalecany jest do przemys\u0142owych i morskich silnik\u00f3w wysokopr\u0119\u017cnych Volvo Penta, gdzie wymagany jest Volvo VDS-4.5. Sprawd\u017a instrukcj\u0119 obs\u0142ugi swojego samochodu pod k\u0105tem kompatybilno\u015bci.<br \/>\nNajlepszy wyb\u00f3r do zastosowa\u0144 poza drogami publicznymi. Neste Turbo VPX jest szczeg\u00f3lnie zalecany do silnik\u00f3w Diesla, gdzie wymagane s\u0105 oleje Volvo VDS-4.5. Jest to r\u00f3wnie\u017c doskona\u0142y produkt do nowoczesnych silnik\u00f3w Diesla do samochod\u00f3w ci\u0119\u017carowych pracuj\u0105cych w \u0142agodnym klimacie. Prosz\u0119 sprawdzi\u0107 przydatno\u015b\u0107 swojego sprz\u0119tu zgodnie z o\u015bwiadczeniami dotycz\u0105cymi wydajno\u015bci i atestami zawartymi w tej karcie katalogowej produktu.<br \/>\nW przypadku stosowania oleju API CK-4 z zawarto\u015bci\u0105 siarki powy\u017cej 15 ppm nale\u017cy skonsultowa\u0107 si\u0119 z producentem silnika w celu ustalenia cz\u0119stotliwo\u015bci serwisowania. Oleje API CK-4 zosta\u0142y opracowane do stosowania we wszystkich zastosowaniach z olejami nap\u0119dowymi o zawarto\u015bci siarki do 500 ppm. Paliwo o wysokiej zawarto\u015bci siarki mo\u017ce jednak wp\u0142ywa\u0107 na trwa\u0142o\u015b\u0107 uk\u0142adu oczyszczania spalin lub okresy mi\u0119dzy wymianami oleju.<br \/>\nPERFORMANCE CLAIMS<br \/>\nAPI CK-4, CJ-4, CI-4 PLUS, CI-4<br \/>\nACEA E11\/E7, E9<br \/>\nJASO DH-2<br \/>\nAllison TES 439<br \/>\nCaterpillar ECF-3, ECF-2, ECF-1a<br \/>\nCummins CES 20086, CES 20081<br \/>\nDetroit Diesel DFS 93K222<br \/>\nDeutz DQC III-10 LA<br \/>\nMAN M 3575<br \/>\nMTU Type 2.1<br \/>\nRenault VI RLD-2, RLD<br \/>\nVolvo VDS-4, VDS-3, VDS-2<br \/>\nAPPROVALS<br \/>\nDeutz DQC III-18 LA<br \/>\nMack EOS-4.5<br \/>\nMAN M 3775<br \/>\nDTFR 15C100 (MB-228.31)<br \/>\nRenault VI RLD-3<br \/>\nVolvo VDS-4.5<\/p>\n","protected":false},"excerpt":{"rendered":"<p>Neste Turbo+ VPX 15W-40 zosta\u0142 opracowany specjalnie do nowoczesnych, wysokoobci\u0105\u017conych silnik\u00f3w wysokopr\u0119\u017cnych, kt\u00f3re spe\u0142niaj\u0105 wymagania ameryka\u0144skiej normy API CK-4 i europejskiej ACEA E9. Zosta\u0142 zaprojektowany, aby spe\u0142nia\u0107 wymagania dotycz\u0105ce olej\u00f3w silnikowych najnowszej i nowej generacji. Starannie dobrane surowce pozwalaj\u0105 na zastosowanie go w wi\u0119kszo\u015bci silnik\u00f3w Diesla. Neste Turbo+ VPX 15W-40 przekracza kryteria wydajno\u015bci API CK-4, [&hellip;]<\/p>\n","protected":false},"featured_media":722,"template":"","meta":{"_acf_changed":false},"product_brand":[44],"product_cat":[59],"product_tag":[],"class_list":{"0":"post-723","1":"product","2":"type-product","3":"status-publish","4":"has-post-thumbnail","6":"product_brand-neste","7":"product_cat-oleje-silnikowe","9":"first","10":"instock","11":"shipping-taxable","12":"purchasable","13":"product-type-simple"},"acf":[],"_links":{"self":[{"href":"https:\/\/syntaco.pl\/sklep\/wp-json\/wp\/v2\/product\/723","targetHints":{"allow":["GET"]}}],"collection":[{"href":"https:\/\/syntaco.pl\/sklep\/wp-json\/wp\/v2\/product"}],"about":[{"href":"https:\/\/syntaco.pl\/sklep\/wp-json\/wp\/v2\/types\/product"}],"wp:featuredmedia":[{"embeddable":true,"href":"https:\/\/syntaco.pl\/sklep\/wp-json\/wp\/v2\/media\/722"}],"wp:attachment":[{"href":"https:\/\/syntaco.pl\/sklep\/wp-json\/wp\/v2\/media?parent=723"}],"wp:term":[{"taxonomy":"product_brand","embeddable":true,"href":"https:\/\/syntaco.pl\/sklep\/wp-json\/wp\/v2\/product_brand?post=723"},{"taxonomy":"product_cat","embeddable":true,"href":"https:\/\/syntaco.pl\/sklep\/wp-json\/wp\/v2\/product_cat?post=723"},{"taxonomy":"product_tag","embeddable":true,"href":"https:\/\/syntaco.pl\/sklep\/wp-json\/wp\/v2\/product_tag?post=723"}],"curies":[{"name":"wp","href":"https:\/\/api.w.org\/{rel}","templated":true}]}}