{"id":717,"date":"2025-12-19T10:15:34","date_gmt":"2025-12-19T09:15:34","guid":{"rendered":"https:\/\/syntaco.artneo.pl\/produkt\/neste-turbo-nex-10w-40-200l\/"},"modified":"2026-03-28T08:30:26","modified_gmt":"2026-03-28T07:30:26","slug":"neste-turbo-nex-10w-40-200l","status":"publish","type":"product","link":"https:\/\/syntaco.pl\/sklep\/produkt\/neste-turbo-nex-10w-40-200l\/","title":{"rendered":"Neste Turbo+ NEX 10W-40 200L"},"content":{"rendered":"<p>Neste Turbo+ NEX 10W-40 zosta\u0142 opracowany specjalnie do nowoczesnych, wysokoobci\u0105\u017conych silnik\u00f3w wysokopr\u0119\u017cnych, kt\u00f3re spe\u0142niaj\u0105 wymagania ameryka\u0144skiej normy API CK-4 i europejskiej ACEA E9. Zosta\u0142 zaprojektowany, aby spe\u0142nia\u0107 wymagania dotycz\u0105ce olej\u00f3w silnikowych najnowszej i nowej generacji. Starannie dobrane surowce pozwalaj\u0105 na zastosowanie go w wi\u0119kszo\u015bci silnik\u00f3w Diesla, a tak\u017ce w silnikach benzynowych.<br \/>\nNeste Turbo+ NEX 10W-40 przekracza kryteria wydajno\u015bci API CK-4, CJ-4, CI-4 PLUS, CI-4 oraz ACEA E9 i E7. Przekracza tak\u017ce wymagania producent\u00f3w oryginalnego sprz\u0119tu (OEM), zapewniaj\u0105c wysok\u0105 wydajno\u015b\u0107 w ci\u0119\u017ckich zastosowaniach. Dodatkowo spe\u0142nia specyfikacj\u0119 silnika benzynowego API SN. Wszystko to sprawia, \u017ce \u200b\u200bNeste Turbo+ NEX 10W-40 jest uniwersalny w r\u00f3\u017cnych zastosowaniach.<br \/>\nJako olej silnikowy Mid SAPS b\u0119dzie on (popi\u00f3\u0142 siarczanowy, fosfor i siarka) zapewnia\u0142 trwa\u0142o\u015b\u0107 uk\u0142ad\u00f3w kontroli emisji spalin w urz\u0105dzeniach, w kt\u00f3rych stosowane s\u0105 filtry cz\u0105stek sta\u0142ych i inne zaawansowane uk\u0142ady oczyszczania spalin. Zapobiega blokowaniu filtr\u00f3w i pomaga w utrzymaniu sprawno\u015bci silnika.<br \/>\nNajwy\u017cszej jako\u015bci dodatki pomagaj\u0105 kontrolowa\u0107 powstawanie osad\u00f3w, utrzymuj\u0105 czysto\u015b\u0107 t\u0142ok\u00f3w i utrzymuj\u0105 silnik w czysto\u015bci. Daje to mniejsze zu\u017cycie oleju i zwi\u0119kszon\u0105 wydajno\u015b\u0107 silnika. Wysoka zawarto\u015b\u0107 TBN neutralizuje kwasy, zapobiega tworzeniu si\u0119 korozji i pomaga wyd\u0142u\u017cy\u0107 okresy mi\u0119dzy wymianami. Lepsze zapobieganie wzrostowi szlamu i sadzy zmniejsza wzrost lepko\u015bci oraz zapobiega g\u0119stnieniu oleju i zatykaniu filtra.<br \/>\nDoskona\u0142a stabilno\u015b\u0107 temperaturowa zwi\u0119ksza trwa\u0142o\u015b\u0107 smar\u00f3w w wysokich temperaturach i poprawia p\u0142ynno\u015b\u0107 w niskich temperaturach.<br \/>\nDobre dzia\u0142anie w niskich temperaturach poprawia zimny rozruch i utrzymuje w\u0142a\u015bciw\u0105 zdolno\u015b\u0107 smarowania i ochron\u0119 silnika, dop\u00f3ki silnik nie osi\u0105gnie temperatury roboczej. Dodatkowa wysoka odporno\u015b\u0107 na \u015bcinanie zapobiega utracie lepko\u015bci. Utrzymuje tak\u017ce pompowalno\u015b\u0107 zu\u017cytego oleju w niskich temperaturach.<br \/>\nNajwy\u017cszej jako\u015bci modyfikatory tarcia i \u015brodki przeciwzu\u017cyciowe chroni\u0105 silnik przed zu\u017cyciem, zmniejszaj\u0105 tarcie i zapewniaj\u0105 oszcz\u0119dno\u015b\u0107 paliwa.<br \/>\nNeste Turbo+ NEX 10W-40 o niskim stopniu utleniania wyd\u0142u\u017ca \u017cywotno\u015b\u0107 smaru i wyd\u0142u\u017ca okresy mi\u0119dzy wymianami. Dodatkowo pomaga chroni\u0107 przed powstawaniem kwas\u00f3w, szlam\u00f3w i lakier\u00f3w oraz g\u0119stnieniem oleju. Niska szybko\u015b\u0107 parowania dodatkowo pomaga zmniejszy\u0107 zu\u017cycie oleju, a og\u00f3lna czysto\u015b\u0107 silnika i zdolno\u015b\u0107 ochrony zmniejszaj\u0105 ca\u0142kowite koszty serwisu.<br \/>\nNeste Turbo NEX 10W-40 jest szczeg\u00f3lnie odpowiedni do najnowszych silnik\u00f3w wysokopr\u0119\u017cnych o du\u017cej obci\u0105\u017calno\u015bci, wyposa\u017conych w uk\u0142ady oczyszczania spalin i EGR. Nadaje si\u0119 r\u00f3wnie\u017c do starszych silnik\u00f3w wysokopr\u0119\u017cnych i silnik\u00f3w benzynowych samochod\u00f3w osobowych, kt\u00f3re wymagaj\u0105 olej\u00f3w silnikowych typu API SN. Prosz\u0119 sprawdzi\u0107 przydatno\u015b\u0107 swojego sprz\u0119tu zgodnie z o\u015bwiadczeniami dotycz\u0105cymi wydajno\u015bci i atestami zawartymi w tej karcie katalogowej produktu.<br \/>\nNadaje si\u0119 do zastosowa\u0144 poza drogami, w trudnych warunkach. Szczeg\u00f3lnie zalecany do g\u0105sienic wymagaj\u0105cych specyfikacji Cat ECF-3. Firma Caterpillar zaleca, aby w silnikach Caterpillar wyposa\u017conych w filtry DPF stosowano olej zgodny ze specyfikacj\u0105 Cat ECF-3.<br \/>\nNajlepszy wyb\u00f3r do zastosowa\u0144 na drogach. Neste Turbo NEX jest szczeg\u00f3lnie zalecany do silnik\u00f3w Diesla, gdzie wymagane s\u0105 oleje Volvo VDS-4.5. Sprawd\u017a instrukcj\u0119 obs\u0142ugi swojego samochodu pod k\u0105tem kompatybilno\u015bci.<br \/>\nW przypadku stosowania oleju API CK-4 z zawarto\u015bci\u0105 siarki powy\u017cej 15 ppm nale\u017cy skonsultowa\u0107 si\u0119 z producentem silnika w celu ustalenia cz\u0119stotliwo\u015bci serwisowania. Oleje API CK-4 zosta\u0142y opracowane do stosowania we wszystkich zastosowaniach z olejami nap\u0119dowymi o zawarto\u015bci siarki do 500 ppm. Paliwo o wysokiej zawarto\u015bci siarki mo\u017ce jednak wp\u0142ywa\u0107 na trwa\u0142o\u015b\u0107 uk\u0142adu oczyszczania spalin lub okresy mi\u0119dzy wymianami oleju.<br \/>\nCECHY I ZALETY<br \/>\n&#8211; Dobra wydajno\u015b\u0107 zimnego startu<br \/>\n&#8211; Korzy\u015bci w zakresie oszcz\u0119dno\u015bci paliwa<br \/>\n&#8211; D\u0142ugie okresy mi\u0119dzy wymianami<br \/>\n&#8211; Niska emisja<br \/>\nPERFORMANCE CLAIMS<br \/>\nAPI CK-4, CJ-4, CI-4 PLUS, CI-4\/SN<br \/>\nACEA E11\/E7, E9<br \/>\nJASO DH-2<br \/>\nCaterpillar ECF-3, ECF-2, ECF-1a<br \/>\nCummins CES 20086, CES 20081<br \/>\nDetroit Diesel DFS 93K222<br \/>\nMAN M 3575<br \/>\nRenault VI RLD-2, RLD<br \/>\nScania Low Ash<br \/>\nVolvo VDS-4, VDS-3, VDS-2<br \/>\nAPPROVALS<br \/>\nDQC III-18LA<br \/>\nMack EOS-4.5<br \/>\nMAN M 3775<br \/>\nMB-Approval 228.31<br \/>\nMTU 2.1<br \/>\nRenault VI RLD-3<br \/>\nVolvo VDS-4.5<\/p>\n","protected":false},"excerpt":{"rendered":"<p>Neste Turbo+ NEX 10W-40 zosta\u0142 opracowany specjalnie do nowoczesnych, wysokoobci\u0105\u017conych silnik\u00f3w wysokopr\u0119\u017cnych, kt\u00f3re spe\u0142niaj\u0105 wymagania ameryka\u0144skiej normy API CK-4 i europejskiej ACEA E9. Zosta\u0142 zaprojektowany, aby spe\u0142nia\u0107 wymagania dotycz\u0105ce olej\u00f3w silnikowych najnowszej i nowej generacji. Starannie dobrane surowce pozwalaj\u0105 na zastosowanie go w wi\u0119kszo\u015bci silnik\u00f3w Diesla, a tak\u017ce w silnikach benzynowych. Neste Turbo+ NEX 10W-40 [&hellip;]<\/p>\n","protected":false},"featured_media":716,"template":"","meta":{"_acf_changed":false},"product_brand":[44],"product_cat":[59],"product_tag":[],"class_list":{"0":"post-717","1":"product","2":"type-product","3":"status-publish","4":"has-post-thumbnail","6":"product_brand-neste","7":"product_cat-oleje-silnikowe","9":"first","10":"instock","11":"shipping-taxable","12":"purchasable","13":"product-type-simple"},"acf":[],"_links":{"self":[{"href":"https:\/\/syntaco.pl\/sklep\/wp-json\/wp\/v2\/product\/717","targetHints":{"allow":["GET"]}}],"collection":[{"href":"https:\/\/syntaco.pl\/sklep\/wp-json\/wp\/v2\/product"}],"about":[{"href":"https:\/\/syntaco.pl\/sklep\/wp-json\/wp\/v2\/types\/product"}],"wp:featuredmedia":[{"embeddable":true,"href":"https:\/\/syntaco.pl\/sklep\/wp-json\/wp\/v2\/media\/716"}],"wp:attachment":[{"href":"https:\/\/syntaco.pl\/sklep\/wp-json\/wp\/v2\/media?parent=717"}],"wp:term":[{"taxonomy":"product_brand","embeddable":true,"href":"https:\/\/syntaco.pl\/sklep\/wp-json\/wp\/v2\/product_brand?post=717"},{"taxonomy":"product_cat","embeddable":true,"href":"https:\/\/syntaco.pl\/sklep\/wp-json\/wp\/v2\/product_cat?post=717"},{"taxonomy":"product_tag","embeddable":true,"href":"https:\/\/syntaco.pl\/sklep\/wp-json\/wp\/v2\/product_tag?post=717"}],"curies":[{"name":"wp","href":"https:\/\/api.w.org\/{rel}","templated":true}]}}