{"id":705,"date":"2025-12-19T10:15:24","date_gmt":"2025-12-19T09:15:24","guid":{"rendered":"https:\/\/syntaco.artneo.pl\/produkt\/nsl-autogear-power-mp-85w-90-20l\/"},"modified":"2026-04-15T09:41:19","modified_gmt":"2026-04-15T07:41:19","slug":"nsl-autogear-power-mp-85w-90-20l","status":"publish","type":"product","link":"https:\/\/syntaco.pl\/sklep\/produkt\/nsl-autogear-power-mp-85w-90-20l\/","title":{"rendered":"NSL AUTOGEAR POWER MP 85W-90 20L"},"content":{"rendered":"<p>AUTOGEAR POWER MP 85W-90 to wysokowydajny olej przek\u0142adniowy do stosowania w wysokoobci\u0105\u017conych manualnych skrzyniach bieg\u00f3w i nap\u0119dach osi pojazd\u00f3w u\u017cytkowych i samochod\u00f3w osobowych.<br \/>\nSpe\u0142nia specyfikacje: API: GL-5 MB 235.0 MIL-L-2105D MAN 342 M1<br \/>\nVolvo 97310 Volvo 97316 Voith 3.325-339 ZF TE-ML 07A, 08, 16B\/C\/D, 17B, 19B, 21A<\/p>\n","protected":false},"excerpt":{"rendered":"<p>AUTOGEAR POWER MP 85W-90 to wysokowydajny olej przek\u0142adniowy do stosowania w wysokoobci\u0105\u017conych manualnych skrzyniach bieg\u00f3w i nap\u0119dach osi pojazd\u00f3w u\u017cytkowych i samochod\u00f3w osobowych. Spe\u0142nia specyfikacje: API: GL-5 MB 235.0 MIL-L-2105D MAN 342 M1 Volvo 97310 Volvo 97316 Voith 3.325-339 ZF TE-ML 07A, 08, 16B\/C\/D, 17B, 19B, 21A<\/p>\n","protected":false},"featured_media":704,"template":"","meta":{"_acf_changed":false},"product_brand":[47],"product_cat":[36,30],"product_tag":[],"class_list":{"0":"post-705","1":"product","2":"type-product","3":"status-publish","4":"has-post-thumbnail","6":"product_brand-nsl","7":"product_cat-oleje-przekladniowe","8":"product_cat-produkty","10":"first","11":"instock","12":"shipping-taxable","13":"purchasable","14":"product-type-simple"},"acf":[],"_links":{"self":[{"href":"https:\/\/syntaco.pl\/sklep\/wp-json\/wp\/v2\/product\/705","targetHints":{"allow":["GET"]}}],"collection":[{"href":"https:\/\/syntaco.pl\/sklep\/wp-json\/wp\/v2\/product"}],"about":[{"href":"https:\/\/syntaco.pl\/sklep\/wp-json\/wp\/v2\/types\/product"}],"wp:featuredmedia":[{"embeddable":true,"href":"https:\/\/syntaco.pl\/sklep\/wp-json\/wp\/v2\/media\/704"}],"wp:attachment":[{"href":"https:\/\/syntaco.pl\/sklep\/wp-json\/wp\/v2\/media?parent=705"}],"wp:term":[{"taxonomy":"product_brand","embeddable":true,"href":"https:\/\/syntaco.pl\/sklep\/wp-json\/wp\/v2\/product_brand?post=705"},{"taxonomy":"product_cat","embeddable":true,"href":"https:\/\/syntaco.pl\/sklep\/wp-json\/wp\/v2\/product_cat?post=705"},{"taxonomy":"product_tag","embeddable":true,"href":"https:\/\/syntaco.pl\/sklep\/wp-json\/wp\/v2\/product_tag?post=705"}],"curies":[{"name":"wp","href":"https:\/\/api.w.org\/{rel}","templated":true}]}}