{"id":701,"date":"2025-12-19T10:15:19","date_gmt":"2025-12-19T09:15:19","guid":{"rendered":"https:\/\/syntaco.artneo.pl\/produkt\/nissan-10w-40-sl-cf-5l-oem-90099942\/"},"modified":"2026-03-09T16:31:33","modified_gmt":"2026-03-09T15:31:33","slug":"nissan-10w-40-sl-cf-5l-oem-90099942","status":"publish","type":"product","link":"https:\/\/syntaco.pl\/sklep\/produkt\/nissan-10w-40-sl-cf-5l-oem-90099942\/","title":{"rendered":"NISSAN 10W-40 SL\/CF 5L OEM 90099942"},"content":{"rendered":"<p>Olej zalecany do silnik\u00f3w benzynowych, wysokopr\u0119\u017cnych. Zaprojektowany do uzytku w trudnych warunkach jazdy. Posiada odporno\u015b\u0107 na utlenianie.<\/p>\n","protected":false},"excerpt":{"rendered":"<p>Olej zalecany do silnik\u00f3w benzynowych, wysokopr\u0119\u017cnych. Zaprojektowany do uzytku w trudnych warunkach jazdy. Posiada odporno\u015b\u0107 na utlenianie.<\/p>\n","protected":false},"featured_media":700,"template":"","meta":{"_acf_changed":false},"product_brand":[46],"product_cat":[59],"product_tag":[],"class_list":{"0":"post-701","1":"product","2":"type-product","3":"status-publish","4":"has-post-thumbnail","6":"product_brand-nissan","7":"product_cat-oleje-silnikowe","9":"first","10":"instock","11":"shipping-taxable","12":"purchasable","13":"product-type-simple"},"acf":[],"_links":{"self":[{"href":"https:\/\/syntaco.pl\/sklep\/wp-json\/wp\/v2\/product\/701","targetHints":{"allow":["GET"]}}],"collection":[{"href":"https:\/\/syntaco.pl\/sklep\/wp-json\/wp\/v2\/product"}],"about":[{"href":"https:\/\/syntaco.pl\/sklep\/wp-json\/wp\/v2\/types\/product"}],"wp:featuredmedia":[{"embeddable":true,"href":"https:\/\/syntaco.pl\/sklep\/wp-json\/wp\/v2\/media\/700"}],"wp:attachment":[{"href":"https:\/\/syntaco.pl\/sklep\/wp-json\/wp\/v2\/media?parent=701"}],"wp:term":[{"taxonomy":"product_brand","embeddable":true,"href":"https:\/\/syntaco.pl\/sklep\/wp-json\/wp\/v2\/product_brand?post=701"},{"taxonomy":"product_cat","embeddable":true,"href":"https:\/\/syntaco.pl\/sklep\/wp-json\/wp\/v2\/product_cat?post=701"},{"taxonomy":"product_tag","embeddable":true,"href":"https:\/\/syntaco.pl\/sklep\/wp-json\/wp\/v2\/product_tag?post=701"}],"curies":[{"name":"wp","href":"https:\/\/api.w.org\/{rel}","templated":true}]}}