{"id":699,"date":"2025-12-19T10:15:17","date_gmt":"2025-12-19T09:15:17","guid":{"rendered":"https:\/\/syntaco.artneo.pl\/produkt\/nsl-chainsaw-power-150-20l\/"},"modified":"2026-04-15T09:41:16","modified_gmt":"2026-04-15T07:41:16","slug":"nsl-chainsaw-power-150-20l","status":"publish","type":"product","link":"https:\/\/syntaco.pl\/sklep\/produkt\/nsl-chainsaw-power-150-20l\/","title":{"rendered":"NSL CHAINSAW POWER 150 20L"},"content":{"rendered":"<p>CHAINSAW POWER 150 to wysokiej jako\u015bci olej opracowany specjalnie do smarowania \u0142a\u0144cuch\u00f3w pilarek \u0142a\u0144cuchowych.<\/p>\n","protected":false},"excerpt":{"rendered":"<p>CHAINSAW POWER 150 to wysokiej jako\u015bci olej opracowany specjalnie do smarowania \u0142a\u0144cuch\u00f3w pilarek \u0142a\u0144cuchowych.<\/p>\n","protected":false},"featured_media":698,"template":"","meta":{"_acf_changed":false},"product_brand":[47],"product_cat":[39,30],"product_tag":[],"class_list":{"0":"post-699","1":"product","2":"type-product","3":"status-publish","4":"has-post-thumbnail","6":"product_brand-nsl","7":"product_cat-oleje-rolnicze","8":"product_cat-produkty","10":"first","11":"instock","12":"shipping-taxable","13":"purchasable","14":"product-type-simple"},"acf":[],"_links":{"self":[{"href":"https:\/\/syntaco.pl\/sklep\/wp-json\/wp\/v2\/product\/699","targetHints":{"allow":["GET"]}}],"collection":[{"href":"https:\/\/syntaco.pl\/sklep\/wp-json\/wp\/v2\/product"}],"about":[{"href":"https:\/\/syntaco.pl\/sklep\/wp-json\/wp\/v2\/types\/product"}],"wp:featuredmedia":[{"embeddable":true,"href":"https:\/\/syntaco.pl\/sklep\/wp-json\/wp\/v2\/media\/698"}],"wp:attachment":[{"href":"https:\/\/syntaco.pl\/sklep\/wp-json\/wp\/v2\/media?parent=699"}],"wp:term":[{"taxonomy":"product_brand","embeddable":true,"href":"https:\/\/syntaco.pl\/sklep\/wp-json\/wp\/v2\/product_brand?post=699"},{"taxonomy":"product_cat","embeddable":true,"href":"https:\/\/syntaco.pl\/sklep\/wp-json\/wp\/v2\/product_cat?post=699"},{"taxonomy":"product_tag","embeddable":true,"href":"https:\/\/syntaco.pl\/sklep\/wp-json\/wp\/v2\/product_tag?post=699"}],"curies":[{"name":"wp","href":"https:\/\/api.w.org\/{rel}","templated":true}]}}