{"id":685,"date":"2025-12-19T10:14:58","date_gmt":"2025-12-19T09:14:58","guid":{"rendered":"https:\/\/syntaco.artneo.pl\/produkt\/nsl-gear-power-to-4-30-20l\/"},"modified":"2026-04-15T09:41:12","modified_gmt":"2026-04-15T07:41:12","slug":"nsl-gear-power-to-4-30-20l","status":"publish","type":"product","link":"https:\/\/syntaco.pl\/sklep\/produkt\/nsl-gear-power-to-4-30-20l\/","title":{"rendered":"NSL GEAR POWER TO-4 30 20L"},"content":{"rendered":"<p>Zaawansowany olej hydrauliczno-przek\u0142adniowy spe\u0142niaj\u0105cy specyfikacje: Caterpillar TO-4, Komatsu KES 07.868.1, Allison C4<br \/>\nAPI CF-2\/CF, ZF TE-ML 03C, Komatsu Dresser,<br \/>\nDANA Powershift transmissions, ZF TE-ML 07F<br \/>\nGEAR POWER TO-4 30 zosta\u0142 specjalnie zaprojektowany do przek\u0142adni typu Powershift, przek\u0142adni g\u0142\u00f3wnych i mokrych hamulc\u00f3w w ci\u0119\u017ckim sprz\u0119cie terenowym u\u017cywanym do rob\u00f3t ziemnych, wyr\u0119bu g\u00f3rniczego, transportu drogowego i zastosowa\u0144 rolniczych.<\/p>\n","protected":false},"excerpt":{"rendered":"<p>Zaawansowany olej hydrauliczno-przek\u0142adniowy spe\u0142niaj\u0105cy specyfikacje: Caterpillar TO-4, Komatsu KES 07.868.1, Allison C4 API CF-2\/CF, ZF TE-ML 03C, Komatsu Dresser, DANA Powershift transmissions, ZF TE-ML 07F GEAR POWER TO-4 30 zosta\u0142 specjalnie zaprojektowany do przek\u0142adni typu Powershift, przek\u0142adni g\u0142\u00f3wnych i mokrych hamulc\u00f3w w ci\u0119\u017ckim sprz\u0119cie terenowym u\u017cywanym do rob\u00f3t ziemnych, wyr\u0119bu g\u00f3rniczego, transportu drogowego i zastosowa\u0144 [&hellip;]<\/p>\n","protected":false},"featured_media":684,"template":"","meta":{"_acf_changed":false},"product_brand":[47],"product_cat":[39,30],"product_tag":[],"class_list":{"0":"post-685","1":"product","2":"type-product","3":"status-publish","4":"has-post-thumbnail","6":"product_brand-nsl","7":"product_cat-oleje-rolnicze","8":"product_cat-produkty","10":"first","11":"instock","12":"shipping-taxable","13":"purchasable","14":"product-type-simple"},"acf":[],"_links":{"self":[{"href":"https:\/\/syntaco.pl\/sklep\/wp-json\/wp\/v2\/product\/685","targetHints":{"allow":["GET"]}}],"collection":[{"href":"https:\/\/syntaco.pl\/sklep\/wp-json\/wp\/v2\/product"}],"about":[{"href":"https:\/\/syntaco.pl\/sklep\/wp-json\/wp\/v2\/types\/product"}],"wp:featuredmedia":[{"embeddable":true,"href":"https:\/\/syntaco.pl\/sklep\/wp-json\/wp\/v2\/media\/684"}],"wp:attachment":[{"href":"https:\/\/syntaco.pl\/sklep\/wp-json\/wp\/v2\/media?parent=685"}],"wp:term":[{"taxonomy":"product_brand","embeddable":true,"href":"https:\/\/syntaco.pl\/sklep\/wp-json\/wp\/v2\/product_brand?post=685"},{"taxonomy":"product_cat","embeddable":true,"href":"https:\/\/syntaco.pl\/sklep\/wp-json\/wp\/v2\/product_cat?post=685"},{"taxonomy":"product_tag","embeddable":true,"href":"https:\/\/syntaco.pl\/sklep\/wp-json\/wp\/v2\/product_tag?post=685"}],"curies":[{"name":"wp","href":"https:\/\/api.w.org\/{rel}","templated":true}]}}